{"id":139,"date":"2025-08-29T16:02:59","date_gmt":"2025-08-29T16:02:59","guid":{"rendered":"https:\/\/alibre.ee\/?page_id=139"},"modified":"2025-09-17T09:43:24","modified_gmt":"2025-09-17T09:43:24","slug":"riistvara-ja-tarkvaranouded","status":"publish","type":"page","link":"https:\/\/alibre.ee\/en\/riistvara-ja-tarkvaranouded\/","title":{"rendered":"Hardware and software requirements"},"content":{"rendered":"<p><\/p>\n\n\n\n<h2 class=\"wp-block-heading\">Hardware and software requirements<\/h2>\n\n\n\n<p><\/p>\n\n\n\n<div class=\"wp-block-columns is-not-stacked-on-mobile is-layout-flex wp-container-core-columns-is-layout-28f84493 wp-block-columns-is-layout-flex\">\n<div class=\"wp-block-column has-border-color has-palette-color-5-background-color has-background is-layout-flow wp-container-core-column-is-layout-92c44e9e wp-block-column-is-layout-flow\" style=\"border-color:#e2e2e2;border-width:3px;border-radius:10px;padding-top:0;padding-bottom:0\">\n<p class=\"has-text-align-left custom-test has-background has-medium-font-size\" style=\"border-radius:0px;background-color:#e2e2e2;margin-top:0;margin-right:0;margin-bottom:0;margin-left:0;font-style:normal;font-weight:600;line-height:0;text-transform:uppercase\">Hardware<\/p>\n\n\n\n<figure class=\"wp-block-table is-style-regular\" style=\"font-style:normal;font-weight:400\"><table class=\"has-palette-color-8-background-color has-background has-fixed-layout\"><tbody><tr><td><\/td><td class=\"has-text-align-center\" data-align=\"center\"><strong>Minimum<\/strong><\/td><td class=\"has-text-align-center\" data-align=\"center\"><strong>Recommended<\/strong><\/td><\/tr><tr><td><strong>Processor<\/strong><\/td><td class=\"has-text-align-center\" data-align=\"center\">Windows 7<\/td><td class=\"has-text-align-center\" data-align=\"center\">Windows 10\/11<\/td><\/tr><tr><td><strong>Storage<\/strong><\/td><td class=\"has-text-align-center\" data-align=\"center\">1 GB HDD<\/td><td class=\"has-text-align-center\" data-align=\"center\">1+ GB SSD<\/td><\/tr><tr><td><strong>RAM<\/strong><\/td><td class=\"has-text-align-center\" data-align=\"center\">8 GB<\/td><td class=\"has-text-align-center\" data-align=\"center\">16 GB<\/td><\/tr><tr><td><strong>Graphics card<\/strong><\/td><td class=\"has-text-align-center\" data-align=\"center\">DirectX 11 support<\/td><td class=\"has-text-align-center\" data-align=\"center\">DirectX 11 support<\/td><\/tr><\/tbody><\/table><\/figure>\n<\/div>\n<\/div>\n\n\n\n<div class=\"wp-block-columns is-not-stacked-on-mobile is-layout-flex wp-container-core-columns-is-layout-28f84493 wp-block-columns-is-layout-flex\">\n<div class=\"wp-block-column has-border-color has-palette-color-5-background-color has-background is-layout-flow wp-container-core-column-is-layout-92c44e9e wp-block-column-is-layout-flow\" style=\"border-color:#e2e2e2;border-width:3px;border-radius:10px;padding-top:0;padding-bottom:0\">\n<p class=\"has-text-align-left custom-test has-background has-medium-font-size\" style=\"border-radius:0px;background-color:#e2e2e2;margin-top:0;margin-right:0;margin-bottom:0;margin-left:0;font-style:normal;font-weight:600;line-height:0;text-transform:uppercase\">Software<\/p>\n\n\n\n<figure class=\"wp-block-table is-style-regular\" style=\"font-style:normal;font-weight:400\"><table class=\"has-palette-color-8-background-color has-background has-fixed-layout\"><tbody><tr><td><strong>Operating system<\/strong><\/td><td class=\"has-text-align-center\" data-align=\"center\">Windows 7<\/td><td class=\"has-text-align-center\" data-align=\"center\">Windows 10\/11<\/td><\/tr><tr><td><strong>Internet<\/strong><\/td><td class=\"has-text-align-center\" data-align=\"center\">Required for 1st activation and approximately monthly thereafter, or when you activate the license on a different computer.<\/td><td class=\"has-text-align-center\" data-align=\"center\">Required for 1st activation and approximately monthly thereafter, or when you activate the license on a different computer.<\/td><\/tr><\/tbody><\/table><\/figure>\n<\/div>\n<\/div>\n\n\n\n<div style=\"height:100px\" aria-hidden=\"true\" class=\"wp-block-spacer\"><\/div>","protected":false},"excerpt":{"rendered":"<p>Riistvara- ja tarkvaran\u00f5uded Riistvara Miinimum Soovitatav Protsessor Windows 7 Windows 10\/11 Salvestusruum 1 GB HDD 1+ GB SSD Vahem\u00e4lu (RAM) 8 GB 16 GB Videokaart DirectX 11 toega DirectX 11 toega Tarkvara Operatsioonis\u00fcsteem Windows 7 Windows 10\/11 Internet N\u00f5utav esimesel aktiveerimisel ja seej\u00e4rel umbes kord kuus v\u00f5i litsentsi aktiveerimisel teises arvutis. N\u00f5utav esimesel aktiveerimisel ja [&hellip;]<\/p>","protected":false},"author":1,"featured_media":0,"parent":0,"menu_order":0,"comment_status":"closed","ping_status":"closed","template":"","meta":{"footnotes":""},"class_list":["post-139","page","type-page","status-publish","hentry"],"blocksy_meta":{"has_hero_section":"disabled","styles_descriptor":{"styles":{"desktop":"","tablet":"","mobile":""},"google_fonts":[],"version":6}},"yoast_head":"<!-- This site is optimized with the Yoast SEO plugin v27.0 - https:\/\/yoast.com\/product\/yoast-seo-wordpress\/ -->\n<title>Riistvara- ja tarkvaran\u00f5uded - alibre.ee<\/title>\n<meta name=\"robots\" content=\"index, follow, max-snippet:-1, max-image-preview:large, max-video-preview:-1\" \/>\n<link rel=\"canonical\" href=\"https:\/\/alibre.ee\/en\/riistvara-ja-tarkvaranouded\/\" \/>\n<meta property=\"og:locale\" content=\"en_US\" \/>\n<meta property=\"og:type\" content=\"article\" \/>\n<meta property=\"og:title\" content=\"Riistvara- ja tarkvaran\u00f5uded - alibre.ee\" \/>\n<meta property=\"og:description\" content=\"Riistvara- ja tarkvaran\u00f5uded Riistvara Miinimum Soovitatav Protsessor Windows 7 Windows 10\/11 Salvestusruum 1 GB HDD 1+ GB SSD Vahem\u00e4lu (RAM) 8 GB 16 GB Videokaart DirectX 11 toega DirectX 11 toega Tarkvara Operatsioonis\u00fcsteem Windows 7 Windows 10\/11 Internet N\u00f5utav esimesel aktiveerimisel ja seej\u00e4rel umbes kord kuus v\u00f5i litsentsi aktiveerimisel teises arvutis. N\u00f5utav esimesel aktiveerimisel ja [&hellip;]\" \/>\n<meta property=\"og:url\" content=\"https:\/\/alibre.ee\/en\/riistvara-ja-tarkvaranouded\/\" \/>\n<meta property=\"og:site_name\" content=\"alibre.ee\" \/>\n<meta property=\"article:modified_time\" content=\"2025-09-17T09:43:24+00:00\" \/>\n<meta property=\"og:image\" content=\"https:\/\/alibre.ee\/wp-content\/uploads\/2025\/09\/assembly.webp\" \/>\n\t<meta property=\"og:image:width\" content=\"800\" \/>\n\t<meta property=\"og:image:height\" content=\"533\" \/>\n\t<meta property=\"og:image:type\" content=\"image\/webp\" \/>\n<meta name=\"twitter:card\" content=\"summary_large_image\" \/>\n<script type=\"application\/ld+json\" class=\"yoast-schema-graph\">{\"@context\":\"https:\/\/schema.org\",\"@graph\":[{\"@type\":\"WebPage\",\"@id\":\"https:\/\/alibre.ee\/riistvara-ja-tarkvaranouded\/\",\"url\":\"https:\/\/alibre.ee\/riistvara-ja-tarkvaranouded\/\",\"name\":\"Riistvara- ja tarkvaran\u00f5uded - alibre.ee\",\"isPartOf\":{\"@id\":\"https:\/\/alibre.ee\/#website\"},\"datePublished\":\"2025-08-29T16:02:59+00:00\",\"dateModified\":\"2025-09-17T09:43:24+00:00\",\"breadcrumb\":{\"@id\":\"https:\/\/alibre.ee\/riistvara-ja-tarkvaranouded\/#breadcrumb\"},\"inLanguage\":\"en-US\",\"potentialAction\":[{\"@type\":\"ReadAction\",\"target\":[\"https:\/\/alibre.ee\/riistvara-ja-tarkvaranouded\/\"]}]},{\"@type\":\"BreadcrumbList\",\"@id\":\"https:\/\/alibre.ee\/riistvara-ja-tarkvaranouded\/#breadcrumb\",\"itemListElement\":[{\"@type\":\"ListItem\",\"position\":1,\"name\":\"Home\",\"item\":\"https:\/\/alibre.ee\/\"},{\"@type\":\"ListItem\",\"position\":2,\"name\":\"Riistvara- ja tarkvaran\u00f5uded\"}]},{\"@type\":\"WebSite\",\"@id\":\"https:\/\/alibre.ee\/#website\",\"url\":\"https:\/\/alibre.ee\/\",\"name\":\"Alibre Eesti\",\"description\":\"Taskukohase hinnaga CAD\",\"publisher\":{\"@id\":\"https:\/\/alibre.ee\/#organization\"},\"alternateName\":\"alibre\",\"potentialAction\":[{\"@type\":\"SearchAction\",\"target\":{\"@type\":\"EntryPoint\",\"urlTemplate\":\"https:\/\/alibre.ee\/?s={search_term_string}\"},\"query-input\":{\"@type\":\"PropertyValueSpecification\",\"valueRequired\":true,\"valueName\":\"search_term_string\"}}],\"inLanguage\":\"en-US\"},{\"@type\":\"Organization\",\"@id\":\"https:\/\/alibre.ee\/#organization\",\"name\":\"Alibre CAD Eesti\",\"url\":\"https:\/\/alibre.ee\/\",\"logo\":{\"@type\":\"ImageObject\",\"inLanguage\":\"en-US\",\"@id\":\"https:\/\/alibre.ee\/#\/schema\/logo\/image\/\",\"url\":\"https:\/\/alibre.ee\/wp-content\/uploads\/2025\/08\/Alibre-Logo-forum.svg\",\"contentUrl\":\"https:\/\/alibre.ee\/wp-content\/uploads\/2025\/08\/Alibre-Logo-forum.svg\",\"width\":180,\"height\":64,\"caption\":\"Alibre CAD Eesti\"},\"image\":{\"@id\":\"https:\/\/alibre.ee\/#\/schema\/logo\/image\/\"}}]}<\/script>\n<!-- \/ Yoast SEO plugin. -->","yoast_head_json":{"title":"Riistvara- ja tarkvaran\u00f5uded - alibre.ee","robots":{"index":"index","follow":"follow","max-snippet":"max-snippet:-1","max-image-preview":"max-image-preview:large","max-video-preview":"max-video-preview:-1"},"canonical":"https:\/\/alibre.ee\/en\/riistvara-ja-tarkvaranouded\/","og_locale":"en_US","og_type":"article","og_title":"Riistvara- ja tarkvaran\u00f5uded - alibre.ee","og_description":"Riistvara- ja tarkvaran\u00f5uded Riistvara Miinimum Soovitatav Protsessor Windows 7 Windows 10\/11 Salvestusruum 1 GB HDD 1+ GB SSD Vahem\u00e4lu (RAM) 8 GB 16 GB Videokaart DirectX 11 toega DirectX 11 toega Tarkvara Operatsioonis\u00fcsteem Windows 7 Windows 10\/11 Internet N\u00f5utav esimesel aktiveerimisel ja seej\u00e4rel umbes kord kuus v\u00f5i litsentsi aktiveerimisel teises arvutis. N\u00f5utav esimesel aktiveerimisel ja [&hellip;]","og_url":"https:\/\/alibre.ee\/en\/riistvara-ja-tarkvaranouded\/","og_site_name":"alibre.ee","article_modified_time":"2025-09-17T09:43:24+00:00","og_image":[{"width":800,"height":533,"url":"https:\/\/alibre.ee\/wp-content\/uploads\/2025\/09\/assembly.webp","type":"image\/webp"}],"twitter_card":"summary_large_image","schema":{"@context":"https:\/\/schema.org","@graph":[{"@type":"WebPage","@id":"https:\/\/alibre.ee\/riistvara-ja-tarkvaranouded\/","url":"https:\/\/alibre.ee\/riistvara-ja-tarkvaranouded\/","name":"Riistvara- ja tarkvaran\u00f5uded - alibre.ee","isPartOf":{"@id":"https:\/\/alibre.ee\/#website"},"datePublished":"2025-08-29T16:02:59+00:00","dateModified":"2025-09-17T09:43:24+00:00","breadcrumb":{"@id":"https:\/\/alibre.ee\/riistvara-ja-tarkvaranouded\/#breadcrumb"},"inLanguage":"en-US","potentialAction":[{"@type":"ReadAction","target":["https:\/\/alibre.ee\/riistvara-ja-tarkvaranouded\/"]}]},{"@type":"BreadcrumbList","@id":"https:\/\/alibre.ee\/riistvara-ja-tarkvaranouded\/#breadcrumb","itemListElement":[{"@type":"ListItem","position":1,"name":"Home","item":"https:\/\/alibre.ee\/"},{"@type":"ListItem","position":2,"name":"Riistvara- ja tarkvaran\u00f5uded"}]},{"@type":"WebSite","@id":"https:\/\/alibre.ee\/#website","url":"https:\/\/alibre.ee\/","name":"Alibre Eesti","description":"Taskukohase hinnaga CAD","publisher":{"@id":"https:\/\/alibre.ee\/#organization"},"alternateName":"alibre","potentialAction":[{"@type":"SearchAction","target":{"@type":"EntryPoint","urlTemplate":"https:\/\/alibre.ee\/?s={search_term_string}"},"query-input":{"@type":"PropertyValueSpecification","valueRequired":true,"valueName":"search_term_string"}}],"inLanguage":"en-US"},{"@type":"Organization","@id":"https:\/\/alibre.ee\/#organization","name":"Alibre CAD Eesti","url":"https:\/\/alibre.ee\/","logo":{"@type":"ImageObject","inLanguage":"en-US","@id":"https:\/\/alibre.ee\/#\/schema\/logo\/image\/","url":"https:\/\/alibre.ee\/wp-content\/uploads\/2025\/08\/Alibre-Logo-forum.svg","contentUrl":"https:\/\/alibre.ee\/wp-content\/uploads\/2025\/08\/Alibre-Logo-forum.svg","width":180,"height":64,"caption":"Alibre CAD Eesti"},"image":{"@id":"https:\/\/alibre.ee\/#\/schema\/logo\/image\/"}}]}},"_links":{"self":[{"href":"https:\/\/alibre.ee\/en\/wp-json\/wp\/v2\/pages\/139","targetHints":{"allow":["GET"]}}],"collection":[{"href":"https:\/\/alibre.ee\/en\/wp-json\/wp\/v2\/pages"}],"about":[{"href":"https:\/\/alibre.ee\/en\/wp-json\/wp\/v2\/types\/page"}],"author":[{"embeddable":true,"href":"https:\/\/alibre.ee\/en\/wp-json\/wp\/v2\/users\/1"}],"replies":[{"embeddable":true,"href":"https:\/\/alibre.ee\/en\/wp-json\/wp\/v2\/comments?post=139"}],"version-history":[{"count":9,"href":"https:\/\/alibre.ee\/en\/wp-json\/wp\/v2\/pages\/139\/revisions"}],"predecessor-version":[{"id":728,"href":"https:\/\/alibre.ee\/en\/wp-json\/wp\/v2\/pages\/139\/revisions\/728"}],"wp:attachment":[{"href":"https:\/\/alibre.ee\/en\/wp-json\/wp\/v2\/media?parent=139"}],"curies":[{"name":"wp","href":"https:\/\/api.w.org\/{rel}","templated":true}]}}