{"id":290,"date":"2025-08-31T13:37:10","date_gmt":"2025-08-31T13:37:10","guid":{"rendered":"https:\/\/alibre.ee\/?page_id=290"},"modified":"2025-10-05T18:31:34","modified_gmt":"2025-10-05T18:31:34","slug":"tasuta-prooviversioon","status":"publish","type":"page","link":"https:\/\/alibre.ee\/en\/tasuta-prooviversioon\/","title":{"rendered":"Tasuta Prooviversioon"},"content":{"rendered":"<div class=\"wp-block-group alignfull has-background is-layout-constrained wp-block-group-is-layout-constrained\" style=\"background-color:#101010;margin-top:0;margin-bottom:0;padding-top:3.2rem;padding-bottom:3.2rem\">\n<div class=\"wp-block-columns are-vertically-aligned-center is-layout-flex wp-container-core-columns-is-layout-13aab257 wp-block-columns-is-layout-flex\" style=\"border-bottom-style:none;border-bottom-width:0px;margin-bottom:3.7rem;padding-bottom:0rem\">\n<div class=\"wp-block-column is-vertically-aligned-center is-layout-flow wp-block-column-is-layout-flow\" style=\"flex-basis:55%\">\n<h1 class=\"wp-block-heading has-palette-color-8-color has-text-color has-link-color wp-elements-3d86555c48b36050580fa74dd994e6c5\">Efficient, Powerful, And Cost-Effective 3D CAD<\/h1>\n\n\n\n<p class=\"has-white-color has-text-color has-link-color has-medium-font-size wp-elements-00777265898935165670e7368220d923\" style=\"margin-bottom:50px\">Whether you\u2019re a global team or a 1-person shop, get your designs, patents, and manufacturing finished with Alibre Design.<br><br><strong>\u2713 Ostetud litsents kuulub sinule igavesti<br>\u2713 Hoia andmeid oma arvutis v\u00f5i kohalikus serveris<br>\u2713 No mandatory monthly fees<br>\u2713 Work fully offline<br>\u2713 No required upgrades<\/strong><br><strong>\u2713 Lihtne \u00fcleminek tulles teistelt programmidelt<\/strong><\/p>\n<\/div>\n\n\n\n<div class=\"wp-block-column is-vertically-aligned-center is-layout-flow wp-block-column-is-layout-flow\">\n<div class=\"wp-block-columns is-layout-flex wp-container-core-columns-is-layout-28f84493 wp-block-columns-is-layout-flex\">\n<div class=\"wp-block-column has-palette-color-8-background-color has-background is-layout-flow wp-block-column-is-layout-flow\" style=\"border-radius:5px;padding-top:var(--wp--preset--spacing--60);padding-right:var(--wp--preset--spacing--40);padding-bottom:var(--wp--preset--spacing--60);padding-left:var(--wp--preset--spacing--40)\"><div class='fluentform ff-inherit-theme-style fluentform_wrapper_3  ff_guten_block ff_guten_block-3'><form data-form_id=\"3\" id=\"fluentform_3\" class=\"frm-fluent-form fluent_form_3 ff-el-form-top ff_form_instance_3_1 ff-form-loading ffs_inherit_theme\" data-form_instance=\"ff_form_instance_3_1\" method=\"POST\" action=\"\" ><fieldset  style=\"border: none!important;margin: 0!important;padding: 0!important;background-color: transparent!important;box-shadow: none!important;outline: none!important; min-inline-size: 100%;\">\n                    <legend class=\"ff_screen_reader_title\" style=\"display: block; margin: 0!important;padding: 0!important;height: 0!important;text-indent: -999999px;width: 0!important;overflow:hidden;\">TrialForm<\/legend><input type='hidden' name='__fluent_form_embded_post_id' value='290' \/><input type=\"hidden\" id=\"_fluentform_3_fluentformnonce\" name=\"_fluentform_3_fluentformnonce\" value=\"523d7de1a0\" \/><input type=\"hidden\" name=\"_wp_http_referer\" value=\"\/en\/wp-json\/wp\/v2\/pages\/290\" \/><div class='ff-el-group'><div class=\"ff-el-input--label ff-el-is-required asterisk-right\"><label for='ff_3_input_text' id='label_ff_3_input_text' aria-label=\"Nimi\/Ettev\u00f5tte nimi\">Nimi\/Ettev\u00f5tte nimi<\/label><\/div><div class='ff-el-input--content'><input type=\"text\" name=\"input_text\" class=\"ff-el-form-control\" data-name=\"input_text\" id=\"ff_3_input_text\"  aria-invalid=\"false\" aria-required=\"true\"><\/div><\/div><div class='ff-el-group'><div class=\"ff-el-input--label ff-el-is-required asterisk-right\"><label for='ff_3_email' id='label_ff_3_email' aria-label=\"Email\">Email<\/label><\/div><div class='ff-el-input--content'><input type=\"email\" name=\"email\" id=\"ff_3_email\" class=\"ff-el-form-control\" placeholder=\" Email address\" data-name=\"email\"  aria-invalid=\"false\" aria-required=\"true\"><\/div><\/div><div class='ff-el-group'><div class=\"ff-el-input--label asterisk-right\"><label for='ff_3_numeric_field' id='label_ff_3_numeric_field' aria-label=\"Phone number\">Phone number<\/label><\/div><div class='ff-el-input--content'><input type=\"number\" name=\"numeric_field\" id=\"ff_3_numeric_field\" class=\"ff-el-form-control\" placeholder=\"372 55 555 555\" data-name=\"numeric_field\" inputmode=\"numeric\" step=\"any\"  aria-invalid=\"false\" aria-required=\"false\"><\/div><\/div><div class='ff-el-group ff-text-center ff_submit_btn_wrapper'><button type=\"submit\" class=\"ff-btn ff-btn-submit ff-btn-md ff_btn_no_style wpf_has_custom_css\"  aria-label=\"Send the download link\">Send the download link<\/button><\/div><\/fieldset><input type=\"hidden\" name=\"trp-form-language\" value=\"en\"\/><\/form><div id='fluentform_3_errors' class='ff-errors-in-stack ff_form_instance_3_1 ff-form-loading_errors ff_form_instance_3_1_errors'><\/div><\/div>            <script type=\"text\/javascript\">\n                window.fluent_form_ff_form_instance_3_1 = {\"id\":\"3\",\"settings\":{\"layout\":{\"labelPlacement\":\"top\",\"asteriskPlacement\":\"asterisk-right\",\"helpMessagePlacement\":\"with_label\",\"errorMessagePlacement\":\"inline\",\"cssClassName\":\"\"},\"restrictions\":{\"denyEmptySubmission\":{\"enabled\":false}}},\"form_instance\":\"ff_form_instance_3_1\",\"form_id_selector\":\"fluentform_3\",\"rules\":{\"input_text\":{\"required\":{\"value\":true,\"message\":\"See v\\u00e4li on kohustuslik\",\"global_message\":\"This field is required\",\"global\":false}},\"email\":{\"required\":{\"value\":true,\"message\":\"See v\\u00e4li on kohustuslik\",\"global_message\":\"This field is required\",\"global\":false},\"email\":{\"value\":true,\"message\":\"This field must contain a valid email\",\"global_message\":\"This field must contain a valid email\",\"global\":true}},\"numeric_field\":{\"required\":{\"value\":false,\"message\":\"This field is required\",\"global_message\":\"This field is required\",\"global\":true},\"numeric\":{\"value\":true,\"message\":\"This field must contain numeric value\",\"global_message\":\"This field must contain numeric value\",\"global\":true},\"min\":{\"value\":\"\",\"message\":\"Validation fails for minimum value\",\"global_message\":\"Validation fails for minimum value\",\"global\":true},\"max\":{\"value\":\"\",\"message\":\"Validation fails for maximum value\",\"global_message\":\"Validation fails for maximum value\",\"global\":true},\"digits\":{\"value\":\"\",\"message\":\"Validation fails for limited digits\",\"global_message\":\"Validation fails for limited digits\",\"global\":true}}},\"debounce_time\":300};\n                            <\/script>\n            <\/div>\n<\/div>\n<\/div>\n<\/div>\n<\/div>\n\n\n\n<div class=\"wp-block-group alignfull has-background is-layout-constrained wp-block-group-is-layout-constrained\" style=\"border-top-style:none;border-top-width:0px;border-right-style:none;border-right-width:0px;border-bottom-color:var(--wp--preset--color--palette-color-3);border-bottom-width:1px;border-left-style:none;border-left-width:0px;background:linear-gradient(90deg,rgb(29,29,31) 0%,rgb(42,42,42) 52%,rgb(29,29,31) 100%);margin-top:0;margin-bottom:0;padding-top:0rem;padding-bottom:0rem\">\n<div style=\"height:20px\" aria-hidden=\"true\" class=\"wp-block-spacer\"><\/div>\n\n\n\n<div class=\"wp-block-columns is-layout-flex wp-container-core-columns-is-layout-28f84493 wp-block-columns-is-layout-flex\">\n<div class=\"wp-block-column is-layout-flow wp-block-column-is-layout-flow\">\n<div class=\"wp-block-columns is-layout-flex wp-container-core-columns-is-layout-28f84493 wp-block-columns-is-layout-flex\">\n<div class=\"wp-block-column is-layout-flow wp-block-column-is-layout-flow\">\n<figure class=\"wp-block-image size-full is-resized\" style=\"margin-top:var(--wp--preset--spacing--60)\"><img decoding=\"async\" src=\"https:\/\/alibre.ee\/wp-content\/uploads\/2025\/08\/Alibre-Logo-forum.svg\" alt=\"Alibre CAD logo\" class=\"wp-image-17\" style=\"width:208px;height:auto\"\/><\/figure>\n<\/div>\n<\/div>\n\n\n\n<div class=\"wp-block-columns is-layout-flex wp-container-core-columns-is-layout-28f84493 wp-block-columns-is-layout-flex\">\n<div class=\"wp-block-column is-layout-flow wp-block-column-is-layout-flow\">\n<h5 class=\"wp-block-heading has-palette-color-8-color has-text-color has-link-color wp-elements-e25aa1536787c6268d94cf91c6cf6ca8\"><strong>You'll design amazing things.<\/strong><\/h5>\n<\/div>\n<\/div>\n<\/div>\n\n\n\n<div class=\"wp-block-column is-layout-flow wp-block-column-is-layout-flow\">\n<h4 class=\"wp-block-heading has-palette-color-8-color has-text-color has-link-color wp-elements-7962919f5478d78b809808b33ca57570\">Offical reseller in Estonia, Latvia and Lithuania<\/h4>\n\n\n\n<div class=\"wp-block-columns is-layout-flex wp-container-core-columns-is-layout-28f84493 wp-block-columns-is-layout-flex\">\n<div class=\"wp-block-column is-layout-flow wp-block-column-is-layout-flow\">\n<h4 class=\"wp-block-heading has-palette-color-8-color has-text-color has-link-color wp-elements-dfb6776f438c3f6be8dd620ff2d6637a\"><img loading=\"lazy\" decoding=\"async\" width=\"20\" height=\"20\" class=\"wp-image-329\" style=\"width: 20px;\" src=\"https:\/\/alibre.ee\/wp-content\/uploads\/2025\/08\/email-14-48.png\" alt=\"\" srcset=\"https:\/\/alibre.ee\/wp-content\/uploads\/2025\/08\/email-14-48.png 48w, https:\/\/alibre.ee\/wp-content\/uploads\/2025\/08\/email-14-48-12x12.png 12w\" sizes=\"auto, (max-width: 20px) 100vw, 20px\" \/> info@alibre.ee<\/h4>\n<\/div>\n\n\n\n<div class=\"wp-block-column is-layout-flow wp-block-column-is-layout-flow\">\n<h4 class=\"wp-block-heading has-text-align-center has-palette-color-8-color has-text-color has-link-color wp-elements-01d885d377938ce7c24eb9fe6da066af\"><img loading=\"lazy\" decoding=\"async\" width=\"20\" height=\"20\" class=\"wp-image-327\" style=\"width: 20px;\" src=\"https:\/\/alibre.ee\/wp-content\/uploads\/2025\/08\/phone-68-48.png\" alt=\"\" srcset=\"https:\/\/alibre.ee\/wp-content\/uploads\/2025\/08\/phone-68-48.png 48w, https:\/\/alibre.ee\/wp-content\/uploads\/2025\/08\/phone-68-48-12x12.png 12w\" sizes=\"auto, (max-width: 20px) 100vw, 20px\" \/> +372 53 010 419<\/h4>\n<\/div>\n<\/div>\n\n\n\n<div class=\"wp-block-buttons is-content-justification-center is-layout-flex wp-container-core-buttons-is-layout-a89b3969 wp-block-buttons-is-layout-flex\">\n<div class=\"wp-block-button has-custom-width wp-block-button__width-100 is-style-outline is-style-outline--1\"><a class=\"wp-block-button__link has-white-color has-text-color has-background has-link-color has-border-color has-palette-color-8-border-color has-medium-font-size has-custom-font-size wp-element-button\" href=\"https:\/\/alibre.ee\/en\/kontakt\/\" style=\"background:linear-gradient(135deg,rgb(36,36,37) 0%,rgb(36,36,37) 100%)\">Contact us<\/a><\/div>\n<\/div>\n<\/div>\n<\/div>\n\n\n\n<div style=\"height:30px\" aria-hidden=\"true\" class=\"wp-block-spacer\"><\/div>\n<\/div>","protected":false},"excerpt":{"rendered":"<p>T\u00f5hus, v\u00f5imas ja soodne 3D CAD Olenemata sellest, kas olete globaalne meeskond v\u00f5i \u00fcheliikmeline ettev\u00f5te, saate oma disainid, patendid ja tootmise l\u00f5pule viia Alibre Designiga. \u2713 Ostetud litsents kuulub sinule igavesti\u2713 Hoia andmeid oma arvutis v\u00f5i kohalikus serveris\u2713 Kohustuslikke kuutasusid pole\u2713 T\u00f6\u00f6ta t\u00e4ielikult v\u00f5rgu\u00fchenduseta\u2713 Uuendused ei ole kohustuslikud\u2713 Lihtne \u00fcleminek tulles teistelt programmidelt<\/p>","protected":false},"author":1,"featured_media":0,"parent":0,"menu_order":0,"comment_status":"closed","ping_status":"closed","template":"","meta":{"footnotes":""},"class_list":["post-290","page","type-page","status-publish","hentry"],"blocksy_meta":{"disable_footer":"no","disable_header":"no","styles_descriptor":{"styles":{"desktop":"","tablet":"","mobile":""},"google_fonts":[],"version":6},"has_hero_section":"disabled"},"yoast_head":"<!-- This site is optimized with the Yoast SEO plugin v27.0 - https:\/\/yoast.com\/product\/yoast-seo-wordpress\/ -->\n<title>Tasuta Prooviversioon - alibre.ee<\/title>\n<meta name=\"robots\" content=\"index, follow, max-snippet:-1, max-image-preview:large, max-video-preview:-1\" \/>\n<link rel=\"canonical\" href=\"https:\/\/alibre.ee\/en\/tasuta-prooviversioon\/\" \/>\n<meta property=\"og:locale\" content=\"en_US\" \/>\n<meta property=\"og:type\" content=\"article\" \/>\n<meta property=\"og:title\" content=\"Tasuta Prooviversioon - alibre.ee\" \/>\n<meta property=\"og:description\" content=\"T\u00f5hus, v\u00f5imas ja soodne 3D CAD Olenemata sellest, kas olete globaalne meeskond v\u00f5i \u00fcheliikmeline ettev\u00f5te, saate oma disainid, patendid ja tootmise l\u00f5pule viia Alibre Designiga. \u2713 Ostetud litsents kuulub sinule igavesti\u2713 Hoia andmeid oma arvutis v\u00f5i kohalikus serveris\u2713 Kohustuslikke kuutasusid pole\u2713 T\u00f6\u00f6ta t\u00e4ielikult v\u00f5rgu\u00fchenduseta\u2713 Uuendused ei ole kohustuslikud\u2713 Lihtne \u00fcleminek tulles teistelt programmidelt\" \/>\n<meta property=\"og:url\" content=\"https:\/\/alibre.ee\/en\/tasuta-prooviversioon\/\" \/>\n<meta property=\"og:site_name\" content=\"alibre.ee\" \/>\n<meta property=\"article:modified_time\" content=\"2025-10-05T18:31:34+00:00\" \/>\n<meta property=\"og:image\" content=\"https:\/\/alibre.ee\/wp-content\/uploads\/2025\/09\/assembly.webp\" \/>\n\t<meta property=\"og:image:width\" content=\"800\" \/>\n\t<meta property=\"og:image:height\" content=\"533\" \/>\n\t<meta property=\"og:image:type\" content=\"image\/webp\" \/>\n<meta name=\"twitter:card\" content=\"summary_large_image\" \/>\n<script type=\"application\/ld+json\" class=\"yoast-schema-graph\">{\"@context\":\"https:\/\/schema.org\",\"@graph\":[{\"@type\":\"WebPage\",\"@id\":\"https:\/\/alibre.ee\/tasuta-prooviversioon\/\",\"url\":\"https:\/\/alibre.ee\/tasuta-prooviversioon\/\",\"name\":\"Tasuta Prooviversioon - alibre.ee\",\"isPartOf\":{\"@id\":\"https:\/\/alibre.ee\/#website\"},\"datePublished\":\"2025-08-31T13:37:10+00:00\",\"dateModified\":\"2025-10-05T18:31:34+00:00\",\"breadcrumb\":{\"@id\":\"https:\/\/alibre.ee\/tasuta-prooviversioon\/#breadcrumb\"},\"inLanguage\":\"en-US\",\"potentialAction\":[{\"@type\":\"ReadAction\",\"target\":[\"https:\/\/alibre.ee\/tasuta-prooviversioon\/\"]}]},{\"@type\":\"BreadcrumbList\",\"@id\":\"https:\/\/alibre.ee\/tasuta-prooviversioon\/#breadcrumb\",\"itemListElement\":[{\"@type\":\"ListItem\",\"position\":1,\"name\":\"Home\",\"item\":\"https:\/\/alibre.ee\/\"},{\"@type\":\"ListItem\",\"position\":2,\"name\":\"Tasuta Prooviversioon\"}]},{\"@type\":\"WebSite\",\"@id\":\"https:\/\/alibre.ee\/#website\",\"url\":\"https:\/\/alibre.ee\/\",\"name\":\"Alibre Eesti\",\"description\":\"Taskukohase hinnaga CAD\",\"publisher\":{\"@id\":\"https:\/\/alibre.ee\/#organization\"},\"alternateName\":\"alibre\",\"potentialAction\":[{\"@type\":\"SearchAction\",\"target\":{\"@type\":\"EntryPoint\",\"urlTemplate\":\"https:\/\/alibre.ee\/?s={search_term_string}\"},\"query-input\":{\"@type\":\"PropertyValueSpecification\",\"valueRequired\":true,\"valueName\":\"search_term_string\"}}],\"inLanguage\":\"en-US\"},{\"@type\":\"Organization\",\"@id\":\"https:\/\/alibre.ee\/#organization\",\"name\":\"Alibre CAD Eesti\",\"url\":\"https:\/\/alibre.ee\/\",\"logo\":{\"@type\":\"ImageObject\",\"inLanguage\":\"en-US\",\"@id\":\"https:\/\/alibre.ee\/#\/schema\/logo\/image\/\",\"url\":\"https:\/\/alibre.ee\/wp-content\/uploads\/2025\/08\/Alibre-Logo-forum.svg\",\"contentUrl\":\"https:\/\/alibre.ee\/wp-content\/uploads\/2025\/08\/Alibre-Logo-forum.svg\",\"width\":180,\"height\":64,\"caption\":\"Alibre CAD Eesti\"},\"image\":{\"@id\":\"https:\/\/alibre.ee\/#\/schema\/logo\/image\/\"}}]}<\/script>\n<!-- \/ Yoast SEO plugin. -->","yoast_head_json":{"title":"Tasuta Prooviversioon - alibre.ee","robots":{"index":"index","follow":"follow","max-snippet":"max-snippet:-1","max-image-preview":"max-image-preview:large","max-video-preview":"max-video-preview:-1"},"canonical":"https:\/\/alibre.ee\/en\/tasuta-prooviversioon\/","og_locale":"en_US","og_type":"article","og_title":"Tasuta Prooviversioon - alibre.ee","og_description":"T\u00f5hus, v\u00f5imas ja soodne 3D CAD Olenemata sellest, kas olete globaalne meeskond v\u00f5i \u00fcheliikmeline ettev\u00f5te, saate oma disainid, patendid ja tootmise l\u00f5pule viia Alibre Designiga. \u2713 Ostetud litsents kuulub sinule igavesti\u2713 Hoia andmeid oma arvutis v\u00f5i kohalikus serveris\u2713 Kohustuslikke kuutasusid pole\u2713 T\u00f6\u00f6ta t\u00e4ielikult v\u00f5rgu\u00fchenduseta\u2713 Uuendused ei ole kohustuslikud\u2713 Lihtne \u00fcleminek tulles teistelt programmidelt","og_url":"https:\/\/alibre.ee\/en\/tasuta-prooviversioon\/","og_site_name":"alibre.ee","article_modified_time":"2025-10-05T18:31:34+00:00","og_image":[{"width":800,"height":533,"url":"https:\/\/alibre.ee\/wp-content\/uploads\/2025\/09\/assembly.webp","type":"image\/webp"}],"twitter_card":"summary_large_image","schema":{"@context":"https:\/\/schema.org","@graph":[{"@type":"WebPage","@id":"https:\/\/alibre.ee\/tasuta-prooviversioon\/","url":"https:\/\/alibre.ee\/tasuta-prooviversioon\/","name":"Tasuta Prooviversioon - alibre.ee","isPartOf":{"@id":"https:\/\/alibre.ee\/#website"},"datePublished":"2025-08-31T13:37:10+00:00","dateModified":"2025-10-05T18:31:34+00:00","breadcrumb":{"@id":"https:\/\/alibre.ee\/tasuta-prooviversioon\/#breadcrumb"},"inLanguage":"en-US","potentialAction":[{"@type":"ReadAction","target":["https:\/\/alibre.ee\/tasuta-prooviversioon\/"]}]},{"@type":"BreadcrumbList","@id":"https:\/\/alibre.ee\/tasuta-prooviversioon\/#breadcrumb","itemListElement":[{"@type":"ListItem","position":1,"name":"Home","item":"https:\/\/alibre.ee\/"},{"@type":"ListItem","position":2,"name":"Tasuta Prooviversioon"}]},{"@type":"WebSite","@id":"https:\/\/alibre.ee\/#website","url":"https:\/\/alibre.ee\/","name":"Alibre Eesti","description":"Taskukohase hinnaga CAD","publisher":{"@id":"https:\/\/alibre.ee\/#organization"},"alternateName":"alibre","potentialAction":[{"@type":"SearchAction","target":{"@type":"EntryPoint","urlTemplate":"https:\/\/alibre.ee\/?s={search_term_string}"},"query-input":{"@type":"PropertyValueSpecification","valueRequired":true,"valueName":"search_term_string"}}],"inLanguage":"en-US"},{"@type":"Organization","@id":"https:\/\/alibre.ee\/#organization","name":"Alibre CAD Eesti","url":"https:\/\/alibre.ee\/","logo":{"@type":"ImageObject","inLanguage":"en-US","@id":"https:\/\/alibre.ee\/#\/schema\/logo\/image\/","url":"https:\/\/alibre.ee\/wp-content\/uploads\/2025\/08\/Alibre-Logo-forum.svg","contentUrl":"https:\/\/alibre.ee\/wp-content\/uploads\/2025\/08\/Alibre-Logo-forum.svg","width":180,"height":64,"caption":"Alibre CAD Eesti"},"image":{"@id":"https:\/\/alibre.ee\/#\/schema\/logo\/image\/"}}]}},"_links":{"self":[{"href":"https:\/\/alibre.ee\/en\/wp-json\/wp\/v2\/pages\/290","targetHints":{"allow":["GET"]}}],"collection":[{"href":"https:\/\/alibre.ee\/en\/wp-json\/wp\/v2\/pages"}],"about":[{"href":"https:\/\/alibre.ee\/en\/wp-json\/wp\/v2\/types\/page"}],"author":[{"embeddable":true,"href":"https:\/\/alibre.ee\/en\/wp-json\/wp\/v2\/users\/1"}],"replies":[{"embeddable":true,"href":"https:\/\/alibre.ee\/en\/wp-json\/wp\/v2\/comments?post=290"}],"version-history":[{"count":13,"href":"https:\/\/alibre.ee\/en\/wp-json\/wp\/v2\/pages\/290\/revisions"}],"predecessor-version":[{"id":1190,"href":"https:\/\/alibre.ee\/en\/wp-json\/wp\/v2\/pages\/290\/revisions\/1190"}],"wp:attachment":[{"href":"https:\/\/alibre.ee\/en\/wp-json\/wp\/v2\/media?parent=290"}],"curies":[{"name":"wp","href":"https:\/\/api.w.org\/{rel}","templated":true}]}}