{"id":318,"date":"2025-08-31T19:24:46","date_gmt":"2025-08-31T19:24:46","guid":{"rendered":"https:\/\/alibre.ee\/?page_id=318"},"modified":"2025-09-03T19:20:24","modified_gmt":"2025-09-03T19:20:24","slug":"triali-allalaadimine","status":"publish","type":"page","link":"https:\/\/alibre.ee\/en\/triali-allalaadimine\/","title":{"rendered":"Triali allalaadimine"},"content":{"rendered":"<div class=\"wp-block-group alignfull has-white-background-color has-background is-layout-constrained wp-block-group-is-layout-constrained\" style=\"padding-top:7rem;padding-bottom:7rem\">\n<h1 class=\"wp-block-heading has-text-align-center has-black-color has-text-color has-link-color has-xx-large-font-size wp-elements-7a6add3c9e8d45bd8e66e0ee2d492c55\" style=\"margin-top:0;font-style:normal;font-weight:800;line-height:1.2\">Thank you for your interest in Alibre.<\/h1>\n\n\n\n<p class=\"has-text-align-center has-black-color has-text-color has-link-color wp-elements-4131c0fa58c2bb6c600ea4f1134d8b1f\" style=\"margin-bottom:var(--wp--preset--spacing--80)\">Your 30-day trial begins once the software is installed. During this period, our team will reach out to support you and help you get started quickly.<br><br>We\u2019ve sent a welcome email to the address you provided, including download links in case you\u2019d like to complete the installation later.<\/p>\n\n\n\n<div class=\"wp-block-columns is-layout-flex wp-container-core-columns-is-layout-643ced6b wp-block-columns-is-layout-flex\">\n<div class=\"wp-block-column has-border-color is-layout-flow wp-block-column-is-layout-flow\" style=\"border-color:#0000001f;border-style:solid;border-width:1px;border-radius:20px;padding-top:var(--wp--preset--spacing--70);padding-right:var(--wp--preset--spacing--70);padding-bottom:var(--wp--preset--spacing--70);padding-left:var(--wp--preset--spacing--70)\">\n<h2 class=\"wp-block-heading has-text-align-center has-black-color has-text-color has-link-color wp-elements-ebf32040b2cc01eb6cf75f2f343a9851\" style=\"margin-bottom:20px;font-size:clamp(16.293px, 1.018rem + ((1vw - 3.2px) * 0.68), 25px);\">Alibre Atom 3D<\/h2>\n\n\n\n<p class=\"has-text-align-center has-black-color has-text-color has-link-color wp-elements-4cfa14cf464a039e11158e62645d0236\" style=\"border-bottom-color:#0000001f;border-bottom-style:solid;border-bottom-width:1px;margin-bottom:50px;padding-bottom:50px\">Latest version: Alibre Atom3D V28.1 \u2013 28227<\/p>\n\n\n\n<p class=\"has-black-color has-text-color has-link-color wp-elements-3244bbe4166da6c9b35a795134673072\">The best hobby-grade 3D modeling suitable for CNC, 3D printing, and hand tool projects.<br><\/p>\n\n\n\n<div class=\"wp-block-buttons is-layout-flex wp-block-buttons-is-layout-flex\" style=\"margin-bottom:40px\">\n<div class=\"wp-block-button has-custom-width wp-block-button__width-100\"><a class=\"wp-block-button__link has-custom-font-size wp-element-button\" href=\"https:\/\/download.alibre.com\/core\/AlibreAtom3D_V28_setup_28.1.1.28227.exe\" style=\"border-radius:8px;padding-top:15px;padding-bottom:15px;font-size:clamp(14px, 0.875rem + ((1vw - 3.2px) * 0.313), 18px);font-style:normal;font-weight:600\">Download<\/a><\/div>\n<\/div>\n\n\n\n<p class=\"has-text-align-center has-black-color has-text-color has-link-color wp-elements-b56fbb38d56b466121f5e34325f55a3c\"><a href=\"https:\/\/alibre.ee\/en\/vordlus\/\" data-type=\"page\" data-id=\"83\" target=\"_blank\" rel=\"noreferrer noopener\">See more detailed comparison<\/a><\/p>\n<\/div>\n\n\n\n<div class=\"wp-block-column has-background is-layout-flow wp-block-column-is-layout-flow\" style=\"border-radius:20px;background-color:#f1f1f1;padding-top:var(--wp--preset--spacing--70);padding-right:var(--wp--preset--spacing--70);padding-bottom:var(--wp--preset--spacing--70);padding-left:var(--wp--preset--spacing--70)\">\n<h2 class=\"wp-block-heading has-text-align-center has-black-color has-text-color has-link-color wp-elements-21947c8ac503a32456f543791ef239e2\" style=\"margin-bottom:20px;font-size:clamp(16.293px, 1.018rem + ((1vw - 3.2px) * 0.68), 25px);\">Alibre Design Pro<\/h2>\n\n\n\n<p class=\"has-text-align-center has-black-color has-text-color has-link-color wp-elements-1896768efd0266c8bcb85daa6b8c5fbf\" style=\"border-bottom-color:#0000001f;border-bottom-style:solid;border-bottom-width:1px;margin-bottom:50px;padding-bottom:50px\">Latest version: Alibre Design V28.1 \u2013 28227<\/p>\n\n\n\n<p class=\"has-black-color has-text-color has-link-color wp-elements-62bf999959aec750f6719b34f29bc708\">Complete mechanical design software for the world's most demanding ideas.<br><\/p>\n\n\n\n<div class=\"wp-block-buttons is-layout-flex wp-block-buttons-is-layout-flex\" style=\"margin-bottom:40px\">\n<div class=\"wp-block-button has-custom-width wp-block-button__width-100\"><a class=\"wp-block-button__link has-custom-font-size wp-element-button\" href=\"https:\/\/download.alibre.com\/core\/AlibreDesignV28_setup_x64_28.1.1.28227.exe\" style=\"border-radius:8px;padding-top:15px;padding-bottom:15px;font-size:clamp(14px, 0.875rem + ((1vw - 3.2px) * 0.313), 18px);font-style:normal;font-weight:600\">Download<\/a><\/div>\n<\/div>\n\n\n\n<p class=\"has-text-align-center has-black-color has-text-color has-link-color wp-elements-b56fbb38d56b466121f5e34325f55a3c\"><a href=\"https:\/\/alibre.ee\/en\/vordlus\/\" data-type=\"page\" data-id=\"83\" target=\"_blank\" rel=\"noreferrer noopener\">See more detailed comparison<\/a><\/p>\n<\/div>\n<\/div>\n\n\n\n<p><\/p>\n<\/div>\n\n\n\n<div class=\"wp-block-group alignfull has-background is-layout-constrained wp-block-group-is-layout-constrained\" style=\"border-top-style:none;border-top-width:0px;border-right-style:none;border-right-width:0px;border-bottom-color:var(--wp--preset--color--palette-color-3);border-bottom-width:1px;border-left-style:none;border-left-width:0px;background:linear-gradient(90deg,rgb(29,29,31) 0%,rgb(42,42,42) 52%,rgb(29,29,31) 100%);margin-top:0;margin-bottom:0;padding-top:0rem;padding-bottom:0rem\">\n<div style=\"height:20px\" aria-hidden=\"true\" class=\"wp-block-spacer\"><\/div>\n\n\n\n<div class=\"wp-block-columns is-layout-flex wp-container-core-columns-is-layout-28f84493 wp-block-columns-is-layout-flex\">\n<div class=\"wp-block-column is-layout-flow wp-block-column-is-layout-flow\">\n<div class=\"wp-block-columns is-layout-flex wp-container-core-columns-is-layout-28f84493 wp-block-columns-is-layout-flex\">\n<div class=\"wp-block-column is-layout-flow wp-block-column-is-layout-flow\">\n<h2 class=\"wp-block-heading has-palette-color-8-color has-text-color has-link-color wp-elements-62306e940a401788807ce4fb0ad7a586\">Want a more in-depth demo? Rendering? PDM? CAM?<br><\/h2>\n<\/div>\n<\/div>\n<\/div>\n\n\n\n<div class=\"wp-block-column is-layout-flow wp-block-column-is-layout-flow\">\n<h2 class=\"wp-block-heading has-palette-color-8-color has-text-color has-link-color wp-elements-4735daf63478a5b87380bd34a5405506\">Contact us<\/h2>\n\n\n\n<div class=\"wp-block-columns is-layout-flex wp-container-core-columns-is-layout-28f84493 wp-block-columns-is-layout-flex\">\n<div class=\"wp-block-column is-layout-flow wp-block-column-is-layout-flow\">\n<h4 class=\"wp-block-heading has-palette-color-8-color has-text-color has-link-color wp-elements-4e2d8bfafee28a162e17769cb560f35a\"><img loading=\"lazy\" decoding=\"async\" width=\"30\" height=\"30\" class=\"wp-image-329\" style=\"width: 30px;\" src=\"https:\/\/alibre.ee\/wp-content\/uploads\/2025\/08\/email-14-48.png\" alt=\"\" srcset=\"https:\/\/alibre.ee\/wp-content\/uploads\/2025\/08\/email-14-48.png 48w, https:\/\/alibre.ee\/wp-content\/uploads\/2025\/08\/email-14-48-12x12.png 12w\" sizes=\"auto, (max-width: 30px) 100vw, 30px\" \/>  info@alibre.ee<\/h4>\n<\/div>\n\n\n\n<div class=\"wp-block-column is-layout-flow wp-block-column-is-layout-flow\">\n<h4 class=\"wp-block-heading has-palette-color-8-color has-text-color has-link-color wp-elements-c6e9f7c200927f78853ce190c4742fe4\"><img loading=\"lazy\" decoding=\"async\" width=\"30\" height=\"30\" class=\"wp-image-327\" style=\"width: 30px;\" src=\"https:\/\/alibre.ee\/wp-content\/uploads\/2025\/08\/phone-68-48.png\" alt=\"\" srcset=\"https:\/\/alibre.ee\/wp-content\/uploads\/2025\/08\/phone-68-48.png 48w, https:\/\/alibre.ee\/wp-content\/uploads\/2025\/08\/phone-68-48-12x12.png 12w\" sizes=\"auto, (max-width: 30px) 100vw, 30px\" \/>  +372 53 010 419<\/h4>\n<\/div>\n<\/div>\n\n\n\n<div class=\"wp-block-buttons is-content-justification-center is-layout-flex wp-container-core-buttons-is-layout-a89b3969 wp-block-buttons-is-layout-flex\">\n<div class=\"wp-block-button has-custom-width wp-block-button__width-100 is-style-outline is-style-outline--1\"><a class=\"wp-block-button__link has-white-color has-text-color has-background has-link-color has-border-color has-palette-color-8-border-color has-medium-font-size has-custom-font-size wp-element-button\" href=\"https:\/\/alibre.ee\/en\/kontakt\/\" style=\"background:linear-gradient(135deg,rgb(36,36,37) 0%,rgb(36,36,37) 100%)\">Contact us<\/a><\/div>\n<\/div>\n<\/div>\n<\/div>\n\n\n\n<div style=\"height:30px\" aria-hidden=\"true\" class=\"wp-block-spacer\"><\/div>\n<\/div>","protected":false},"excerpt":{"rendered":"<p>Ait\u00e4h, et tunned huvi Alibre vastu. Teie 30-p\u00e4evane prooviperiood algab tarkvara installimise hetkest. Selle aja jooksul v\u00f5tab meie meeskond teiega \u00fchendust, et teid toetada ja aidata teil kiiresti alustada. Saatsime teie esitatud aadressile tervitusmeili koos allalaadimislinkidega juhuks, kui soovite installimise hiljem l\u00f5pule viia. Alibre Atom 3D V\u00e4rskeim versioon: Alibre Atom3D V28.1 &#8211; 28227 Parim hobikasutaja [&hellip;]<\/p>","protected":false},"author":1,"featured_media":0,"parent":0,"menu_order":0,"comment_status":"closed","ping_status":"closed","template":"","meta":{"footnotes":""},"class_list":["post-318","page","type-page","status-publish","hentry"],"blocksy_meta":{"has_hero_section":"disabled","styles_descriptor":{"styles":{"desktop":"","tablet":"","mobile":""},"google_fonts":[],"version":6}},"yoast_head":"<!-- This site is optimized with the Yoast SEO plugin v27.0 - https:\/\/yoast.com\/product\/yoast-seo-wordpress\/ -->\n<title>Triali allalaadimine - alibre.ee<\/title>\n<meta name=\"robots\" content=\"index, follow, max-snippet:-1, max-image-preview:large, max-video-preview:-1\" \/>\n<link rel=\"canonical\" href=\"https:\/\/alibre.ee\/en\/triali-allalaadimine\/\" \/>\n<meta property=\"og:locale\" content=\"en_US\" \/>\n<meta property=\"og:type\" content=\"article\" \/>\n<meta property=\"og:title\" content=\"Triali allalaadimine - alibre.ee\" \/>\n<meta property=\"og:description\" content=\"Ait\u00e4h, et tunned huvi Alibre vastu. Teie 30-p\u00e4evane prooviperiood algab tarkvara installimise hetkest. Selle aja jooksul v\u00f5tab meie meeskond teiega \u00fchendust, et teid toetada ja aidata teil kiiresti alustada. Saatsime teie esitatud aadressile tervitusmeili koos allalaadimislinkidega juhuks, kui soovite installimise hiljem l\u00f5pule viia. Alibre Atom 3D V\u00e4rskeim versioon: Alibre Atom3D V28.1 &#8211; 28227 Parim hobikasutaja [&hellip;]\" \/>\n<meta property=\"og:url\" content=\"https:\/\/alibre.ee\/en\/triali-allalaadimine\/\" \/>\n<meta property=\"og:site_name\" content=\"alibre.ee\" \/>\n<meta property=\"article:modified_time\" content=\"2025-09-03T19:20:24+00:00\" \/>\n<meta property=\"og:image\" content=\"https:\/\/alibre.ee\/wp-content\/uploads\/2025\/08\/email-14-48.png\" \/>\n<meta name=\"twitter:card\" content=\"summary_large_image\" \/>\n<meta name=\"twitter:label1\" content=\"Est. reading time\" \/>\n\t<meta name=\"twitter:data1\" content=\"1 minute\" \/>\n<script type=\"application\/ld+json\" class=\"yoast-schema-graph\">{\"@context\":\"https:\/\/schema.org\",\"@graph\":[{\"@type\":\"WebPage\",\"@id\":\"https:\/\/alibre.ee\/triali-allalaadimine\/\",\"url\":\"https:\/\/alibre.ee\/triali-allalaadimine\/\",\"name\":\"Triali allalaadimine - alibre.ee\",\"isPartOf\":{\"@id\":\"https:\/\/alibre.ee\/#website\"},\"primaryImageOfPage\":{\"@id\":\"https:\/\/alibre.ee\/triali-allalaadimine\/#primaryimage\"},\"image\":{\"@id\":\"https:\/\/alibre.ee\/triali-allalaadimine\/#primaryimage\"},\"thumbnailUrl\":\"https:\/\/alibre.ee\/wp-content\/uploads\/2025\/08\/email-14-48.png\",\"datePublished\":\"2025-08-31T19:24:46+00:00\",\"dateModified\":\"2025-09-03T19:20:24+00:00\",\"breadcrumb\":{\"@id\":\"https:\/\/alibre.ee\/triali-allalaadimine\/#breadcrumb\"},\"inLanguage\":\"en-US\",\"potentialAction\":[{\"@type\":\"ReadAction\",\"target\":[\"https:\/\/alibre.ee\/triali-allalaadimine\/\"]}]},{\"@type\":\"ImageObject\",\"inLanguage\":\"en-US\",\"@id\":\"https:\/\/alibre.ee\/triali-allalaadimine\/#primaryimage\",\"url\":\"https:\/\/alibre.ee\/wp-content\/uploads\/2025\/08\/email-14-48.png\",\"contentUrl\":\"https:\/\/alibre.ee\/wp-content\/uploads\/2025\/08\/email-14-48.png\"},{\"@type\":\"BreadcrumbList\",\"@id\":\"https:\/\/alibre.ee\/triali-allalaadimine\/#breadcrumb\",\"itemListElement\":[{\"@type\":\"ListItem\",\"position\":1,\"name\":\"Home\",\"item\":\"https:\/\/alibre.ee\/\"},{\"@type\":\"ListItem\",\"position\":2,\"name\":\"Triali allalaadimine\"}]},{\"@type\":\"WebSite\",\"@id\":\"https:\/\/alibre.ee\/#website\",\"url\":\"https:\/\/alibre.ee\/\",\"name\":\"Alibre Eesti\",\"description\":\"Taskukohase hinnaga CAD\",\"publisher\":{\"@id\":\"https:\/\/alibre.ee\/#organization\"},\"alternateName\":\"alibre\",\"potentialAction\":[{\"@type\":\"SearchAction\",\"target\":{\"@type\":\"EntryPoint\",\"urlTemplate\":\"https:\/\/alibre.ee\/?s={search_term_string}\"},\"query-input\":{\"@type\":\"PropertyValueSpecification\",\"valueRequired\":true,\"valueName\":\"search_term_string\"}}],\"inLanguage\":\"en-US\"},{\"@type\":\"Organization\",\"@id\":\"https:\/\/alibre.ee\/#organization\",\"name\":\"Alibre CAD Eesti\",\"url\":\"https:\/\/alibre.ee\/\",\"logo\":{\"@type\":\"ImageObject\",\"inLanguage\":\"en-US\",\"@id\":\"https:\/\/alibre.ee\/#\/schema\/logo\/image\/\",\"url\":\"https:\/\/alibre.ee\/wp-content\/uploads\/2025\/08\/Alibre-Logo-forum.svg\",\"contentUrl\":\"https:\/\/alibre.ee\/wp-content\/uploads\/2025\/08\/Alibre-Logo-forum.svg\",\"width\":180,\"height\":64,\"caption\":\"Alibre CAD Eesti\"},\"image\":{\"@id\":\"https:\/\/alibre.ee\/#\/schema\/logo\/image\/\"}}]}<\/script>\n<!-- \/ Yoast SEO plugin. -->","yoast_head_json":{"title":"Triali allalaadimine - alibre.ee","robots":{"index":"index","follow":"follow","max-snippet":"max-snippet:-1","max-image-preview":"max-image-preview:large","max-video-preview":"max-video-preview:-1"},"canonical":"https:\/\/alibre.ee\/en\/triali-allalaadimine\/","og_locale":"en_US","og_type":"article","og_title":"Triali allalaadimine - alibre.ee","og_description":"Ait\u00e4h, et tunned huvi Alibre vastu. Teie 30-p\u00e4evane prooviperiood algab tarkvara installimise hetkest. Selle aja jooksul v\u00f5tab meie meeskond teiega \u00fchendust, et teid toetada ja aidata teil kiiresti alustada. Saatsime teie esitatud aadressile tervitusmeili koos allalaadimislinkidega juhuks, kui soovite installimise hiljem l\u00f5pule viia. Alibre Atom 3D V\u00e4rskeim versioon: Alibre Atom3D V28.1 &#8211; 28227 Parim hobikasutaja [&hellip;]","og_url":"https:\/\/alibre.ee\/en\/triali-allalaadimine\/","og_site_name":"alibre.ee","article_modified_time":"2025-09-03T19:20:24+00:00","og_image":[{"url":"https:\/\/alibre.ee\/wp-content\/uploads\/2025\/08\/email-14-48.png","type":"","width":"","height":""}],"twitter_card":"summary_large_image","twitter_misc":{"Est. reading time":"1 minute"},"schema":{"@context":"https:\/\/schema.org","@graph":[{"@type":"WebPage","@id":"https:\/\/alibre.ee\/triali-allalaadimine\/","url":"https:\/\/alibre.ee\/triali-allalaadimine\/","name":"Triali allalaadimine - alibre.ee","isPartOf":{"@id":"https:\/\/alibre.ee\/#website"},"primaryImageOfPage":{"@id":"https:\/\/alibre.ee\/triali-allalaadimine\/#primaryimage"},"image":{"@id":"https:\/\/alibre.ee\/triali-allalaadimine\/#primaryimage"},"thumbnailUrl":"https:\/\/alibre.ee\/wp-content\/uploads\/2025\/08\/email-14-48.png","datePublished":"2025-08-31T19:24:46+00:00","dateModified":"2025-09-03T19:20:24+00:00","breadcrumb":{"@id":"https:\/\/alibre.ee\/triali-allalaadimine\/#breadcrumb"},"inLanguage":"en-US","potentialAction":[{"@type":"ReadAction","target":["https:\/\/alibre.ee\/triali-allalaadimine\/"]}]},{"@type":"ImageObject","inLanguage":"en-US","@id":"https:\/\/alibre.ee\/triali-allalaadimine\/#primaryimage","url":"https:\/\/alibre.ee\/wp-content\/uploads\/2025\/08\/email-14-48.png","contentUrl":"https:\/\/alibre.ee\/wp-content\/uploads\/2025\/08\/email-14-48.png"},{"@type":"BreadcrumbList","@id":"https:\/\/alibre.ee\/triali-allalaadimine\/#breadcrumb","itemListElement":[{"@type":"ListItem","position":1,"name":"Home","item":"https:\/\/alibre.ee\/"},{"@type":"ListItem","position":2,"name":"Triali allalaadimine"}]},{"@type":"WebSite","@id":"https:\/\/alibre.ee\/#website","url":"https:\/\/alibre.ee\/","name":"Alibre Eesti","description":"Taskukohase hinnaga CAD","publisher":{"@id":"https:\/\/alibre.ee\/#organization"},"alternateName":"alibre","potentialAction":[{"@type":"SearchAction","target":{"@type":"EntryPoint","urlTemplate":"https:\/\/alibre.ee\/?s={search_term_string}"},"query-input":{"@type":"PropertyValueSpecification","valueRequired":true,"valueName":"search_term_string"}}],"inLanguage":"en-US"},{"@type":"Organization","@id":"https:\/\/alibre.ee\/#organization","name":"Alibre CAD Eesti","url":"https:\/\/alibre.ee\/","logo":{"@type":"ImageObject","inLanguage":"en-US","@id":"https:\/\/alibre.ee\/#\/schema\/logo\/image\/","url":"https:\/\/alibre.ee\/wp-content\/uploads\/2025\/08\/Alibre-Logo-forum.svg","contentUrl":"https:\/\/alibre.ee\/wp-content\/uploads\/2025\/08\/Alibre-Logo-forum.svg","width":180,"height":64,"caption":"Alibre CAD Eesti"},"image":{"@id":"https:\/\/alibre.ee\/#\/schema\/logo\/image\/"}}]}},"_links":{"self":[{"href":"https:\/\/alibre.ee\/en\/wp-json\/wp\/v2\/pages\/318","targetHints":{"allow":["GET"]}}],"collection":[{"href":"https:\/\/alibre.ee\/en\/wp-json\/wp\/v2\/pages"}],"about":[{"href":"https:\/\/alibre.ee\/en\/wp-json\/wp\/v2\/types\/page"}],"author":[{"embeddable":true,"href":"https:\/\/alibre.ee\/en\/wp-json\/wp\/v2\/users\/1"}],"replies":[{"embeddable":true,"href":"https:\/\/alibre.ee\/en\/wp-json\/wp\/v2\/comments?post=318"}],"version-history":[{"count":14,"href":"https:\/\/alibre.ee\/en\/wp-json\/wp\/v2\/pages\/318\/revisions"}],"predecessor-version":[{"id":544,"href":"https:\/\/alibre.ee\/en\/wp-json\/wp\/v2\/pages\/318\/revisions\/544"}],"wp:attachment":[{"href":"https:\/\/alibre.ee\/en\/wp-json\/wp\/v2\/media?parent=318"}],"curies":[{"name":"wp","href":"https:\/\/api.w.org\/{rel}","templated":true}]}}