{"id":51,"date":"2025-08-27T19:02:50","date_gmt":"2025-08-27T19:02:50","guid":{"rendered":"https:\/\/alibre.ee\/?page_id=51"},"modified":"2025-09-17T09:34:05","modified_gmt":"2025-09-17T09:34:05","slug":"koolitusmaterjalid","status":"publish","type":"page","link":"https:\/\/alibre.ee\/en\/koolitusmaterjalid\/","title":{"rendered":"Training"},"content":{"rendered":"<div class=\"wp-block-group alignfull has-white-background-color has-background is-layout-constrained wp-block-group-is-layout-constrained\" style=\"padding-top:7rem;padding-bottom:7rem\">\n<h1 class=\"wp-block-heading has-text-align-center has-black-color has-text-color has-link-color has-xx-large-font-size wp-elements-c27158de4a11d5a8718a75aa5430181c\" style=\"margin-top:0;font-style:normal;font-weight:800;line-height:1.2\">Learn for free at your own pace<\/h1>\n\n\n\n<p class=\"has-text-align-center has-black-color has-text-color has-link-color wp-elements-d221c0a0109c2bb820c91d16df1acf9e\" style=\"margin-bottom:var(--wp--preset--spacing--80)\">Step by step tutorials to become a professional<\/p>\n\n\n\n<div class=\"wp-block-columns is-layout-flex wp-container-core-columns-is-layout-e2c6e352 wp-block-columns-is-layout-flex\">\n<div class=\"wp-block-column has-border-color is-layout-flow wp-block-column-is-layout-flow\" style=\"border-color:#0000001f;border-style:solid;border-width:2px;border-radius:20px;padding-top:15px;padding-right:15px;padding-bottom:15px;padding-left:15px\">\n<div class=\"wp-block-group is-content-justification-center is-nowrap is-layout-flex wp-container-core-group-is-layout-faecc223 wp-block-group-is-layout-flex\" style=\"margin-bottom:50px\">\n<figure class=\"wp-block-image size-full has-custom-border is-style-default\"><img loading=\"lazy\" decoding=\"async\" width=\"700\" height=\"394\" src=\"https:\/\/alibre.ee\/wp-content\/uploads\/2025\/08\/Introduction-1.jpg\" alt=\"\" class=\"has-border-color has-cyan-bluish-gray-border-color wp-image-366\" style=\"border-width:1px;border-radius:5%\" srcset=\"https:\/\/alibre.ee\/wp-content\/uploads\/2025\/08\/Introduction-1.jpg 700w, https:\/\/alibre.ee\/wp-content\/uploads\/2025\/08\/Introduction-1-600x338.jpg 600w, https:\/\/alibre.ee\/wp-content\/uploads\/2025\/08\/Introduction-1-300x169.jpg 300w, https:\/\/alibre.ee\/wp-content\/uploads\/2025\/08\/Introduction-1-18x10.jpg 18w\" sizes=\"auto, (max-width: 700px) 100vw, 700px\" \/><\/figure>\n<\/div>\n\n\n\n<h2 class=\"wp-block-heading has-text-align-center has-black-color has-text-color has-link-color has-medium-font-size wp-elements-3e070b9e95fc78e44f117dcd2a023ebe\" style=\"margin-top:0px\">Introduction<\/h2>\n\n\n\n<p class=\"has-text-align-center has-text-color has-link-color wp-elements-8011375fa42b4a423e3612cea0c8e5f0\" style=\"color:#000000a8;margin-bottom:30px\">A first look at Alibre Design, the Home Window, and opening our first workspace.<br><br><br><\/p>\n\n\n\n<ul class=\"wp-block-list\">\n<li>Suitable for beginners<\/li>\n\n\n\n<li>2 video tutorials<\/li>\n<\/ul>\n\n\n\n<div class=\"wp-block-buttons is-vertical is-layout-flex wp-container-core-buttons-is-layout-fba7bc4b wp-block-buttons-is-layout-flex\">\n<div class=\"wp-block-button has-custom-width wp-block-button__width-100\"><a class=\"wp-block-button__link has-white-color has-black-background-color has-text-color has-background has-link-color wp-element-button\" href=\"https:\/\/www.alibre.com\/introduction-alibre-design-video-training\/\" style=\"border-radius:8px;padding-top:12px;padding-bottom:12px\" target=\"_blank\" rel=\"noreferrer noopener\">Start Course<\/a><\/div>\n<\/div>\n<\/div>\n\n\n\n<div class=\"wp-block-column has-border-color is-layout-flow wp-block-column-is-layout-flow\" style=\"border-color:#0000001f;border-style:solid;border-width:2px;border-radius:20px;padding-top:15px;padding-right:15px;padding-bottom:15px;padding-left:15px\">\n<div class=\"wp-block-group is-content-justification-center is-nowrap is-layout-flex wp-container-core-group-is-layout-faecc223 wp-block-group-is-layout-flex\" style=\"margin-bottom:50px\">\n<figure class=\"wp-block-image size-full has-custom-border is-style-default\"><img loading=\"lazy\" decoding=\"async\" width=\"800\" height=\"450\" src=\"https:\/\/alibre.ee\/wp-content\/uploads\/2025\/08\/Basic-Part-Modeling-1.jpg\" alt=\"\" class=\"has-border-color has-cyan-bluish-gray-border-color wp-image-370\" style=\"border-width:1px;border-radius:5%\" srcset=\"https:\/\/alibre.ee\/wp-content\/uploads\/2025\/08\/Basic-Part-Modeling-1.jpg 800w, https:\/\/alibre.ee\/wp-content\/uploads\/2025\/08\/Basic-Part-Modeling-1-600x338.jpg 600w, https:\/\/alibre.ee\/wp-content\/uploads\/2025\/08\/Basic-Part-Modeling-1-300x169.jpg 300w, https:\/\/alibre.ee\/wp-content\/uploads\/2025\/08\/Basic-Part-Modeling-1-768x432.jpg 768w, https:\/\/alibre.ee\/wp-content\/uploads\/2025\/08\/Basic-Part-Modeling-1-18x10.jpg 18w\" sizes=\"auto, (max-width: 800px) 100vw, 800px\" \/><\/figure>\n<\/div>\n\n\n\n<h2 class=\"wp-block-heading has-text-align-center has-black-color has-text-color has-link-color has-medium-font-size wp-elements-a96ec77470d77498c0a38ba55da11dcf\" style=\"margin-top:0px\">Part Modeling<\/h2>\n\n\n\n<p class=\"has-text-align-center has-text-color has-link-color wp-elements-4acaa827e319e116d2f10d31d4a1e622\" style=\"color:#000000a8;margin-bottom:30px\">Learning the individual modeling \ntools to create individual components.<br><br><br><br><\/p>\n\n\n\n<ul class=\"wp-block-list\">\n<li>Suitable for beginners<\/li>\n\n\n\n<li>19 video tutorials<\/li>\n<\/ul>\n\n\n\n<div class=\"wp-block-buttons is-vertical is-layout-flex wp-container-core-buttons-is-layout-fba7bc4b wp-block-buttons-is-layout-flex\">\n<div class=\"wp-block-button has-custom-width wp-block-button__width-100\"><a class=\"wp-block-button__link has-white-color has-black-background-color has-text-color has-background has-link-color wp-element-button\" href=\"https:\/\/www.alibre.com\/part-modeling-alibre-design-video-training\/\" style=\"border-radius:8px;padding-top:12px;padding-bottom:12px\" target=\"_blank\" rel=\"noreferrer noopener\">Start Course<\/a><\/div>\n<\/div>\n<\/div>\n\n\n\n<div class=\"wp-block-column has-border-color is-layout-flow wp-block-column-is-layout-flow\" style=\"border-color:#0000001f;border-style:solid;border-width:2px;border-radius:20px;padding-top:15px;padding-right:15px;padding-bottom:15px;padding-left:15px\">\n<div class=\"wp-block-group is-content-justification-center is-nowrap is-layout-flex wp-container-core-group-is-layout-faecc223 wp-block-group-is-layout-flex\" style=\"margin-bottom:50px\">\n<figure class=\"wp-block-image size-full has-custom-border is-style-default\"><img loading=\"lazy\" decoding=\"async\" width=\"800\" height=\"450\" src=\"https:\/\/alibre.ee\/wp-content\/uploads\/2025\/08\/Sketch-Tools.jpg\" alt=\"\" class=\"has-border-color has-cyan-bluish-gray-border-color wp-image-371\" style=\"border-width:1px;border-radius:5%\" srcset=\"https:\/\/alibre.ee\/wp-content\/uploads\/2025\/08\/Sketch-Tools.jpg 800w, https:\/\/alibre.ee\/wp-content\/uploads\/2025\/08\/Sketch-Tools-600x338.jpg 600w, https:\/\/alibre.ee\/wp-content\/uploads\/2025\/08\/Sketch-Tools-300x169.jpg 300w, https:\/\/alibre.ee\/wp-content\/uploads\/2025\/08\/Sketch-Tools-768x432.jpg 768w, https:\/\/alibre.ee\/wp-content\/uploads\/2025\/08\/Sketch-Tools-18x10.jpg 18w\" sizes=\"auto, (max-width: 800px) 100vw, 800px\" \/><\/figure>\n<\/div>\n\n\n\n<h2 class=\"wp-block-heading has-text-align-center has-black-color has-text-color has-link-color has-medium-font-size wp-elements-607809d43036a950a3c6e2e57e2d6648\" style=\"margin-top:0px\">Sketch Tools<\/h2>\n\n\n\n<p class=\"has-text-align-center has-text-color has-link-color wp-elements-8f209e21540282c9b62619d25c7dbebf\" style=\"color:#000000a8;margin-bottom:30px\">Learning the sketching environment as an input to 3D feature creation.<br><br><br><br><\/p>\n\n\n\n<ul class=\"wp-block-list\">\n<li>Suitable for beginners<\/li>\n\n\n\n<li>13 video tutorials<\/li>\n<\/ul>\n\n\n\n<div class=\"wp-block-buttons is-vertical is-layout-flex wp-container-core-buttons-is-layout-fba7bc4b wp-block-buttons-is-layout-flex\">\n<div class=\"wp-block-button has-custom-width wp-block-button__width-100\"><a class=\"wp-block-button__link has-white-color has-black-background-color has-text-color has-background has-link-color wp-element-button\" href=\"https:\/\/www.alibre.com\/sketching-alibre-design-training\/\" style=\"border-radius:8px;padding-top:12px;padding-bottom:12px\" target=\"_blank\" rel=\"noreferrer noopener\">Start Course<\/a><\/div>\n<\/div>\n<\/div>\n\n\n\n<div class=\"wp-block-column has-border-color is-layout-flow wp-block-column-is-layout-flow\" style=\"border-color:#0000001f;border-style:solid;border-width:2px;border-radius:20px;padding-top:15px;padding-right:15px;padding-bottom:15px;padding-left:15px\">\n<div class=\"wp-block-group is-content-justification-center is-nowrap is-layout-flex wp-container-core-group-is-layout-faecc223 wp-block-group-is-layout-flex\" style=\"margin-bottom:50px\">\n<figure class=\"wp-block-image size-full has-custom-border is-style-default\"><img loading=\"lazy\" decoding=\"async\" width=\"800\" height=\"450\" src=\"https:\/\/alibre.ee\/wp-content\/uploads\/2025\/08\/modeling-exercises-alibre-design.jpg\" alt=\"\" class=\"has-border-color has-cyan-bluish-gray-border-color wp-image-372\" style=\"border-width:1px;border-radius:5%\" srcset=\"https:\/\/alibre.ee\/wp-content\/uploads\/2025\/08\/modeling-exercises-alibre-design.jpg 800w, https:\/\/alibre.ee\/wp-content\/uploads\/2025\/08\/modeling-exercises-alibre-design-600x338.jpg 600w, https:\/\/alibre.ee\/wp-content\/uploads\/2025\/08\/modeling-exercises-alibre-design-300x169.jpg 300w, https:\/\/alibre.ee\/wp-content\/uploads\/2025\/08\/modeling-exercises-alibre-design-768x432.jpg 768w, https:\/\/alibre.ee\/wp-content\/uploads\/2025\/08\/modeling-exercises-alibre-design-18x10.jpg 18w\" sizes=\"auto, (max-width: 800px) 100vw, 800px\" \/><\/figure>\n<\/div>\n\n\n\n<h2 class=\"wp-block-heading has-text-align-center has-black-color has-text-color has-link-color has-medium-font-size wp-elements-ca5bea7f8b491f3c180238f1bd88f03c\" style=\"margin-top:0px\">Modeling Exercises<\/h2>\n\n\n\n<p class=\"has-text-align-center has-text-color has-link-color wp-elements-548b419cdd138e734dee770f03f3a560\" style=\"color:#000000a8;margin-bottom:30px\">Turn 2D drawings into 3D parts. See one way to make them with a follow-along video.<br><br><\/p>\n\n\n\n<ul class=\"wp-block-list\">\n<li>Suitable for beginners<\/li>\n\n\n\n<li>10 video tutorials<\/li>\n<\/ul>\n\n\n\n<div class=\"wp-block-buttons is-vertical is-layout-flex wp-container-core-buttons-is-layout-fba7bc4b wp-block-buttons-is-layout-flex\">\n<div class=\"wp-block-button has-custom-width wp-block-button__width-100\"><a class=\"wp-block-button__link has-white-color has-black-background-color has-text-color has-background has-link-color wp-element-button\" href=\"https:\/\/www.alibre.com\/modeling-exercises\/\" style=\"border-radius:8px;padding-top:12px;padding-bottom:12px\" target=\"_blank\" rel=\"noreferrer noopener\">Start Course<\/a><\/div>\n<\/div>\n<\/div>\n<\/div>\n\n\n\n<p><\/p>\n<\/div>","protected":false},"excerpt":{"rendered":"<p>\u00d5pi tasuta ja omas tempos Samm-sammult professionaaliks Sissejuhatus Esimene pilk Alibre kasutajaliidesele ja t\u00f6\u00f6voole. Osade modelleerimine Individuaalsete modelleerimis-vahendite \u00f5ppimine \u00fcksikute komponentide loomiseks. Visandamine Visandikeskkonna tundma\u00f5ppimine 3D-elementide loomise ettevalmistuseks. Modelleerimisharjutused Muuda 2D joonised 3D mudeliteks.<\/p>","protected":false},"author":1,"featured_media":0,"parent":0,"menu_order":0,"comment_status":"closed","ping_status":"closed","template":"","meta":{"footnotes":""},"class_list":["post-51","page","type-page","status-publish","hentry"],"blocksy_meta":{"has_hero_section":"disabled","styles_descriptor":{"styles":{"desktop":"","tablet":"","mobile":""},"google_fonts":[],"version":6}},"yoast_head":"<!-- This site is optimized with the Yoast SEO plugin v27.0 - https:\/\/yoast.com\/product\/yoast-seo-wordpress\/ -->\n<title>Koolitusmaterjalid - alibre.ee<\/title>\n<meta name=\"robots\" content=\"index, follow, max-snippet:-1, max-image-preview:large, max-video-preview:-1\" \/>\n<link rel=\"canonical\" href=\"https:\/\/alibre.ee\/en\/koolitusmaterjalid\/\" \/>\n<meta property=\"og:locale\" content=\"en_US\" \/>\n<meta property=\"og:type\" content=\"article\" \/>\n<meta property=\"og:title\" content=\"Koolitusmaterjalid - alibre.ee\" \/>\n<meta property=\"og:description\" content=\"\u00d5pi tasuta ja omas tempos Samm-sammult professionaaliks Sissejuhatus Esimene pilk Alibre kasutajaliidesele ja t\u00f6\u00f6voole. Osade modelleerimine Individuaalsete modelleerimis-vahendite \u00f5ppimine \u00fcksikute komponentide loomiseks. Visandamine Visandikeskkonna tundma\u00f5ppimine 3D-elementide loomise ettevalmistuseks. Modelleerimisharjutused Muuda 2D joonised 3D mudeliteks.\" \/>\n<meta property=\"og:url\" content=\"https:\/\/alibre.ee\/en\/koolitusmaterjalid\/\" \/>\n<meta property=\"og:site_name\" content=\"alibre.ee\" \/>\n<meta property=\"article:modified_time\" content=\"2025-09-17T09:34:05+00:00\" \/>\n<meta property=\"og:image\" content=\"https:\/\/alibre.ee\/wp-content\/uploads\/2025\/08\/Introduction-1.jpg\" \/>\n<meta name=\"twitter:card\" content=\"summary_large_image\" \/>\n<script type=\"application\/ld+json\" class=\"yoast-schema-graph\">{\"@context\":\"https:\/\/schema.org\",\"@graph\":[{\"@type\":\"WebPage\",\"@id\":\"https:\/\/alibre.ee\/koolitusmaterjalid\/\",\"url\":\"https:\/\/alibre.ee\/koolitusmaterjalid\/\",\"name\":\"Koolitusmaterjalid - alibre.ee\",\"isPartOf\":{\"@id\":\"https:\/\/alibre.ee\/#website\"},\"primaryImageOfPage\":{\"@id\":\"https:\/\/alibre.ee\/koolitusmaterjalid\/#primaryimage\"},\"image\":{\"@id\":\"https:\/\/alibre.ee\/koolitusmaterjalid\/#primaryimage\"},\"thumbnailUrl\":\"https:\/\/alibre.ee\/wp-content\/uploads\/2025\/08\/Introduction-1.jpg\",\"datePublished\":\"2025-08-27T19:02:50+00:00\",\"dateModified\":\"2025-09-17T09:34:05+00:00\",\"breadcrumb\":{\"@id\":\"https:\/\/alibre.ee\/koolitusmaterjalid\/#breadcrumb\"},\"inLanguage\":\"en-US\",\"potentialAction\":[{\"@type\":\"ReadAction\",\"target\":[\"https:\/\/alibre.ee\/koolitusmaterjalid\/\"]}]},{\"@type\":\"ImageObject\",\"inLanguage\":\"en-US\",\"@id\":\"https:\/\/alibre.ee\/koolitusmaterjalid\/#primaryimage\",\"url\":\"https:\/\/alibre.ee\/wp-content\/uploads\/2025\/08\/Introduction-1.jpg\",\"contentUrl\":\"https:\/\/alibre.ee\/wp-content\/uploads\/2025\/08\/Introduction-1.jpg\"},{\"@type\":\"BreadcrumbList\",\"@id\":\"https:\/\/alibre.ee\/koolitusmaterjalid\/#breadcrumb\",\"itemListElement\":[{\"@type\":\"ListItem\",\"position\":1,\"name\":\"Home\",\"item\":\"https:\/\/alibre.ee\/\"},{\"@type\":\"ListItem\",\"position\":2,\"name\":\"Koolitusmaterjalid\"}]},{\"@type\":\"WebSite\",\"@id\":\"https:\/\/alibre.ee\/#website\",\"url\":\"https:\/\/alibre.ee\/\",\"name\":\"Alibre Eesti\",\"description\":\"Taskukohase hinnaga CAD\",\"publisher\":{\"@id\":\"https:\/\/alibre.ee\/#organization\"},\"alternateName\":\"alibre\",\"potentialAction\":[{\"@type\":\"SearchAction\",\"target\":{\"@type\":\"EntryPoint\",\"urlTemplate\":\"https:\/\/alibre.ee\/?s={search_term_string}\"},\"query-input\":{\"@type\":\"PropertyValueSpecification\",\"valueRequired\":true,\"valueName\":\"search_term_string\"}}],\"inLanguage\":\"en-US\"},{\"@type\":\"Organization\",\"@id\":\"https:\/\/alibre.ee\/#organization\",\"name\":\"Alibre CAD Eesti\",\"url\":\"https:\/\/alibre.ee\/\",\"logo\":{\"@type\":\"ImageObject\",\"inLanguage\":\"en-US\",\"@id\":\"https:\/\/alibre.ee\/#\/schema\/logo\/image\/\",\"url\":\"https:\/\/alibre.ee\/wp-content\/uploads\/2025\/08\/Alibre-Logo-forum.svg\",\"contentUrl\":\"https:\/\/alibre.ee\/wp-content\/uploads\/2025\/08\/Alibre-Logo-forum.svg\",\"width\":180,\"height\":64,\"caption\":\"Alibre CAD Eesti\"},\"image\":{\"@id\":\"https:\/\/alibre.ee\/#\/schema\/logo\/image\/\"}}]}<\/script>\n<!-- \/ Yoast SEO plugin. -->","yoast_head_json":{"title":"Koolitusmaterjalid - alibre.ee","robots":{"index":"index","follow":"follow","max-snippet":"max-snippet:-1","max-image-preview":"max-image-preview:large","max-video-preview":"max-video-preview:-1"},"canonical":"https:\/\/alibre.ee\/en\/koolitusmaterjalid\/","og_locale":"en_US","og_type":"article","og_title":"Koolitusmaterjalid - alibre.ee","og_description":"\u00d5pi tasuta ja omas tempos Samm-sammult professionaaliks Sissejuhatus Esimene pilk Alibre kasutajaliidesele ja t\u00f6\u00f6voole. Osade modelleerimine Individuaalsete modelleerimis-vahendite \u00f5ppimine \u00fcksikute komponentide loomiseks. Visandamine Visandikeskkonna tundma\u00f5ppimine 3D-elementide loomise ettevalmistuseks. Modelleerimisharjutused Muuda 2D joonised 3D mudeliteks.","og_url":"https:\/\/alibre.ee\/en\/koolitusmaterjalid\/","og_site_name":"alibre.ee","article_modified_time":"2025-09-17T09:34:05+00:00","og_image":[{"url":"https:\/\/alibre.ee\/wp-content\/uploads\/2025\/08\/Introduction-1.jpg","type":"","width":"","height":""}],"twitter_card":"summary_large_image","schema":{"@context":"https:\/\/schema.org","@graph":[{"@type":"WebPage","@id":"https:\/\/alibre.ee\/koolitusmaterjalid\/","url":"https:\/\/alibre.ee\/koolitusmaterjalid\/","name":"Koolitusmaterjalid - alibre.ee","isPartOf":{"@id":"https:\/\/alibre.ee\/#website"},"primaryImageOfPage":{"@id":"https:\/\/alibre.ee\/koolitusmaterjalid\/#primaryimage"},"image":{"@id":"https:\/\/alibre.ee\/koolitusmaterjalid\/#primaryimage"},"thumbnailUrl":"https:\/\/alibre.ee\/wp-content\/uploads\/2025\/08\/Introduction-1.jpg","datePublished":"2025-08-27T19:02:50+00:00","dateModified":"2025-09-17T09:34:05+00:00","breadcrumb":{"@id":"https:\/\/alibre.ee\/koolitusmaterjalid\/#breadcrumb"},"inLanguage":"en-US","potentialAction":[{"@type":"ReadAction","target":["https:\/\/alibre.ee\/koolitusmaterjalid\/"]}]},{"@type":"ImageObject","inLanguage":"en-US","@id":"https:\/\/alibre.ee\/koolitusmaterjalid\/#primaryimage","url":"https:\/\/alibre.ee\/wp-content\/uploads\/2025\/08\/Introduction-1.jpg","contentUrl":"https:\/\/alibre.ee\/wp-content\/uploads\/2025\/08\/Introduction-1.jpg"},{"@type":"BreadcrumbList","@id":"https:\/\/alibre.ee\/koolitusmaterjalid\/#breadcrumb","itemListElement":[{"@type":"ListItem","position":1,"name":"Home","item":"https:\/\/alibre.ee\/"},{"@type":"ListItem","position":2,"name":"Koolitusmaterjalid"}]},{"@type":"WebSite","@id":"https:\/\/alibre.ee\/#website","url":"https:\/\/alibre.ee\/","name":"Alibre Eesti","description":"Taskukohase hinnaga CAD","publisher":{"@id":"https:\/\/alibre.ee\/#organization"},"alternateName":"alibre","potentialAction":[{"@type":"SearchAction","target":{"@type":"EntryPoint","urlTemplate":"https:\/\/alibre.ee\/?s={search_term_string}"},"query-input":{"@type":"PropertyValueSpecification","valueRequired":true,"valueName":"search_term_string"}}],"inLanguage":"en-US"},{"@type":"Organization","@id":"https:\/\/alibre.ee\/#organization","name":"Alibre CAD Eesti","url":"https:\/\/alibre.ee\/","logo":{"@type":"ImageObject","inLanguage":"en-US","@id":"https:\/\/alibre.ee\/#\/schema\/logo\/image\/","url":"https:\/\/alibre.ee\/wp-content\/uploads\/2025\/08\/Alibre-Logo-forum.svg","contentUrl":"https:\/\/alibre.ee\/wp-content\/uploads\/2025\/08\/Alibre-Logo-forum.svg","width":180,"height":64,"caption":"Alibre CAD Eesti"},"image":{"@id":"https:\/\/alibre.ee\/#\/schema\/logo\/image\/"}}]}},"_links":{"self":[{"href":"https:\/\/alibre.ee\/en\/wp-json\/wp\/v2\/pages\/51","targetHints":{"allow":["GET"]}}],"collection":[{"href":"https:\/\/alibre.ee\/en\/wp-json\/wp\/v2\/pages"}],"about":[{"href":"https:\/\/alibre.ee\/en\/wp-json\/wp\/v2\/types\/page"}],"author":[{"embeddable":true,"href":"https:\/\/alibre.ee\/en\/wp-json\/wp\/v2\/users\/1"}],"replies":[{"embeddable":true,"href":"https:\/\/alibre.ee\/en\/wp-json\/wp\/v2\/comments?post=51"}],"version-history":[{"count":22,"href":"https:\/\/alibre.ee\/en\/wp-json\/wp\/v2\/pages\/51\/revisions"}],"predecessor-version":[{"id":712,"href":"https:\/\/alibre.ee\/en\/wp-json\/wp\/v2\/pages\/51\/revisions\/712"}],"wp:attachment":[{"href":"https:\/\/alibre.ee\/en\/wp-json\/wp\/v2\/media?parent=51"}],"curies":[{"name":"wp","href":"https:\/\/api.w.org\/{rel}","templated":true}]}}