{"id":55,"date":"2025-08-27T19:04:37","date_gmt":"2025-08-27T19:04:37","guid":{"rendered":"https:\/\/alibre.ee\/?page_id=55"},"modified":"2025-09-17T15:44:21","modified_gmt":"2025-09-17T15:44:21","slug":"versiooniajalugu","status":"publish","type":"page","link":"https:\/\/alibre.ee\/en\/versiooniajalugu\/","title":{"rendered":"Alibre Releases"},"content":{"rendered":"<h2 class=\"wp-block-heading\" style=\"margin-top:var(--wp--preset--spacing--40);margin-bottom:var(--wp--preset--spacing--20)\">Alibre Releases<\/h2>\n\n\n\n<p>Alibre software is evolving rapidly - frequent updates and continuous improvements ensure that you always have the most modern tools that make the design process smooth, efficient, and worry-free.<\/p>\n\n\n\n<div class=\"wp-block-columns is-layout-flex wp-container-core-columns-is-layout-28f84493 wp-block-columns-is-layout-flex\">\n<div class=\"wp-block-column is-layout-flow wp-block-column-is-layout-flow\" style=\"border-width:2px;border-radius:10px\">\n<div class=\"wp-block-columns is-layout-flex wp-container-core-columns-is-layout-9350a821 wp-block-columns-is-layout-flex\" style=\"padding-top:var(--wp--preset--spacing--60);padding-right:var(--wp--preset--spacing--60);padding-bottom:var(--wp--preset--spacing--60);padding-left:var(--wp--preset--spacing--60)\">\n<div class=\"wp-block-column is-layout-flow wp-block-column-is-layout-flow\" style=\"flex-basis:50%\">\n<h1 class=\"wp-block-heading\" id=\"headline-1526-5517\" style=\"margin-top:0;margin-bottom:0;padding-top:0;padding-bottom:0\">Versioon 28<\/h1>\n\n\n\n<p style=\"margin-top:var(--wp--preset--spacing--20);margin-bottom:var(--wp--preset--spacing--20);padding-top:0;padding-bottom:0\">30.05.2024<\/p>\n\n\n\n<p class=\"has-medium-font-size\" style=\"margin-top:0;margin-bottom:0\"><strong>5<\/strong> New Functions<\/p>\n\n\n\n<p class=\"has-medium-font-size\" style=\"margin-top:0;margin-bottom:0;padding-top:0;padding-bottom:0\"><strong>30+ <\/strong>Bugfixes and improvements<br><\/p>\n\n\n\n<div class=\"wp-block-buttons is-layout-flex wp-block-buttons-is-layout-flex\" style=\"padding-top:var(--wp--preset--spacing--30);padding-bottom:0\">\n<div class=\"wp-block-button has-custom-width wp-block-button__width-100\"><a class=\"wp-block-button__link wp-element-button\" href=\"https:\/\/www.alibre.com\/version28\/\" target=\"_blank\" rel=\"noreferrer noopener\">Read more<\/a><\/div>\n<\/div>\n\n\n\n<p class=\"test-link has-palette-color-4-color has-text-color has-link-color wp-elements-0e2220c6c193745cb5229a4b881a7e55\"><a href=\"https:\/\/www.alibre.com\/version281sp1\/\" data-type=\"link\" data-id=\"https:\/\/www.alibre.com\/version281sp1\/\" target=\"_blank\" rel=\"noreferrer noopener\">30.06.2025 &#8211; 28.1 SP1<br><\/a><a href=\"https:\/\/www.alibre.com\/version-281\/\" data-type=\"link\" data-id=\"https:\/\/www.alibre.com\/version-281\/\">01.06.2025 &#8211; 28.1<br><\/a><a href=\"https:\/\/www.alibre.com\/version-28-sp4\/\" data-type=\"link\" data-id=\"https:\/\/www.alibre.com\/version-28-sp4\/\" target=\"_blank\" rel=\"noreferrer noopener\">24.02.2025 &#8211; 28.0.4 Bugfix Release<br><\/a><a href=\"https:\/\/www.alibre.com\/version-28-sp3\/\" target=\"_blank\" rel=\"noreferrer noopener\">10.02.2025 &#8211; 28.0.3 PDM Bugfix Release<br><\/a><a href=\"https:\/\/www.alibre.com\/version2802\/\" data-type=\"link\" data-id=\"https:\/\/www.alibre.com\/version2802\/\" target=\"_blank\" rel=\"noreferrer noopener\">06.11.2024 &#8211; 28.0.2 PDM Release<br><\/a><a href=\"https:\/\/www.alibre.com\/version28sp1\/\" target=\"_blank\" rel=\"noreferrer noopener\">13.06.2024 &#8211; 28.0.1 Service Pack 1<\/a><\/p>\n<\/div>\n\n\n\n<div class=\"wp-block-column is-vertically-aligned-center is-layout-flow wp-container-core-column-is-layout-92d440f1 wp-block-column-is-layout-flow\" style=\"padding-top:0;padding-bottom:0;flex-basis:50%\">\n<figure class=\"wp-block-image size-full\"><img loading=\"lazy\" decoding=\"async\" width=\"750\" height=\"485\" src=\"https:\/\/alibre.ee\/wp-content\/uploads\/2025\/09\/adv28.webp\" alt=\"\" class=\"wp-image-758\" srcset=\"https:\/\/alibre.ee\/wp-content\/uploads\/2025\/09\/adv28.webp 750w, https:\/\/alibre.ee\/wp-content\/uploads\/2025\/09\/adv28-600x388.webp 600w, https:\/\/alibre.ee\/wp-content\/uploads\/2025\/09\/adv28-300x194.webp 300w, https:\/\/alibre.ee\/wp-content\/uploads\/2025\/09\/adv28-18x12.webp 18w\" sizes=\"auto, (max-width: 750px) 100vw, 750px\" \/><\/figure>\n<\/div>\n<\/div>\n<\/div>\n<\/div>\n\n\n\n<div class=\"wp-block-columns is-layout-flex wp-container-core-columns-is-layout-28f84493 wp-block-columns-is-layout-flex\">\n<div class=\"wp-block-column is-layout-flow wp-block-column-is-layout-flow\" style=\"border-width:2px;border-radius:10px\">\n<div class=\"wp-block-columns is-layout-flex wp-container-core-columns-is-layout-9350a821 wp-block-columns-is-layout-flex\" style=\"padding-top:var(--wp--preset--spacing--60);padding-right:var(--wp--preset--spacing--60);padding-bottom:var(--wp--preset--spacing--60);padding-left:var(--wp--preset--spacing--60)\">\n<div class=\"wp-block-column is-layout-flow wp-block-column-is-layout-flow\" style=\"flex-basis:50%\">\n<h1 class=\"wp-block-heading\" id=\"headline-1526-5517\" style=\"margin-top:0;margin-bottom:0;padding-top:0;padding-bottom:0\">Versioon 27<\/h1>\n\n\n\n<p style=\"margin-top:var(--wp--preset--spacing--20);margin-bottom:var(--wp--preset--spacing--20);padding-top:0;padding-bottom:0\">15.08.2023<\/p>\n\n\n\n<p class=\"has-medium-font-size\" style=\"margin-top:0;margin-bottom:0\"><strong>5<\/strong> New Functions<\/p>\n\n\n\n<p class=\"has-medium-font-size\" style=\"margin-top:0;margin-bottom:0;padding-top:0;padding-bottom:0\"><strong>60+ <\/strong>Bugfixes and improvements<br><\/p>\n\n\n\n<div class=\"wp-block-buttons is-layout-flex wp-block-buttons-is-layout-flex\" style=\"padding-top:var(--wp--preset--spacing--30);padding-bottom:0\">\n<div class=\"wp-block-button has-custom-width wp-block-button__width-100\"><a class=\"wp-block-button__link wp-element-button\" href=\"https:\/\/www.alibre.com\/version27\/\" target=\"_blank\" rel=\"noreferrer noopener\">Read more<\/a><\/div>\n<\/div>\n\n\n\n<p class=\"test-link has-palette-color-4-color has-text-color has-link-color wp-elements-f4e1813eab4710966f9202af05d2d6f5\"><\/p>\n<\/div>\n\n\n\n<div class=\"wp-block-column is-vertically-aligned-center is-layout-flow wp-container-core-column-is-layout-92d440f1 wp-block-column-is-layout-flow\" style=\"padding-top:0;padding-bottom:0;flex-basis:50%\">\n<figure class=\"wp-block-image size-full\"><img loading=\"lazy\" decoding=\"async\" width=\"750\" height=\"485\" src=\"https:\/\/alibre.ee\/wp-content\/uploads\/2025\/09\/v27.webp\" alt=\"\" class=\"wp-image-769\" srcset=\"https:\/\/alibre.ee\/wp-content\/uploads\/2025\/09\/v27.webp 750w, https:\/\/alibre.ee\/wp-content\/uploads\/2025\/09\/v27-600x388.webp 600w, https:\/\/alibre.ee\/wp-content\/uploads\/2025\/09\/v27-300x194.webp 300w, https:\/\/alibre.ee\/wp-content\/uploads\/2025\/09\/v27-18x12.webp 18w\" sizes=\"auto, (max-width: 750px) 100vw, 750px\" \/><\/figure>\n<\/div>\n<\/div>\n<\/div>\n<\/div>\n\n\n\n<div class=\"wp-block-columns is-layout-flex wp-container-core-columns-is-layout-28f84493 wp-block-columns-is-layout-flex\">\n<div class=\"wp-block-column is-layout-flow wp-block-column-is-layout-flow\" style=\"border-width:2px;border-radius:10px\">\n<div class=\"wp-block-columns is-layout-flex wp-container-core-columns-is-layout-9350a821 wp-block-columns-is-layout-flex\" style=\"padding-top:var(--wp--preset--spacing--60);padding-right:var(--wp--preset--spacing--60);padding-bottom:var(--wp--preset--spacing--60);padding-left:var(--wp--preset--spacing--60)\">\n<div class=\"wp-block-column is-layout-flow wp-block-column-is-layout-flow\" style=\"flex-basis:50%\">\n<h1 class=\"wp-block-heading\" id=\"headline-1526-5517\" style=\"margin-top:0;margin-bottom:0;padding-top:0;padding-bottom:0\">Versioon 26<\/h1>\n\n\n\n<p style=\"margin-top:var(--wp--preset--spacing--20);margin-bottom:var(--wp--preset--spacing--20);padding-top:0;padding-bottom:0\">12.12.2022<\/p>\n\n\n\n<p class=\"has-medium-font-size\" style=\"margin-top:0;margin-bottom:0\"><strong>28<\/strong> New Functions<\/p>\n\n\n\n<p class=\"has-medium-font-size\" style=\"margin-top:0;margin-bottom:0;padding-top:0;padding-bottom:0\"><strong>44+ <\/strong>Bugfixes and improvements<br><\/p>\n\n\n\n<div class=\"wp-block-buttons is-layout-flex wp-block-buttons-is-layout-flex\" style=\"padding-top:var(--wp--preset--spacing--30);padding-bottom:0\">\n<div class=\"wp-block-button has-custom-width wp-block-button__width-100\"><a class=\"wp-block-button__link wp-element-button\" href=\"https:\/\/www.alibre.com\/version26\/\" target=\"_blank\" rel=\"noreferrer noopener\">Read more<\/a><\/div>\n<\/div>\n\n\n\n<p class=\"test-link has-palette-color-4-color has-text-color has-link-color wp-elements-f4e1813eab4710966f9202af05d2d6f5\"><\/p>\n<\/div>\n\n\n\n<div class=\"wp-block-column is-vertically-aligned-center is-layout-flow wp-container-core-column-is-layout-92d440f1 wp-block-column-is-layout-flow\" style=\"padding-top:0;padding-bottom:0;flex-basis:50%\">\n<figure class=\"wp-block-image size-full\"><img loading=\"lazy\" decoding=\"async\" width=\"750\" height=\"485\" src=\"https:\/\/alibre.ee\/wp-content\/uploads\/2025\/09\/v26.webp\" alt=\"\" class=\"wp-image-775\" srcset=\"https:\/\/alibre.ee\/wp-content\/uploads\/2025\/09\/v26.webp 750w, https:\/\/alibre.ee\/wp-content\/uploads\/2025\/09\/v26-600x388.webp 600w, https:\/\/alibre.ee\/wp-content\/uploads\/2025\/09\/v26-300x194.webp 300w, https:\/\/alibre.ee\/wp-content\/uploads\/2025\/09\/v26-18x12.webp 18w\" sizes=\"auto, (max-width: 750px) 100vw, 750px\" \/><\/figure>\n<\/div>\n<\/div>\n<\/div>\n<\/div>\n\n\n\n<div class=\"wp-block-columns is-layout-flex wp-container-core-columns-is-layout-28f84493 wp-block-columns-is-layout-flex\">\n<div class=\"wp-block-column is-layout-flow wp-block-column-is-layout-flow\" style=\"border-width:2px;border-radius:10px\">\n<div class=\"wp-block-columns is-layout-flex wp-container-core-columns-is-layout-9350a821 wp-block-columns-is-layout-flex\" style=\"padding-top:var(--wp--preset--spacing--60);padding-right:var(--wp--preset--spacing--60);padding-bottom:var(--wp--preset--spacing--60);padding-left:var(--wp--preset--spacing--60)\">\n<div class=\"wp-block-column is-layout-flow wp-block-column-is-layout-flow\" style=\"flex-basis:50%\">\n<h1 class=\"wp-block-heading\" id=\"headline-1526-5517\" style=\"margin-top:0;margin-bottom:0;padding-top:0;padding-bottom:0\">Versioon 25<\/h1>\n\n\n\n<p style=\"margin-top:var(--wp--preset--spacing--20);margin-bottom:var(--wp--preset--spacing--20);padding-top:0;padding-bottom:0\">20.06.2022<\/p>\n\n\n\n<p class=\"has-medium-font-size\" style=\"margin-top:0;margin-bottom:0\"><strong>8<\/strong> New Functions<\/p>\n\n\n\n<p class=\"has-medium-font-size\" style=\"margin-top:0;margin-bottom:0;padding-top:0;padding-bottom:0\"><strong>73+ <\/strong>Bugfixes and improvements<br><\/p>\n\n\n\n<div class=\"wp-block-buttons is-layout-flex wp-block-buttons-is-layout-flex\" style=\"padding-top:var(--wp--preset--spacing--30);padding-bottom:0\">\n<div class=\"wp-block-button has-custom-width wp-block-button__width-100\"><a class=\"wp-block-button__link wp-element-button\" href=\"https:\/\/www.alibre.com\/version27\/\" target=\"_blank\" rel=\"noreferrer noopener\">Read more<\/a><\/div>\n<\/div>\n\n\n\n<p class=\"test-link has-palette-color-4-color has-text-color has-link-color wp-elements-f4e1813eab4710966f9202af05d2d6f5\"><\/p>\n<\/div>\n\n\n\n<div class=\"wp-block-column is-vertically-aligned-center is-layout-flow wp-container-core-column-is-layout-92d440f1 wp-block-column-is-layout-flow\" style=\"padding-top:0;padding-bottom:0;flex-basis:50%\">\n<figure class=\"wp-block-image size-full\"><img loading=\"lazy\" decoding=\"async\" width=\"750\" height=\"485\" src=\"https:\/\/alibre.ee\/wp-content\/uploads\/2025\/09\/v25.webp\" alt=\"\" class=\"wp-image-776\" srcset=\"https:\/\/alibre.ee\/wp-content\/uploads\/2025\/09\/v25.webp 750w, https:\/\/alibre.ee\/wp-content\/uploads\/2025\/09\/v25-600x388.webp 600w, https:\/\/alibre.ee\/wp-content\/uploads\/2025\/09\/v25-300x194.webp 300w, https:\/\/alibre.ee\/wp-content\/uploads\/2025\/09\/v25-18x12.webp 18w\" sizes=\"auto, (max-width: 750px) 100vw, 750px\" \/><\/figure>\n<\/div>\n<\/div>\n<\/div>\n<\/div>\n\n\n\n<div class=\"wp-block-columns is-layout-flex wp-container-core-columns-is-layout-28f84493 wp-block-columns-is-layout-flex\">\n<div class=\"wp-block-column is-layout-flow wp-block-column-is-layout-flow\" style=\"border-width:2px;border-radius:10px\">\n<div class=\"wp-block-columns is-layout-flex wp-container-core-columns-is-layout-9350a821 wp-block-columns-is-layout-flex\" style=\"padding-top:var(--wp--preset--spacing--60);padding-right:var(--wp--preset--spacing--60);padding-bottom:var(--wp--preset--spacing--60);padding-left:var(--wp--preset--spacing--60)\">\n<div class=\"wp-block-column is-layout-flow wp-block-column-is-layout-flow\" style=\"flex-basis:50%\">\n<h1 class=\"wp-block-heading\" id=\"headline-1526-5517\" style=\"margin-top:0;margin-bottom:0;padding-top:0;padding-bottom:0\">Versioon 24<\/h1>\n\n\n\n<p style=\"margin-top:var(--wp--preset--spacing--20);margin-bottom:var(--wp--preset--spacing--20);padding-top:0;padding-bottom:0\">06.12.2021<\/p>\n\n\n\n<p class=\"has-medium-font-size\" style=\"margin-top:0;margin-bottom:0\"><strong>7<\/strong> New Functions<\/p>\n\n\n\n<p class=\"has-medium-font-size\" style=\"margin-top:0;margin-bottom:0;padding-top:0;padding-bottom:0\"><strong>57+ <\/strong>Bugfixes and improvements<br><\/p>\n\n\n\n<div class=\"wp-block-buttons is-layout-flex wp-block-buttons-is-layout-flex\" style=\"padding-top:var(--wp--preset--spacing--30);padding-bottom:0\">\n<div class=\"wp-block-button has-custom-width wp-block-button__width-100\"><a class=\"wp-block-button__link wp-element-button\" href=\"https:\/\/www.alibre.com\/version24\/\" target=\"_blank\" rel=\"noreferrer noopener\">Read more<\/a><\/div>\n<\/div>\n\n\n\n<p class=\"test-link has-palette-color-4-color has-text-color has-link-color wp-elements-f4e1813eab4710966f9202af05d2d6f5\"><\/p>\n<\/div>\n\n\n\n<div class=\"wp-block-column is-vertically-aligned-center is-layout-flow wp-container-core-column-is-layout-92d440f1 wp-block-column-is-layout-flow\" style=\"padding-top:0;padding-bottom:0;flex-basis:50%\">\n<figure class=\"wp-block-image size-full\"><img loading=\"lazy\" decoding=\"async\" width=\"750\" height=\"485\" src=\"https:\/\/alibre.ee\/wp-content\/uploads\/2025\/09\/v24a.webp\" alt=\"\" class=\"wp-image-777\" srcset=\"https:\/\/alibre.ee\/wp-content\/uploads\/2025\/09\/v24a.webp 750w, https:\/\/alibre.ee\/wp-content\/uploads\/2025\/09\/v24a-600x388.webp 600w, https:\/\/alibre.ee\/wp-content\/uploads\/2025\/09\/v24a-300x194.webp 300w, https:\/\/alibre.ee\/wp-content\/uploads\/2025\/09\/v24a-18x12.webp 18w\" sizes=\"auto, (max-width: 750px) 100vw, 750px\" \/><\/figure>\n<\/div>\n<\/div>\n<\/div>\n<\/div>\n\n\n\n<div class=\"wp-block-columns is-layout-flex wp-container-core-columns-is-layout-28f84493 wp-block-columns-is-layout-flex\">\n<div class=\"wp-block-column is-layout-flow wp-block-column-is-layout-flow\" style=\"border-width:2px;border-radius:10px\">\n<div class=\"wp-block-columns is-layout-flex wp-container-core-columns-is-layout-9350a821 wp-block-columns-is-layout-flex\" style=\"padding-top:var(--wp--preset--spacing--60);padding-right:var(--wp--preset--spacing--60);padding-bottom:var(--wp--preset--spacing--60);padding-left:var(--wp--preset--spacing--60)\">\n<div class=\"wp-block-column is-layout-flow wp-block-column-is-layout-flow\" style=\"flex-basis:50%\">\n<h1 class=\"wp-block-heading\" id=\"headline-1526-5517\" style=\"margin-top:0;margin-bottom:0;padding-top:0;padding-bottom:0\">Versioon 23<\/h1>\n\n\n\n<p style=\"margin-top:var(--wp--preset--spacing--20);margin-bottom:var(--wp--preset--spacing--20);padding-top:0;padding-bottom:0\">20.05.2021<\/p>\n\n\n\n<p class=\"has-medium-font-size\" style=\"margin-top:0;margin-bottom:0\"><strong>6<\/strong> New Functions<\/p>\n\n\n\n<p class=\"has-medium-font-size\" style=\"margin-top:0;margin-bottom:0;padding-top:0;padding-bottom:0\"><strong>72+ <\/strong>Bugfixes and improvements<br><\/p>\n\n\n\n<div class=\"wp-block-buttons is-layout-flex wp-block-buttons-is-layout-flex\" style=\"padding-top:var(--wp--preset--spacing--30);padding-bottom:0\">\n<div class=\"wp-block-button has-custom-width wp-block-button__width-100\"><a class=\"wp-block-button__link wp-element-button\" href=\"https:\/\/www.alibre.com\/version23\/\" target=\"_blank\" rel=\"noreferrer noopener\">Read more<\/a><\/div>\n<\/div>\n\n\n\n<p class=\"test-link has-palette-color-4-color has-text-color has-link-color wp-elements-f4e1813eab4710966f9202af05d2d6f5\"><\/p>\n<\/div>\n\n\n\n<div class=\"wp-block-column is-vertically-aligned-center is-layout-flow wp-container-core-column-is-layout-92d440f1 wp-block-column-is-layout-flow\" style=\"padding-top:0;padding-bottom:0;flex-basis:50%\">\n<figure class=\"wp-block-image size-full\"><img loading=\"lazy\" decoding=\"async\" width=\"750\" height=\"485\" src=\"https:\/\/alibre.ee\/wp-content\/uploads\/2025\/09\/v23a.webp\" alt=\"\" class=\"wp-image-778\" srcset=\"https:\/\/alibre.ee\/wp-content\/uploads\/2025\/09\/v23a.webp 750w, https:\/\/alibre.ee\/wp-content\/uploads\/2025\/09\/v23a-600x388.webp 600w, https:\/\/alibre.ee\/wp-content\/uploads\/2025\/09\/v23a-300x194.webp 300w, https:\/\/alibre.ee\/wp-content\/uploads\/2025\/09\/v23a-18x12.webp 18w\" sizes=\"auto, (max-width: 750px) 100vw, 750px\" \/><\/figure>\n<\/div>\n<\/div>\n<\/div>\n<\/div>\n\n\n\n<p><\/p>","protected":false},"excerpt":{"rendered":"<p>Versiooniajalugu Alibre tarkvara areneb kiirelt &#8211; tihedad uuendused ja pidevad t\u00e4iustused tagavad, et sul on alati k\u00f5ige kaasaegsemad t\u00f6\u00f6riistad, mis muudavad disainiprotsessi sujuvaks, efektiivseks ja muretuks. Versioon 28 30.05.2024 5 Uut funktsiooni 30+ Olemasolevate funktsioonide t\u00e4iendust 30.06.2025 &#8211; 28.1 SP101.06.2025 &#8211; 28.124.02.2025 &#8211; 28.0.4 Bugfix Release10.02.2025 &#8211; 28.0.3 PDM Bugfix Release06.11.2024 &#8211; 28.0.2 PDM Release13.06.2024 [&hellip;]<\/p>","protected":false},"author":1,"featured_media":0,"parent":0,"menu_order":0,"comment_status":"closed","ping_status":"closed","template":"","meta":{"footnotes":""},"class_list":["post-55","page","type-page","status-publish","hentry"],"blocksy_meta":{"has_hero_section":"disabled","styles_descriptor":{"styles":{"desktop":"","tablet":"","mobile":""},"google_fonts":[],"version":6}},"yoast_head":"<!-- This site is optimized with the Yoast SEO plugin v27.0 - https:\/\/yoast.com\/product\/yoast-seo-wordpress\/ -->\n<title>Versiooniajalugu - alibre.ee<\/title>\n<meta name=\"robots\" content=\"index, follow, max-snippet:-1, max-image-preview:large, max-video-preview:-1\" \/>\n<link rel=\"canonical\" href=\"https:\/\/alibre.ee\/en\/versiooniajalugu\/\" \/>\n<meta property=\"og:locale\" content=\"en_US\" \/>\n<meta property=\"og:type\" content=\"article\" \/>\n<meta property=\"og:title\" content=\"Versiooniajalugu - alibre.ee\" \/>\n<meta property=\"og:description\" content=\"Versiooniajalugu Alibre tarkvara areneb kiirelt &#8211; tihedad uuendused ja pidevad t\u00e4iustused tagavad, et sul on alati k\u00f5ige kaasaegsemad t\u00f6\u00f6riistad, mis muudavad disainiprotsessi sujuvaks, efektiivseks ja muretuks. Versioon 28 30.05.2024 5 Uut funktsiooni 30+ Olemasolevate funktsioonide t\u00e4iendust 30.06.2025 &#8211; 28.1 SP101.06.2025 &#8211; 28.124.02.2025 &#8211; 28.0.4 Bugfix Release10.02.2025 &#8211; 28.0.3 PDM Bugfix Release06.11.2024 &#8211; 28.0.2 PDM Release13.06.2024 [&hellip;]\" \/>\n<meta property=\"og:url\" content=\"https:\/\/alibre.ee\/en\/versiooniajalugu\/\" \/>\n<meta property=\"og:site_name\" content=\"alibre.ee\" \/>\n<meta property=\"article:modified_time\" content=\"2025-09-17T15:44:21+00:00\" \/>\n<meta property=\"og:image\" content=\"https:\/\/alibre.ee\/wp-content\/uploads\/2025\/09\/adv28.webp\" \/>\n<meta name=\"twitter:card\" content=\"summary_large_image\" \/>\n<meta name=\"twitter:label1\" content=\"Est. reading time\" \/>\n\t<meta name=\"twitter:data1\" content=\"1 minute\" \/>\n<script type=\"application\/ld+json\" class=\"yoast-schema-graph\">{\"@context\":\"https:\/\/schema.org\",\"@graph\":[{\"@type\":\"WebPage\",\"@id\":\"https:\/\/alibre.ee\/versiooniajalugu\/\",\"url\":\"https:\/\/alibre.ee\/versiooniajalugu\/\",\"name\":\"Versiooniajalugu - alibre.ee\",\"isPartOf\":{\"@id\":\"https:\/\/alibre.ee\/#website\"},\"primaryImageOfPage\":{\"@id\":\"https:\/\/alibre.ee\/versiooniajalugu\/#primaryimage\"},\"image\":{\"@id\":\"https:\/\/alibre.ee\/versiooniajalugu\/#primaryimage\"},\"thumbnailUrl\":\"https:\/\/alibre.ee\/wp-content\/uploads\/2025\/09\/adv28.webp\",\"datePublished\":\"2025-08-27T19:04:37+00:00\",\"dateModified\":\"2025-09-17T15:44:21+00:00\",\"breadcrumb\":{\"@id\":\"https:\/\/alibre.ee\/versiooniajalugu\/#breadcrumb\"},\"inLanguage\":\"en-US\",\"potentialAction\":[{\"@type\":\"ReadAction\",\"target\":[\"https:\/\/alibre.ee\/versiooniajalugu\/\"]}]},{\"@type\":\"ImageObject\",\"inLanguage\":\"en-US\",\"@id\":\"https:\/\/alibre.ee\/versiooniajalugu\/#primaryimage\",\"url\":\"https:\/\/alibre.ee\/wp-content\/uploads\/2025\/09\/adv28.webp\",\"contentUrl\":\"https:\/\/alibre.ee\/wp-content\/uploads\/2025\/09\/adv28.webp\"},{\"@type\":\"BreadcrumbList\",\"@id\":\"https:\/\/alibre.ee\/versiooniajalugu\/#breadcrumb\",\"itemListElement\":[{\"@type\":\"ListItem\",\"position\":1,\"name\":\"Home\",\"item\":\"https:\/\/alibre.ee\/\"},{\"@type\":\"ListItem\",\"position\":2,\"name\":\"Versiooniajalugu\"}]},{\"@type\":\"WebSite\",\"@id\":\"https:\/\/alibre.ee\/#website\",\"url\":\"https:\/\/alibre.ee\/\",\"name\":\"Alibre Eesti\",\"description\":\"Taskukohase hinnaga CAD\",\"publisher\":{\"@id\":\"https:\/\/alibre.ee\/#organization\"},\"alternateName\":\"alibre\",\"potentialAction\":[{\"@type\":\"SearchAction\",\"target\":{\"@type\":\"EntryPoint\",\"urlTemplate\":\"https:\/\/alibre.ee\/?s={search_term_string}\"},\"query-input\":{\"@type\":\"PropertyValueSpecification\",\"valueRequired\":true,\"valueName\":\"search_term_string\"}}],\"inLanguage\":\"en-US\"},{\"@type\":\"Organization\",\"@id\":\"https:\/\/alibre.ee\/#organization\",\"name\":\"Alibre CAD Eesti\",\"url\":\"https:\/\/alibre.ee\/\",\"logo\":{\"@type\":\"ImageObject\",\"inLanguage\":\"en-US\",\"@id\":\"https:\/\/alibre.ee\/#\/schema\/logo\/image\/\",\"url\":\"https:\/\/alibre.ee\/wp-content\/uploads\/2025\/08\/Alibre-Logo-forum.svg\",\"contentUrl\":\"https:\/\/alibre.ee\/wp-content\/uploads\/2025\/08\/Alibre-Logo-forum.svg\",\"width\":180,\"height\":64,\"caption\":\"Alibre CAD Eesti\"},\"image\":{\"@id\":\"https:\/\/alibre.ee\/#\/schema\/logo\/image\/\"}}]}<\/script>\n<!-- \/ Yoast SEO plugin. -->","yoast_head_json":{"title":"Versiooniajalugu - alibre.ee","robots":{"index":"index","follow":"follow","max-snippet":"max-snippet:-1","max-image-preview":"max-image-preview:large","max-video-preview":"max-video-preview:-1"},"canonical":"https:\/\/alibre.ee\/en\/versiooniajalugu\/","og_locale":"en_US","og_type":"article","og_title":"Versiooniajalugu - alibre.ee","og_description":"Versiooniajalugu Alibre tarkvara areneb kiirelt &#8211; tihedad uuendused ja pidevad t\u00e4iustused tagavad, et sul on alati k\u00f5ige kaasaegsemad t\u00f6\u00f6riistad, mis muudavad disainiprotsessi sujuvaks, efektiivseks ja muretuks. Versioon 28 30.05.2024 5 Uut funktsiooni 30+ Olemasolevate funktsioonide t\u00e4iendust 30.06.2025 &#8211; 28.1 SP101.06.2025 &#8211; 28.124.02.2025 &#8211; 28.0.4 Bugfix Release10.02.2025 &#8211; 28.0.3 PDM Bugfix Release06.11.2024 &#8211; 28.0.2 PDM Release13.06.2024 [&hellip;]","og_url":"https:\/\/alibre.ee\/en\/versiooniajalugu\/","og_site_name":"alibre.ee","article_modified_time":"2025-09-17T15:44:21+00:00","og_image":[{"url":"https:\/\/alibre.ee\/wp-content\/uploads\/2025\/09\/adv28.webp","type":"","width":"","height":""}],"twitter_card":"summary_large_image","twitter_misc":{"Est. reading time":"1 minute"},"schema":{"@context":"https:\/\/schema.org","@graph":[{"@type":"WebPage","@id":"https:\/\/alibre.ee\/versiooniajalugu\/","url":"https:\/\/alibre.ee\/versiooniajalugu\/","name":"Versiooniajalugu - alibre.ee","isPartOf":{"@id":"https:\/\/alibre.ee\/#website"},"primaryImageOfPage":{"@id":"https:\/\/alibre.ee\/versiooniajalugu\/#primaryimage"},"image":{"@id":"https:\/\/alibre.ee\/versiooniajalugu\/#primaryimage"},"thumbnailUrl":"https:\/\/alibre.ee\/wp-content\/uploads\/2025\/09\/adv28.webp","datePublished":"2025-08-27T19:04:37+00:00","dateModified":"2025-09-17T15:44:21+00:00","breadcrumb":{"@id":"https:\/\/alibre.ee\/versiooniajalugu\/#breadcrumb"},"inLanguage":"en-US","potentialAction":[{"@type":"ReadAction","target":["https:\/\/alibre.ee\/versiooniajalugu\/"]}]},{"@type":"ImageObject","inLanguage":"en-US","@id":"https:\/\/alibre.ee\/versiooniajalugu\/#primaryimage","url":"https:\/\/alibre.ee\/wp-content\/uploads\/2025\/09\/adv28.webp","contentUrl":"https:\/\/alibre.ee\/wp-content\/uploads\/2025\/09\/adv28.webp"},{"@type":"BreadcrumbList","@id":"https:\/\/alibre.ee\/versiooniajalugu\/#breadcrumb","itemListElement":[{"@type":"ListItem","position":1,"name":"Home","item":"https:\/\/alibre.ee\/"},{"@type":"ListItem","position":2,"name":"Versiooniajalugu"}]},{"@type":"WebSite","@id":"https:\/\/alibre.ee\/#website","url":"https:\/\/alibre.ee\/","name":"Alibre Eesti","description":"Taskukohase hinnaga CAD","publisher":{"@id":"https:\/\/alibre.ee\/#organization"},"alternateName":"alibre","potentialAction":[{"@type":"SearchAction","target":{"@type":"EntryPoint","urlTemplate":"https:\/\/alibre.ee\/?s={search_term_string}"},"query-input":{"@type":"PropertyValueSpecification","valueRequired":true,"valueName":"search_term_string"}}],"inLanguage":"en-US"},{"@type":"Organization","@id":"https:\/\/alibre.ee\/#organization","name":"Alibre CAD Eesti","url":"https:\/\/alibre.ee\/","logo":{"@type":"ImageObject","inLanguage":"en-US","@id":"https:\/\/alibre.ee\/#\/schema\/logo\/image\/","url":"https:\/\/alibre.ee\/wp-content\/uploads\/2025\/08\/Alibre-Logo-forum.svg","contentUrl":"https:\/\/alibre.ee\/wp-content\/uploads\/2025\/08\/Alibre-Logo-forum.svg","width":180,"height":64,"caption":"Alibre CAD Eesti"},"image":{"@id":"https:\/\/alibre.ee\/#\/schema\/logo\/image\/"}}]}},"_links":{"self":[{"href":"https:\/\/alibre.ee\/en\/wp-json\/wp\/v2\/pages\/55","targetHints":{"allow":["GET"]}}],"collection":[{"href":"https:\/\/alibre.ee\/en\/wp-json\/wp\/v2\/pages"}],"about":[{"href":"https:\/\/alibre.ee\/en\/wp-json\/wp\/v2\/types\/page"}],"author":[{"embeddable":true,"href":"https:\/\/alibre.ee\/en\/wp-json\/wp\/v2\/users\/1"}],"replies":[{"embeddable":true,"href":"https:\/\/alibre.ee\/en\/wp-json\/wp\/v2\/comments?post=55"}],"version-history":[{"count":23,"href":"https:\/\/alibre.ee\/en\/wp-json\/wp\/v2\/pages\/55\/revisions"}],"predecessor-version":[{"id":779,"href":"https:\/\/alibre.ee\/en\/wp-json\/wp\/v2\/pages\/55\/revisions\/779"}],"wp:attachment":[{"href":"https:\/\/alibre.ee\/en\/wp-json\/wp\/v2\/media?parent=55"}],"curies":[{"name":"wp","href":"https:\/\/api.w.org\/{rel}","templated":true}]}}