{"id":59,"date":"2025-08-27T19:06:28","date_gmt":"2025-08-27T19:06:28","guid":{"rendered":"https:\/\/alibre.ee\/?page_id=59"},"modified":"2025-09-01T17:19:58","modified_gmt":"2025-09-01T17:19:58","slug":"foorum","status":"publish","type":"page","link":"https:\/\/alibre.ee\/en\/foorum\/","title":{"rendered":"Forum"},"content":{"rendered":"<div class=\"wp-block-columns is-layout-flex wp-container-core-columns-is-layout-28f84493 wp-block-columns-is-layout-flex\">\n<div class=\"wp-block-column is-layout-flow wp-block-column-is-layout-flow\" style=\"padding-top:var(--wp--preset--spacing--60);padding-bottom:var(--wp--preset--spacing--60)\">\n<h1 class=\"wp-block-heading has-text-align-left\">Alibre users forum<\/h1>\n\n\n\n<div class=\"wp-block-columns is-layout-flex wp-container-core-columns-is-layout-28f84493 wp-block-columns-is-layout-flex\">\n<div class=\"wp-block-column is-layout-flow wp-block-column-is-layout-flow\">\n<p>The Alibre Forum is a vibrant and rapidly growing online community where Alibre CAD software users \u2013 from hobbyists to experienced industry professionals \u2013 can connect, collaborate and support each other. Whether it\u2019s solving design problems, discovering new features, looking for scripting tips or sharing your latest 3D printing project \u2013 this is the place to do it.<\/p>\n\n\n\n<p>To participate in active discussions and posting, you must register, which requires a forum code. This code is part of the Alibre license and allows you to join a network of users where knowledge, experience, and support are shared for both hobbyists and professionals.<\/p>\n<\/div>\n\n\n\n<div class=\"wp-block-column is-layout-flow wp-block-column-is-layout-flow\">\n<figure class=\"wp-block-image size-large\"><img loading=\"lazy\" decoding=\"async\" width=\"1024\" height=\"653\" src=\"https:\/\/alibre.ee\/wp-content\/uploads\/2025\/08\/screencapture-alibre-forum-index-php-2025-09-01-00_23_48-1024x653.png\" alt=\"\" class=\"wp-image-361\" srcset=\"https:\/\/alibre.ee\/wp-content\/uploads\/2025\/08\/screencapture-alibre-forum-index-php-2025-09-01-00_23_48-1024x653.png 1024w, https:\/\/alibre.ee\/wp-content\/uploads\/2025\/08\/screencapture-alibre-forum-index-php-2025-09-01-00_23_48-600x383.png 600w, https:\/\/alibre.ee\/wp-content\/uploads\/2025\/08\/screencapture-alibre-forum-index-php-2025-09-01-00_23_48-300x191.png 300w, https:\/\/alibre.ee\/wp-content\/uploads\/2025\/08\/screencapture-alibre-forum-index-php-2025-09-01-00_23_48-768x490.png 768w, https:\/\/alibre.ee\/wp-content\/uploads\/2025\/08\/screencapture-alibre-forum-index-php-2025-09-01-00_23_48-1536x980.png 1536w, https:\/\/alibre.ee\/wp-content\/uploads\/2025\/08\/screencapture-alibre-forum-index-php-2025-09-01-00_23_48-18x12.png 18w, https:\/\/alibre.ee\/wp-content\/uploads\/2025\/08\/screencapture-alibre-forum-index-php-2025-09-01-00_23_48.png 1920w\" sizes=\"auto, (max-width: 1024px) 100vw, 1024px\" \/><\/figure>\n<\/div>\n<\/div>\n\n\n\n<div class=\"wp-block-buttons is-content-justification-center is-layout-flex wp-container-core-buttons-is-layout-a89b3969 wp-block-buttons-is-layout-flex\">\n<div class=\"wp-block-button has-custom-width wp-block-button__width-100\"><a class=\"wp-block-button__link has-large-font-size has-custom-font-size wp-element-button\" href=\"https:\/\/www.alibre.com\/forum\/\" target=\"_blank\" rel=\"noreferrer noopener\">Open forum  <i class=\"fa-solid fa-external-link\"><\/i><\/a><\/div>\n<\/div>\n<\/div>\n<\/div>\n\n\n\n<p><\/p>","protected":false},"excerpt":{"rendered":"<p>Alibre kasutajate foorum Alibre foorum on elav ja kiiresti kasvav veebip\u00f5hine kogukond, kus Alibre CAD-tarkvara kasutajad \u2013 alates hobitegijatest kuni kogenud t\u00f6\u00f6stusspetsialistideni \u2013 saavad omavahel suhelda, koost\u00f6\u00f6d teha ja \u00fcksteist toetada. Olgu tegemist projekteerimisprobleemide lahendamise, uute funktsioonide avastamise, skriptimise n\u00f5uannete otsimise v\u00f5i oma uusima 3D-printimisprojekti jagamisega \u2013 siin on \u00f5ige koht selleks. Aktiivsest arutelust ja [&hellip;]<\/p>","protected":false},"author":1,"featured_media":0,"parent":0,"menu_order":0,"comment_status":"closed","ping_status":"closed","template":"","meta":{"footnotes":""},"class_list":["post-59","page","type-page","status-publish","hentry"],"blocksy_meta":{"has_hero_section":"disabled","styles_descriptor":{"styles":{"desktop":"","tablet":"","mobile":""},"google_fonts":[],"version":6}},"yoast_head":"<!-- This site is optimized with the Yoast SEO plugin v27.0 - https:\/\/yoast.com\/product\/yoast-seo-wordpress\/ -->\n<title>Foorum - alibre.ee<\/title>\n<meta name=\"robots\" content=\"index, follow, max-snippet:-1, max-image-preview:large, max-video-preview:-1\" \/>\n<link rel=\"canonical\" href=\"https:\/\/alibre.ee\/en\/foorum\/\" \/>\n<meta property=\"og:locale\" content=\"en_US\" \/>\n<meta property=\"og:type\" content=\"article\" \/>\n<meta property=\"og:title\" content=\"Foorum - alibre.ee\" \/>\n<meta property=\"og:description\" content=\"Alibre kasutajate foorum Alibre foorum on elav ja kiiresti kasvav veebip\u00f5hine kogukond, kus Alibre CAD-tarkvara kasutajad \u2013 alates hobitegijatest kuni kogenud t\u00f6\u00f6stusspetsialistideni \u2013 saavad omavahel suhelda, koost\u00f6\u00f6d teha ja \u00fcksteist toetada. Olgu tegemist projekteerimisprobleemide lahendamise, uute funktsioonide avastamise, skriptimise n\u00f5uannete otsimise v\u00f5i oma uusima 3D-printimisprojekti jagamisega \u2013 siin on \u00f5ige koht selleks. Aktiivsest arutelust ja [&hellip;]\" \/>\n<meta property=\"og:url\" content=\"https:\/\/alibre.ee\/en\/foorum\/\" \/>\n<meta property=\"og:site_name\" content=\"alibre.ee\" \/>\n<meta property=\"article:modified_time\" content=\"2025-09-01T17:19:58+00:00\" \/>\n<meta property=\"og:image\" content=\"https:\/\/alibre.ee\/wp-content\/uploads\/2025\/08\/screencapture-alibre-forum-index-php-2025-09-01-00_23_48-1024x653.png\" \/>\n<meta name=\"twitter:card\" content=\"summary_large_image\" \/>\n<script type=\"application\/ld+json\" class=\"yoast-schema-graph\">{\"@context\":\"https:\/\/schema.org\",\"@graph\":[{\"@type\":\"WebPage\",\"@id\":\"https:\/\/alibre.ee\/foorum\/\",\"url\":\"https:\/\/alibre.ee\/foorum\/\",\"name\":\"Foorum - alibre.ee\",\"isPartOf\":{\"@id\":\"https:\/\/alibre.ee\/#website\"},\"primaryImageOfPage\":{\"@id\":\"https:\/\/alibre.ee\/foorum\/#primaryimage\"},\"image\":{\"@id\":\"https:\/\/alibre.ee\/foorum\/#primaryimage\"},\"thumbnailUrl\":\"https:\/\/alibre.ee\/wp-content\/uploads\/2025\/08\/screencapture-alibre-forum-index-php-2025-09-01-00_23_48-1024x653.png\",\"datePublished\":\"2025-08-27T19:06:28+00:00\",\"dateModified\":\"2025-09-01T17:19:58+00:00\",\"breadcrumb\":{\"@id\":\"https:\/\/alibre.ee\/foorum\/#breadcrumb\"},\"inLanguage\":\"en-US\",\"potentialAction\":[{\"@type\":\"ReadAction\",\"target\":[\"https:\/\/alibre.ee\/foorum\/\"]}]},{\"@type\":\"ImageObject\",\"inLanguage\":\"en-US\",\"@id\":\"https:\/\/alibre.ee\/foorum\/#primaryimage\",\"url\":\"https:\/\/alibre.ee\/wp-content\/uploads\/2025\/08\/screencapture-alibre-forum-index-php-2025-09-01-00_23_48-1024x653.png\",\"contentUrl\":\"https:\/\/alibre.ee\/wp-content\/uploads\/2025\/08\/screencapture-alibre-forum-index-php-2025-09-01-00_23_48-1024x653.png\"},{\"@type\":\"BreadcrumbList\",\"@id\":\"https:\/\/alibre.ee\/foorum\/#breadcrumb\",\"itemListElement\":[{\"@type\":\"ListItem\",\"position\":1,\"name\":\"Home\",\"item\":\"https:\/\/alibre.ee\/\"},{\"@type\":\"ListItem\",\"position\":2,\"name\":\"Foorum\"}]},{\"@type\":\"WebSite\",\"@id\":\"https:\/\/alibre.ee\/#website\",\"url\":\"https:\/\/alibre.ee\/\",\"name\":\"Alibre Eesti\",\"description\":\"Taskukohase hinnaga CAD\",\"publisher\":{\"@id\":\"https:\/\/alibre.ee\/#organization\"},\"alternateName\":\"alibre\",\"potentialAction\":[{\"@type\":\"SearchAction\",\"target\":{\"@type\":\"EntryPoint\",\"urlTemplate\":\"https:\/\/alibre.ee\/?s={search_term_string}\"},\"query-input\":{\"@type\":\"PropertyValueSpecification\",\"valueRequired\":true,\"valueName\":\"search_term_string\"}}],\"inLanguage\":\"en-US\"},{\"@type\":\"Organization\",\"@id\":\"https:\/\/alibre.ee\/#organization\",\"name\":\"Alibre CAD Eesti\",\"url\":\"https:\/\/alibre.ee\/\",\"logo\":{\"@type\":\"ImageObject\",\"inLanguage\":\"en-US\",\"@id\":\"https:\/\/alibre.ee\/#\/schema\/logo\/image\/\",\"url\":\"https:\/\/alibre.ee\/wp-content\/uploads\/2025\/08\/Alibre-Logo-forum.svg\",\"contentUrl\":\"https:\/\/alibre.ee\/wp-content\/uploads\/2025\/08\/Alibre-Logo-forum.svg\",\"width\":180,\"height\":64,\"caption\":\"Alibre CAD Eesti\"},\"image\":{\"@id\":\"https:\/\/alibre.ee\/#\/schema\/logo\/image\/\"}}]}<\/script>\n<!-- \/ Yoast SEO plugin. -->","yoast_head_json":{"title":"Foorum - alibre.ee","robots":{"index":"index","follow":"follow","max-snippet":"max-snippet:-1","max-image-preview":"max-image-preview:large","max-video-preview":"max-video-preview:-1"},"canonical":"https:\/\/alibre.ee\/en\/foorum\/","og_locale":"en_US","og_type":"article","og_title":"Foorum - alibre.ee","og_description":"Alibre kasutajate foorum Alibre foorum on elav ja kiiresti kasvav veebip\u00f5hine kogukond, kus Alibre CAD-tarkvara kasutajad \u2013 alates hobitegijatest kuni kogenud t\u00f6\u00f6stusspetsialistideni \u2013 saavad omavahel suhelda, koost\u00f6\u00f6d teha ja \u00fcksteist toetada. Olgu tegemist projekteerimisprobleemide lahendamise, uute funktsioonide avastamise, skriptimise n\u00f5uannete otsimise v\u00f5i oma uusima 3D-printimisprojekti jagamisega \u2013 siin on \u00f5ige koht selleks. Aktiivsest arutelust ja [&hellip;]","og_url":"https:\/\/alibre.ee\/en\/foorum\/","og_site_name":"alibre.ee","article_modified_time":"2025-09-01T17:19:58+00:00","og_image":[{"url":"https:\/\/alibre.ee\/wp-content\/uploads\/2025\/08\/screencapture-alibre-forum-index-php-2025-09-01-00_23_48-1024x653.png","type":"","width":"","height":""}],"twitter_card":"summary_large_image","schema":{"@context":"https:\/\/schema.org","@graph":[{"@type":"WebPage","@id":"https:\/\/alibre.ee\/foorum\/","url":"https:\/\/alibre.ee\/foorum\/","name":"Foorum - alibre.ee","isPartOf":{"@id":"https:\/\/alibre.ee\/#website"},"primaryImageOfPage":{"@id":"https:\/\/alibre.ee\/foorum\/#primaryimage"},"image":{"@id":"https:\/\/alibre.ee\/foorum\/#primaryimage"},"thumbnailUrl":"https:\/\/alibre.ee\/wp-content\/uploads\/2025\/08\/screencapture-alibre-forum-index-php-2025-09-01-00_23_48-1024x653.png","datePublished":"2025-08-27T19:06:28+00:00","dateModified":"2025-09-01T17:19:58+00:00","breadcrumb":{"@id":"https:\/\/alibre.ee\/foorum\/#breadcrumb"},"inLanguage":"en-US","potentialAction":[{"@type":"ReadAction","target":["https:\/\/alibre.ee\/foorum\/"]}]},{"@type":"ImageObject","inLanguage":"en-US","@id":"https:\/\/alibre.ee\/foorum\/#primaryimage","url":"https:\/\/alibre.ee\/wp-content\/uploads\/2025\/08\/screencapture-alibre-forum-index-php-2025-09-01-00_23_48-1024x653.png","contentUrl":"https:\/\/alibre.ee\/wp-content\/uploads\/2025\/08\/screencapture-alibre-forum-index-php-2025-09-01-00_23_48-1024x653.png"},{"@type":"BreadcrumbList","@id":"https:\/\/alibre.ee\/foorum\/#breadcrumb","itemListElement":[{"@type":"ListItem","position":1,"name":"Home","item":"https:\/\/alibre.ee\/"},{"@type":"ListItem","position":2,"name":"Foorum"}]},{"@type":"WebSite","@id":"https:\/\/alibre.ee\/#website","url":"https:\/\/alibre.ee\/","name":"Alibre Eesti","description":"Taskukohase hinnaga CAD","publisher":{"@id":"https:\/\/alibre.ee\/#organization"},"alternateName":"alibre","potentialAction":[{"@type":"SearchAction","target":{"@type":"EntryPoint","urlTemplate":"https:\/\/alibre.ee\/?s={search_term_string}"},"query-input":{"@type":"PropertyValueSpecification","valueRequired":true,"valueName":"search_term_string"}}],"inLanguage":"en-US"},{"@type":"Organization","@id":"https:\/\/alibre.ee\/#organization","name":"Alibre CAD Eesti","url":"https:\/\/alibre.ee\/","logo":{"@type":"ImageObject","inLanguage":"en-US","@id":"https:\/\/alibre.ee\/#\/schema\/logo\/image\/","url":"https:\/\/alibre.ee\/wp-content\/uploads\/2025\/08\/Alibre-Logo-forum.svg","contentUrl":"https:\/\/alibre.ee\/wp-content\/uploads\/2025\/08\/Alibre-Logo-forum.svg","width":180,"height":64,"caption":"Alibre CAD Eesti"},"image":{"@id":"https:\/\/alibre.ee\/#\/schema\/logo\/image\/"}}]}},"_links":{"self":[{"href":"https:\/\/alibre.ee\/en\/wp-json\/wp\/v2\/pages\/59","targetHints":{"allow":["GET"]}}],"collection":[{"href":"https:\/\/alibre.ee\/en\/wp-json\/wp\/v2\/pages"}],"about":[{"href":"https:\/\/alibre.ee\/en\/wp-json\/wp\/v2\/types\/page"}],"author":[{"embeddable":true,"href":"https:\/\/alibre.ee\/en\/wp-json\/wp\/v2\/users\/1"}],"replies":[{"embeddable":true,"href":"https:\/\/alibre.ee\/en\/wp-json\/wp\/v2\/comments?post=59"}],"version-history":[{"count":16,"href":"https:\/\/alibre.ee\/en\/wp-json\/wp\/v2\/pages\/59\/revisions"}],"predecessor-version":[{"id":432,"href":"https:\/\/alibre.ee\/en\/wp-json\/wp\/v2\/pages\/59\/revisions\/432"}],"wp:attachment":[{"href":"https:\/\/alibre.ee\/en\/wp-json\/wp\/v2\/media?parent=59"}],"curies":[{"name":"wp","href":"https:\/\/api.w.org\/{rel}","templated":true}]}}