{"id":72,"date":"2025-08-27T19:17:25","date_gmt":"2025-08-27T19:17:25","guid":{"rendered":"https:\/\/alibre.ee\/?page_id=72"},"modified":"2025-09-01T17:18:37","modified_gmt":"2025-09-01T17:18:37","slug":"alibre-ajalugu","status":"publish","type":"page","link":"https:\/\/alibre.ee\/en\/alibre-ajalugu\/","title":{"rendered":"About Alibre"},"content":{"rendered":"<h2 class=\"wp-block-heading\" style=\"margin-top:var(--wp--preset--spacing--50);margin-bottom:var(--wp--preset--spacing--50)\">About Alibre<\/h2>\n\n\n\n<div class=\"wp-block-columns is-layout-flex wp-container-core-columns-is-layout-28f84493 wp-block-columns-is-layout-flex\">\n<div class=\"wp-block-column is-layout-flow wp-block-column-is-layout-flow\">\n<figure class=\"wp-block-gallery has-nested-images columns-default is-cropped wp-block-gallery-1 is-layout-flex wp-block-gallery-is-layout-flex\">\n<figure class=\"wp-block-image size-large has-custom-border\"><img loading=\"lazy\" decoding=\"async\" width=\"800\" height=\"450\" data-id=\"426\" src=\"https:\/\/alibre.ee\/wp-content\/uploads\/2025\/09\/Basic-Part-Modeling-1.jpg\" alt=\"\" class=\"has-border-color has-palette-color-3-border-color wp-image-426\" style=\"border-width:3px\" srcset=\"https:\/\/alibre.ee\/wp-content\/uploads\/2025\/09\/Basic-Part-Modeling-1.jpg 800w, https:\/\/alibre.ee\/wp-content\/uploads\/2025\/09\/Basic-Part-Modeling-1-600x338.jpg 600w, https:\/\/alibre.ee\/wp-content\/uploads\/2025\/09\/Basic-Part-Modeling-1-300x169.jpg 300w, https:\/\/alibre.ee\/wp-content\/uploads\/2025\/09\/Basic-Part-Modeling-1-768x432.jpg 768w, https:\/\/alibre.ee\/wp-content\/uploads\/2025\/09\/Basic-Part-Modeling-1-18x10.jpg 18w\" sizes=\"auto, (max-width: 800px) 100vw, 800px\" \/><\/figure>\n<\/figure>\n<\/div>\n\n\n\n<div class=\"wp-block-column is-layout-flow wp-block-column-is-layout-flow\">\n<p>Alibre has a rich history of innovation. Founded in 1997, Alibre began work with Microsoft to create the world's first browser-based distributed 3D CAD environment. Not limited to product innovation, Alibre also disrupted the market with a pricing structure unheard of at the time - a low cost, high availability plan that democratized access.<\/p>\n\n\n\n<p>Alibre was the first company to see the incredible creative potential of individuals and Makers, and in 2010 was the first company to offer a design solution at under $100.<\/p>\n\n\n\n<p>Since then, we've continued our history of inclusiveness by providing cost-effective, powerful design solutions to businesses, students, educators, hobbyists en masse - the way it should be.<\/p>\n<\/div>\n<\/div>\n\n\n\n<p><\/p>","protected":false},"excerpt":{"rendered":"<p>Alibre ajalugu Alibre\u2019l on pikk innovatsiooni ajalugu. Asutatud 1997. aastal, alustas Alibre koost\u00f6\u00f6d Microsoftiga, et luua maailma esimene veebip\u00f5hine ja hajutatud 3D CAD keskkond. Lisaks tootep\u00f5hisele uuenduslikkusele muutis Alibre turgu ka tol ajal ennekuulmatu hinnastruktuuriga &#8211; madala hinna ja laialdase k\u00e4ttesaadavusega plaaniga, mis demokratiseeris juurdep\u00e4\u00e4su tarkvarale. Alibre oli esimene ettev\u00f5te, kes n\u00e4gi \u00fcksikisikute ja Maker\u2019ite [&hellip;]<\/p>","protected":false},"author":1,"featured_media":0,"parent":0,"menu_order":0,"comment_status":"closed","ping_status":"closed","template":"","meta":{"footnotes":""},"class_list":["post-72","page","type-page","status-publish","hentry"],"blocksy_meta":{"has_hero_section":"disabled","styles_descriptor":{"styles":{"desktop":"","tablet":"","mobile":""},"google_fonts":[],"version":6}},"yoast_head":"<!-- This site is optimized with the Yoast SEO plugin v27.0 - https:\/\/yoast.com\/product\/yoast-seo-wordpress\/ -->\n<title>Alibre ajalugu - alibre.ee<\/title>\n<meta name=\"robots\" content=\"index, follow, max-snippet:-1, max-image-preview:large, max-video-preview:-1\" \/>\n<link rel=\"canonical\" href=\"https:\/\/alibre.ee\/en\/alibre-ajalugu\/\" \/>\n<meta property=\"og:locale\" content=\"en_US\" \/>\n<meta property=\"og:type\" content=\"article\" \/>\n<meta property=\"og:title\" content=\"Alibre ajalugu - alibre.ee\" \/>\n<meta property=\"og:description\" content=\"Alibre ajalugu Alibre\u2019l on pikk innovatsiooni ajalugu. Asutatud 1997. aastal, alustas Alibre koost\u00f6\u00f6d Microsoftiga, et luua maailma esimene veebip\u00f5hine ja hajutatud 3D CAD keskkond. Lisaks tootep\u00f5hisele uuenduslikkusele muutis Alibre turgu ka tol ajal ennekuulmatu hinnastruktuuriga &#8211; madala hinna ja laialdase k\u00e4ttesaadavusega plaaniga, mis demokratiseeris juurdep\u00e4\u00e4su tarkvarale. Alibre oli esimene ettev\u00f5te, kes n\u00e4gi \u00fcksikisikute ja Maker\u2019ite [&hellip;]\" \/>\n<meta property=\"og:url\" content=\"https:\/\/alibre.ee\/en\/alibre-ajalugu\/\" \/>\n<meta property=\"og:site_name\" content=\"alibre.ee\" \/>\n<meta property=\"article:modified_time\" content=\"2025-09-01T17:18:37+00:00\" \/>\n<meta property=\"og:image\" content=\"https:\/\/alibre.ee\/wp-content\/uploads\/2025\/09\/Basic-Part-Modeling-1.jpg\" \/>\n<meta name=\"twitter:card\" content=\"summary_large_image\" \/>\n<meta name=\"twitter:label1\" content=\"Est. reading time\" \/>\n\t<meta name=\"twitter:data1\" content=\"1 minute\" \/>\n<script type=\"application\/ld+json\" class=\"yoast-schema-graph\">{\"@context\":\"https:\/\/schema.org\",\"@graph\":[{\"@type\":\"WebPage\",\"@id\":\"https:\/\/alibre.ee\/alibre-ajalugu\/\",\"url\":\"https:\/\/alibre.ee\/alibre-ajalugu\/\",\"name\":\"Alibre ajalugu - alibre.ee\",\"isPartOf\":{\"@id\":\"https:\/\/alibre.ee\/#website\"},\"primaryImageOfPage\":{\"@id\":\"https:\/\/alibre.ee\/alibre-ajalugu\/#primaryimage\"},\"image\":{\"@id\":\"https:\/\/alibre.ee\/alibre-ajalugu\/#primaryimage\"},\"thumbnailUrl\":\"https:\/\/alibre.ee\/wp-content\/uploads\/2025\/09\/Basic-Part-Modeling-1.jpg\",\"datePublished\":\"2025-08-27T19:17:25+00:00\",\"dateModified\":\"2025-09-01T17:18:37+00:00\",\"breadcrumb\":{\"@id\":\"https:\/\/alibre.ee\/alibre-ajalugu\/#breadcrumb\"},\"inLanguage\":\"en-US\",\"potentialAction\":[{\"@type\":\"ReadAction\",\"target\":[\"https:\/\/alibre.ee\/alibre-ajalugu\/\"]}]},{\"@type\":\"ImageObject\",\"inLanguage\":\"en-US\",\"@id\":\"https:\/\/alibre.ee\/alibre-ajalugu\/#primaryimage\",\"url\":\"https:\/\/alibre.ee\/wp-content\/uploads\/2025\/09\/Basic-Part-Modeling-1.jpg\",\"contentUrl\":\"https:\/\/alibre.ee\/wp-content\/uploads\/2025\/09\/Basic-Part-Modeling-1.jpg\"},{\"@type\":\"BreadcrumbList\",\"@id\":\"https:\/\/alibre.ee\/alibre-ajalugu\/#breadcrumb\",\"itemListElement\":[{\"@type\":\"ListItem\",\"position\":1,\"name\":\"Home\",\"item\":\"https:\/\/alibre.ee\/\"},{\"@type\":\"ListItem\",\"position\":2,\"name\":\"Alibre ajalugu\"}]},{\"@type\":\"WebSite\",\"@id\":\"https:\/\/alibre.ee\/#website\",\"url\":\"https:\/\/alibre.ee\/\",\"name\":\"Alibre Eesti\",\"description\":\"Taskukohase hinnaga CAD\",\"publisher\":{\"@id\":\"https:\/\/alibre.ee\/#organization\"},\"alternateName\":\"alibre\",\"potentialAction\":[{\"@type\":\"SearchAction\",\"target\":{\"@type\":\"EntryPoint\",\"urlTemplate\":\"https:\/\/alibre.ee\/?s={search_term_string}\"},\"query-input\":{\"@type\":\"PropertyValueSpecification\",\"valueRequired\":true,\"valueName\":\"search_term_string\"}}],\"inLanguage\":\"en-US\"},{\"@type\":\"Organization\",\"@id\":\"https:\/\/alibre.ee\/#organization\",\"name\":\"Alibre CAD Eesti\",\"url\":\"https:\/\/alibre.ee\/\",\"logo\":{\"@type\":\"ImageObject\",\"inLanguage\":\"en-US\",\"@id\":\"https:\/\/alibre.ee\/#\/schema\/logo\/image\/\",\"url\":\"https:\/\/alibre.ee\/wp-content\/uploads\/2025\/08\/Alibre-Logo-forum.svg\",\"contentUrl\":\"https:\/\/alibre.ee\/wp-content\/uploads\/2025\/08\/Alibre-Logo-forum.svg\",\"width\":180,\"height\":64,\"caption\":\"Alibre CAD Eesti\"},\"image\":{\"@id\":\"https:\/\/alibre.ee\/#\/schema\/logo\/image\/\"}}]}<\/script>\n<!-- \/ Yoast SEO plugin. -->","yoast_head_json":{"title":"Alibre ajalugu - alibre.ee","robots":{"index":"index","follow":"follow","max-snippet":"max-snippet:-1","max-image-preview":"max-image-preview:large","max-video-preview":"max-video-preview:-1"},"canonical":"https:\/\/alibre.ee\/en\/alibre-ajalugu\/","og_locale":"en_US","og_type":"article","og_title":"Alibre ajalugu - alibre.ee","og_description":"Alibre ajalugu Alibre\u2019l on pikk innovatsiooni ajalugu. Asutatud 1997. aastal, alustas Alibre koost\u00f6\u00f6d Microsoftiga, et luua maailma esimene veebip\u00f5hine ja hajutatud 3D CAD keskkond. Lisaks tootep\u00f5hisele uuenduslikkusele muutis Alibre turgu ka tol ajal ennekuulmatu hinnastruktuuriga &#8211; madala hinna ja laialdase k\u00e4ttesaadavusega plaaniga, mis demokratiseeris juurdep\u00e4\u00e4su tarkvarale. Alibre oli esimene ettev\u00f5te, kes n\u00e4gi \u00fcksikisikute ja Maker\u2019ite [&hellip;]","og_url":"https:\/\/alibre.ee\/en\/alibre-ajalugu\/","og_site_name":"alibre.ee","article_modified_time":"2025-09-01T17:18:37+00:00","og_image":[{"url":"https:\/\/alibre.ee\/wp-content\/uploads\/2025\/09\/Basic-Part-Modeling-1.jpg","type":"","width":"","height":""}],"twitter_card":"summary_large_image","twitter_misc":{"Est. reading time":"1 minute"},"schema":{"@context":"https:\/\/schema.org","@graph":[{"@type":"WebPage","@id":"https:\/\/alibre.ee\/alibre-ajalugu\/","url":"https:\/\/alibre.ee\/alibre-ajalugu\/","name":"Alibre ajalugu - alibre.ee","isPartOf":{"@id":"https:\/\/alibre.ee\/#website"},"primaryImageOfPage":{"@id":"https:\/\/alibre.ee\/alibre-ajalugu\/#primaryimage"},"image":{"@id":"https:\/\/alibre.ee\/alibre-ajalugu\/#primaryimage"},"thumbnailUrl":"https:\/\/alibre.ee\/wp-content\/uploads\/2025\/09\/Basic-Part-Modeling-1.jpg","datePublished":"2025-08-27T19:17:25+00:00","dateModified":"2025-09-01T17:18:37+00:00","breadcrumb":{"@id":"https:\/\/alibre.ee\/alibre-ajalugu\/#breadcrumb"},"inLanguage":"en-US","potentialAction":[{"@type":"ReadAction","target":["https:\/\/alibre.ee\/alibre-ajalugu\/"]}]},{"@type":"ImageObject","inLanguage":"en-US","@id":"https:\/\/alibre.ee\/alibre-ajalugu\/#primaryimage","url":"https:\/\/alibre.ee\/wp-content\/uploads\/2025\/09\/Basic-Part-Modeling-1.jpg","contentUrl":"https:\/\/alibre.ee\/wp-content\/uploads\/2025\/09\/Basic-Part-Modeling-1.jpg"},{"@type":"BreadcrumbList","@id":"https:\/\/alibre.ee\/alibre-ajalugu\/#breadcrumb","itemListElement":[{"@type":"ListItem","position":1,"name":"Home","item":"https:\/\/alibre.ee\/"},{"@type":"ListItem","position":2,"name":"Alibre ajalugu"}]},{"@type":"WebSite","@id":"https:\/\/alibre.ee\/#website","url":"https:\/\/alibre.ee\/","name":"Alibre Eesti","description":"Taskukohase hinnaga CAD","publisher":{"@id":"https:\/\/alibre.ee\/#organization"},"alternateName":"alibre","potentialAction":[{"@type":"SearchAction","target":{"@type":"EntryPoint","urlTemplate":"https:\/\/alibre.ee\/?s={search_term_string}"},"query-input":{"@type":"PropertyValueSpecification","valueRequired":true,"valueName":"search_term_string"}}],"inLanguage":"en-US"},{"@type":"Organization","@id":"https:\/\/alibre.ee\/#organization","name":"Alibre CAD Eesti","url":"https:\/\/alibre.ee\/","logo":{"@type":"ImageObject","inLanguage":"en-US","@id":"https:\/\/alibre.ee\/#\/schema\/logo\/image\/","url":"https:\/\/alibre.ee\/wp-content\/uploads\/2025\/08\/Alibre-Logo-forum.svg","contentUrl":"https:\/\/alibre.ee\/wp-content\/uploads\/2025\/08\/Alibre-Logo-forum.svg","width":180,"height":64,"caption":"Alibre CAD Eesti"},"image":{"@id":"https:\/\/alibre.ee\/#\/schema\/logo\/image\/"}}]}},"_links":{"self":[{"href":"https:\/\/alibre.ee\/en\/wp-json\/wp\/v2\/pages\/72","targetHints":{"allow":["GET"]}}],"collection":[{"href":"https:\/\/alibre.ee\/en\/wp-json\/wp\/v2\/pages"}],"about":[{"href":"https:\/\/alibre.ee\/en\/wp-json\/wp\/v2\/types\/page"}],"author":[{"embeddable":true,"href":"https:\/\/alibre.ee\/en\/wp-json\/wp\/v2\/users\/1"}],"replies":[{"embeddable":true,"href":"https:\/\/alibre.ee\/en\/wp-json\/wp\/v2\/comments?post=72"}],"version-history":[{"count":7,"href":"https:\/\/alibre.ee\/en\/wp-json\/wp\/v2\/pages\/72\/revisions"}],"predecessor-version":[{"id":1220,"href":"https:\/\/alibre.ee\/en\/wp-json\/wp\/v2\/pages\/72\/revisions\/1220"}],"wp:attachment":[{"href":"https:\/\/alibre.ee\/en\/wp-json\/wp\/v2\/media?parent=72"}],"curies":[{"name":"wp","href":"https:\/\/api.w.org\/{rel}","templated":true}]}}