{"id":720,"date":"2025-09-17T09:39:58","date_gmt":"2025-09-17T09:39:58","guid":{"rendered":"https:\/\/alibre.ee\/?page_id=720"},"modified":"2025-09-23T15:20:19","modified_gmt":"2025-09-23T15:20:19","slug":"alibre-api-skriptimine","status":"publish","type":"page","link":"https:\/\/alibre.ee\/en\/alibre-api-skriptimine\/","title":{"rendered":"Alibre API Scripting"},"content":{"rendered":"<div class=\"wp-block-group alignfull has-background is-layout-constrained wp-block-group-is-layout-constrained\" style=\"background-color:#101010;padding-top:7rem;padding-bottom:7rem\">\n<div class=\"wp-block-columns are-vertically-aligned-center is-layout-flex wp-container-core-columns-is-layout-08ca5f82 wp-block-columns-is-layout-flex\" style=\"border-bottom-style:none;border-bottom-width:0px;margin-bottom:0rem;padding-bottom:4rem\">\n<div class=\"wp-block-column is-vertically-aligned-center is-layout-flow wp-block-column-is-layout-flow\" style=\"flex-basis:40%\">\n<h2 class=\"wp-block-heading has-white-color has-text-color has-link-color has-x-large-font-size wp-elements-697abd15c0d7652be8c43d382afcba58\" id=\"the-perfect-theme-for-stunning-websites\" style=\"margin-top:0;margin-bottom:20px;font-style:normal;font-weight:800;line-height:1.2\">Automatiseerimise superv\u00f5ime<\/h2>\n\n\n\n<p class=\"has-white-color has-text-color has-link-color has-medium-font-size wp-elements-5694ab14fd506db5864f860299785ed1\" style=\"margin-bottom:50px\">Automatiseeri t\u00fc\u00fctuid v\u00f5i keerulisi t\u00f6\u00f6vooge vaid \u00fche nupuvajutusega Pythoni-p\u00f5hise skriptimise abil.\u00a0<\/p>\n\n\n\n<div class=\"wp-block-buttons is-layout-flex wp-container-core-buttons-is-layout-e40b0234 wp-block-buttons-is-layout-flex\">\n<div class=\"wp-block-button has-custom-width wp-block-button__width-100\"><a class=\"wp-block-button__link has-white-background-color has-text-color has-background has-link-color has-custom-font-size wp-element-button\" href=\"https:\/\/alibre.ee\/en\/tasuta-prooviversioon\/\" style=\"border-radius:8px;color:#101010;padding-top:15px;padding-right:25px;padding-bottom:15px;padding-left:25px;font-size:clamp(14px, 0.875rem + ((1vw - 3.2px) * 0.313), 18px);font-style:normal;font-weight:600\">Try free for 30 days<\/a><\/div>\n<\/div>\n<\/div>\n\n\n\n<div class=\"wp-block-column is-vertically-aligned-center is-layout-flow wp-block-column-is-layout-flow\">\n<figure class=\"wp-block-image size-full has-custom-border\"><img loading=\"lazy\" decoding=\"async\" width=\"700\" height=\"378\" src=\"https:\/\/alibre.ee\/wp-content\/uploads\/2025\/09\/scriptpdf.jpg\" alt=\"\" class=\"wp-image-784\" style=\"border-radius:5px\" srcset=\"https:\/\/alibre.ee\/wp-content\/uploads\/2025\/09\/scriptpdf.jpg 700w, https:\/\/alibre.ee\/wp-content\/uploads\/2025\/09\/scriptpdf-600x324.jpg 600w, https:\/\/alibre.ee\/wp-content\/uploads\/2025\/09\/scriptpdf-300x162.jpg 300w, https:\/\/alibre.ee\/wp-content\/uploads\/2025\/09\/scriptpdf-18x10.jpg 18w\" sizes=\"auto, (max-width: 700px) 100vw, 700px\" \/><\/figure>\n<\/div>\n<\/div>\n<\/div>\n\n\n\n<div class=\"wp-block-columns is-layout-flex wp-container-core-columns-is-layout-2f7cf506 wp-block-columns-is-layout-flex\" style=\"margin-top:var(--wp--preset--spacing--60);padding-top:var(--wp--preset--spacing--40);padding-right:var(--wp--preset--spacing--60);padding-bottom:var(--wp--preset--spacing--40);padding-left:var(--wp--preset--spacing--60)\">\n<div class=\"wp-block-column is-layout-flow wp-block-column-is-layout-flow\">\n<h3 class=\"wp-block-heading\" id=\"headline-622-2078\">Lihtne \u00f5ppida<\/h3>\n\n\n\n<p>Python on oma kasutusmugavuse t\u00f5ttu laialdaselt kasutatav keel paljudes rakendustes.<\/p>\n<\/div>\n\n\n\n<div class=\"wp-block-column is-layout-flow wp-block-column-is-layout-flow\">\n<h3 class=\"wp-block-heading\" id=\"headline-622-2078\">Loo\/muuda mudeleid<\/h3>\n\n\n\n<p>Kasutage scripte mudelite loomiseks ja muutmiseks &#8211; looge 100 varianti m\u00f5ne minutiga.<\/p>\n<\/div>\n\n\n\n<div class=\"wp-block-column is-layout-flow wp-block-column-is-layout-flow\" style=\"padding-top:0\">\n<h3 class=\"wp-block-heading\" id=\"headline-622-2078\">Kasutage andmeallikaid<\/h3>\n\n\n\n<p>Excel, Access, SQL, veebiandmed \u2013 peaaegu iga andmeallikat saab Pythoniga kasutada.<\/p>\n<\/div>\n<\/div>\n\n\n\n<div class=\"wp-block-columns is-layout-flex wp-container-core-columns-is-layout-d77edbb3 wp-block-columns-is-layout-flex\" style=\"margin-top:var(--wp--preset--spacing--50);margin-bottom:var(--wp--preset--spacing--50);padding-top:0;padding-right:var(--wp--preset--spacing--60);padding-bottom:var(--wp--preset--spacing--50);padding-left:var(--wp--preset--spacing--60)\">\n<div class=\"wp-block-column is-layout-flow wp-block-column-is-layout-flow\">\n<h3 class=\"wp-block-heading\" id=\"headline-622-2078\">Ehita keerukas loogika<\/h3>\n\n\n\n<p>Looge t\u00f6\u00f6vooge, mis j\u00f5ustavad keerulisi disainin\u00f5udeid.<\/p>\n<\/div>\n\n\n\n<div class=\"wp-block-column is-layout-flow wp-block-column-is-layout-flow\">\n<h3 class=\"wp-block-heading\" id=\"headline-622-2078\">Loo kasutajaliidesed<\/h3>\n\n\n\n<p>Loo h\u00f5lpsalt graafilisi dialoogiaknaid, millega on mugav suhelda.<\/p>\n<\/div>\n\n\n\n<div class=\"wp-block-column is-layout-flow wp-block-column-is-layout-flow\">\n<h3 class=\"wp-block-heading\" id=\"headline-622-2078\">Automatiseeri<\/h3>\n\n\n\n<p>Vajad k\u00f5iki STP, IGES ja STL mudeleid? Tee k\u00f5ik korraga.<\/p>\n<\/div>\n<\/div>\n\n\n\n<div class=\"wp-block-group alignfull has-background is-layout-constrained wp-block-group-is-layout-constrained\" style=\"background:radial-gradient(rgb(255,255,255) 0%,rgb(209,209,209) 85%);padding-top:3rem;padding-bottom:3rem\">\n<div class=\"wp-block-columns are-vertically-aligned-center is-layout-flex wp-container-core-columns-is-layout-9c5bd65f wp-block-columns-is-layout-flex\" style=\"border-bottom-style:none;border-bottom-width:0px;margin-top:0;margin-bottom:0rem;padding-top:0;padding-bottom:0rem\">\n<div class=\"wp-block-column is-vertically-aligned-center is-layout-flow wp-block-column-is-layout-flow\" style=\"flex-basis:50%\">\n<figure class=\"wp-block-embed is-type-video is-provider-vimeo wp-block-embed-vimeo wp-embed-aspect-16-9 wp-has-aspect-ratio\"><div class=\"wp-block-embed__wrapper\">\n<iframe loading=\"lazy\" title=\"Alibre Script - Introduction\" src=\"https:\/\/player.vimeo.com\/video\/359166433?dnt=1&amp;app_id=122963\" width=\"1290\" height=\"726\" frameborder=\"0\" allow=\"autoplay; fullscreen; picture-in-picture; clipboard-write; encrypted-media; web-share\" referrerpolicy=\"strict-origin-when-cross-origin\"><\/iframe>\n<\/div><\/figure>\n<\/div>\n\n\n\n<div class=\"wp-block-column is-vertically-aligned-center is-layout-flow wp-block-column-is-layout-flow\">\n<h3 class=\"wp-block-heading\" id=\"headline-686-2078\">Skriptimise \u00fclevaade<\/h3>\n\n\n\n<p>Alibre Script p\u00e4rib kogu Pythoni (t\u00e4psemalt IronPythoni) v\u00f5imsuse ja seda saab kasutada Alibre Designis v\u00e4ga erinevate \u00fclesannete jaoks.<\/p>\n\n\n\n<figure class=\"wp-block-image\"><img decoding=\"async\" src=\"https:\/\/www.alibre.com\/wp-content\/uploads\/2023\/04\/1px.png\" alt=\"\"\/><\/figure>\n\n\n\n<p>.<\/p>\n<\/div>\n<\/div>\n<\/div>\n\n\n\n<div class=\"wp-block-columns is-layout-flex wp-container-core-columns-is-layout-28f84493 wp-block-columns-is-layout-flex\">\n<div class=\"wp-block-column is-layout-flow wp-block-column-is-layout-flow\">\n<div class=\"wp-block-columns is-layout-flex wp-container-core-columns-is-layout-28f84493 wp-block-columns-is-layout-flex\">\n<div class=\"wp-block-column is-layout-flow wp-block-column-is-layout-flow\">\n<h3 class=\"wp-block-heading\" id=\"headline-698-2078\">Loo geomeetriaid<\/h3>\n\n\n\n<p>Eskiisi loomisest kuni tunnuste genereerimiseni saab elemente modelleerida koodis. Automatiseerige 100 detaili loomine CSV-andmeallikast v\u00f5i looge keerulisi v\u00f5rrandip\u00f5hiseid visandeid v\u00f5i v\u00f5rdlusgeomeetriat.<\/p>\n\n\n\n<p>Kombineerige andmeallikate v\u00f5i kasutajaliidestega, et luua v\u00f5imsaid geomeetria loomise mootoreid.<\/p>\n<\/div>\n\n\n\n<div class=\"wp-block-column is-layout-flow wp-block-column-is-layout-flow\">\n<figure class=\"wp-block-image aligncenter size-full is-resized\"><img loading=\"lazy\" decoding=\"async\" width=\"569\" height=\"600\" src=\"https:\/\/alibre.ee\/wp-content\/uploads\/2025\/09\/alibre-script-geometry.webp\" alt=\"\" class=\"wp-image-791\" style=\"width:315px;height:auto\" srcset=\"https:\/\/alibre.ee\/wp-content\/uploads\/2025\/09\/alibre-script-geometry.webp 569w, https:\/\/alibre.ee\/wp-content\/uploads\/2025\/09\/alibre-script-geometry-285x300.webp 285w, https:\/\/alibre.ee\/wp-content\/uploads\/2025\/09\/alibre-script-geometry-11x12.webp 11w\" sizes=\"auto, (max-width: 569px) 100vw, 569px\" \/><\/figure>\n<\/div>\n<\/div>\n<\/div>\n<\/div>\n\n\n\n<div class=\"wp-block-group alignfull has-background is-layout-constrained wp-block-group-is-layout-constrained\" style=\"background:radial-gradient(rgb(255,255,255) 0%,rgb(209,209,209) 85%);padding-top:3rem;padding-bottom:3rem\">\n<div class=\"wp-block-columns are-vertically-aligned-center is-layout-flex wp-container-core-columns-is-layout-9c5bd65f wp-block-columns-is-layout-flex\" style=\"border-bottom-style:none;border-bottom-width:0px;margin-top:0;margin-bottom:0rem;padding-top:0;padding-bottom:0rem\">\n<div class=\"wp-block-column is-vertically-aligned-center is-layout-flow wp-block-column-is-layout-flow\" style=\"flex-basis:50%\">\n<figure class=\"wp-block-image aligncenter size-full is-resized\"><img loading=\"lazy\" decoding=\"async\" width=\"569\" height=\"600\" src=\"https:\/\/alibre.ee\/wp-content\/uploads\/2025\/09\/alibre-script-data.webp\" alt=\"\" class=\"wp-image-793\" style=\"width:354px;height:auto\" srcset=\"https:\/\/alibre.ee\/wp-content\/uploads\/2025\/09\/alibre-script-data.webp 569w, https:\/\/alibre.ee\/wp-content\/uploads\/2025\/09\/alibre-script-data-285x300.webp 285w, https:\/\/alibre.ee\/wp-content\/uploads\/2025\/09\/alibre-script-data-11x12.webp 11w\" sizes=\"auto, (max-width: 569px) 100vw, 569px\" \/><\/figure>\n<\/div>\n\n\n\n<div class=\"wp-block-column is-vertically-aligned-center is-layout-flow wp-block-column-is-layout-flow\">\n<h3 class=\"wp-block-heading\" id=\"headline-686-2078\">Andmeallikad<\/h3>\n\n\n\n<p>Kasutage Pythoni kogu andmet\u00f6\u00f6tlusv\u00f5imsust, et p\u00e4\u00e4seda ligi erinevatest allikatest p\u00e4rit andmetele, neid anal\u00fc\u00fcsida ja tarbida.<\/p>\n\n\n\n<p>Neid andmeid saab kasutada skriptide k\u00e4itumise juhtimiseks.<\/p>\n\n\n\n<p>CSV, EXCEL, SQL, Access, XML, Web API, Data Scraping<br>v\u00f5i \u00fcksk\u00f5ik milline muu sisend<\/p>\n<\/div>\n<\/div>\n<\/div>\n\n\n\n<div class=\"wp-block-columns is-layout-flex wp-container-core-columns-is-layout-28f84493 wp-block-columns-is-layout-flex\">\n<div class=\"wp-block-column is-layout-flow wp-block-column-is-layout-flow\">\n<h3 class=\"wp-block-heading\" id=\"headline-698-2078\">Automatiseeri t\u00fc\u00fctu<\/h3>\n\n\n\n<p>Kiirendage m\u00e4rkimisv\u00e4\u00e4rselt \u00fclesandeid, mis n\u00f5uavad palju korduvaid klikke, n\u00e4iteks:<\/p>\n\n\n\n<p>Teisenda k\u00f5ik koostu osad STL-vormingusse ja pane need k\u00f5ik uude kataloogi.<\/p>\n\n\n\n<p>N\u00e4ita k\u00f5igi koostu osade poolt kasutatud materjalide loendit.<\/p>\n\n\n\n<p>Uuenda k\u00f5igi koostus olevate failide metaandmeid.<br><br><\/p>\n<\/div>\n\n\n\n<div class=\"wp-block-column is-layout-flow wp-block-column-is-layout-flow\">\n<figure class=\"wp-block-image aligncenter size-full is-resized\"><img loading=\"lazy\" decoding=\"async\" width=\"569\" height=\"600\" src=\"https:\/\/alibre.ee\/wp-content\/uploads\/2025\/09\/alibre-script-automate.webp\" alt=\"\" class=\"wp-image-794\" style=\"width:315px;height:auto\" srcset=\"https:\/\/alibre.ee\/wp-content\/uploads\/2025\/09\/alibre-script-automate.webp 569w, https:\/\/alibre.ee\/wp-content\/uploads\/2025\/09\/alibre-script-automate-285x300.webp 285w, https:\/\/alibre.ee\/wp-content\/uploads\/2025\/09\/alibre-script-automate-11x12.webp 11w\" sizes=\"auto, (max-width: 569px) 100vw, 569px\" \/><\/figure>\n<\/div>\n<\/div>\n\n\n\n<div class=\"wp-block-group alignfull has-background is-layout-constrained wp-block-group-is-layout-constrained\" style=\"background:radial-gradient(rgb(255,255,255) 0%,rgb(209,209,209) 85%);padding-top:3rem;padding-bottom:3rem\">\n<div class=\"wp-block-columns are-vertically-aligned-center is-layout-flex wp-container-core-columns-is-layout-9c5bd65f wp-block-columns-is-layout-flex\" style=\"border-bottom-style:none;border-bottom-width:0px;margin-top:0;margin-bottom:0rem;padding-top:0;padding-bottom:0rem\">\n<div class=\"wp-block-column is-vertically-aligned-center is-layout-flow wp-block-column-is-layout-flow\" style=\"flex-basis:50%\">\n<figure class=\"wp-block-image aligncenter size-full is-resized\"><img loading=\"lazy\" decoding=\"async\" width=\"800\" height=\"592\" src=\"https:\/\/alibre.ee\/wp-content\/uploads\/2025\/09\/alibre-script-geodesic.webp\" alt=\"\" class=\"wp-image-795\" style=\"width:354px;height:auto\" srcset=\"https:\/\/alibre.ee\/wp-content\/uploads\/2025\/09\/alibre-script-geodesic.webp 800w, https:\/\/alibre.ee\/wp-content\/uploads\/2025\/09\/alibre-script-geodesic-600x444.webp 600w, https:\/\/alibre.ee\/wp-content\/uploads\/2025\/09\/alibre-script-geodesic-300x222.webp 300w, https:\/\/alibre.ee\/wp-content\/uploads\/2025\/09\/alibre-script-geodesic-768x568.webp 768w, https:\/\/alibre.ee\/wp-content\/uploads\/2025\/09\/alibre-script-geodesic-16x12.webp 16w\" sizes=\"auto, (max-width: 800px) 100vw, 800px\" \/><\/figure>\n<\/div>\n\n\n\n<div class=\"wp-block-column is-vertically-aligned-center is-layout-flow wp-block-column-is-layout-flow\">\n<h3 class=\"wp-block-heading\" id=\"headline-686-2078\">Matemaatikap\u00f5hine geomeetria<\/h3>\n\n\n\n<p>Looge geomeetriat programmiliselt, mis muidu oleks keeruline v\u00f5i aegan\u00f5udev. Selles n\u00e4ites loob skript 3D-punktid, mis vastavad geodeetilise pol\u00fceedri s\u00f5lmedele \u2013 me kasutame neid viidetena geodeetilise kupli tugede loomiseks.<\/p>\n\n\n\n<figure class=\"wp-block-image\"><img decoding=\"async\" src=\"https:\/\/www.alibre.com\/wp-content\/uploads\/2023\/04\/1px.png\" alt=\"\"\/><\/figure>\n<\/div>\n<\/div>\n<\/div>\n\n\n\n<div class=\"wp-block-columns is-layout-flex wp-container-core-columns-is-layout-28f84493 wp-block-columns-is-layout-flex\">\n<div class=\"wp-block-column is-layout-flow wp-block-column-is-layout-flow\">\n<h3 class=\"wp-block-heading\" id=\"headline-698-2078\">Kasutajaliidesed<\/h3>\n\n\n\n<p>Loo oma koodile h\u00f5lpsalt kasutajaliides, mis v\u00f5imaldab sul skriptiga kiiremini ja prognoositavamalt suhelda. Kasutajaliidesed koosnevad vaid m\u00f5nest koodiridast ja v\u00f5imaldavad ka teistel sinu koodi h\u00f5lpsamini kasutada.<br><br><\/p>\n<\/div>\n\n\n\n<div class=\"wp-block-column is-layout-flow wp-block-column-is-layout-flow\">\n<figure class=\"wp-block-image aligncenter size-full is-resized\"><img loading=\"lazy\" decoding=\"async\" width=\"358\" height=\"480\" src=\"https:\/\/alibre.ee\/wp-content\/uploads\/2025\/09\/alibre-script-gui.webp\" alt=\"\" class=\"wp-image-797\" style=\"width:219px;height:auto\" srcset=\"https:\/\/alibre.ee\/wp-content\/uploads\/2025\/09\/alibre-script-gui.webp 358w, https:\/\/alibre.ee\/wp-content\/uploads\/2025\/09\/alibre-script-gui-224x300.webp 224w, https:\/\/alibre.ee\/wp-content\/uploads\/2025\/09\/alibre-script-gui-9x12.webp 9w\" sizes=\"auto, (max-width: 358px) 100vw, 358px\" \/><\/figure>\n<\/div>\n<\/div>\n\n\n\n<div class=\"wp-block-group alignfull has-background is-layout-constrained wp-block-group-is-layout-constrained\" style=\"background:radial-gradient(rgb(255,255,255) 0%,rgb(209,209,209) 85%);padding-top:3rem;padding-bottom:3rem\">\n<div class=\"wp-block-columns are-vertically-aligned-center is-layout-flex wp-container-core-columns-is-layout-9c5bd65f wp-block-columns-is-layout-flex\" style=\"border-bottom-style:none;border-bottom-width:0px;margin-top:0;margin-bottom:0rem;padding-top:0;padding-bottom:0rem\">\n<div class=\"wp-block-column is-vertically-aligned-center is-layout-flow wp-block-column-is-layout-flow\" style=\"flex-basis:50%\">\n<figure class=\"wp-block-image aligncenter size-full is-resized\"><img loading=\"lazy\" decoding=\"async\" width=\"563\" height=\"432\" src=\"https:\/\/alibre.ee\/wp-content\/uploads\/2025\/09\/alibre-script-safe.webp\" alt=\"\" class=\"wp-image-798\" style=\"width:354px;height:auto\" srcset=\"https:\/\/alibre.ee\/wp-content\/uploads\/2025\/09\/alibre-script-safe.webp 563w, https:\/\/alibre.ee\/wp-content\/uploads\/2025\/09\/alibre-script-safe-300x230.webp 300w, https:\/\/alibre.ee\/wp-content\/uploads\/2025\/09\/alibre-script-safe-16x12.webp 16w\" sizes=\"auto, (max-width: 563px) 100vw, 563px\" \/><\/figure>\n<\/div>\n\n\n\n<div class=\"wp-block-column is-vertically-aligned-center is-layout-flow wp-block-column-is-layout-flow\">\n<h3 class=\"wp-block-heading\" id=\"headline-686-2078\">Kaitstud kood<\/h3>\n\n\n\n<p>Kaitske loodud skripte nii, et l\u00e4htekood poleks n\u00e4htav ega muudetav. Suurep\u00e4rane viis tagada koodi terviklikkus erinevate kasutajate vahel skriptide k\u00e4ivitamisel ja kaitsta oma intellektuaalomandit.<\/p>\n<\/div>\n<\/div>\n<\/div>","protected":false},"excerpt":{"rendered":"<p>Automatiseerimise superv\u00f5ime Automatiseeri t\u00fc\u00fctuid v\u00f5i keerulisi t\u00f6\u00f6vooge vaid \u00fche nupuvajutusega Pythoni-p\u00f5hise skriptimise abil.\u00a0 Lihtne \u00f5ppida Python on oma kasutusmugavuse t\u00f5ttu laialdaselt kasutatav keel paljudes rakendustes. Loo\/muuda mudeleid Kasutage scripte mudelite loomiseks ja muutmiseks &#8211; looge 100 varianti m\u00f5ne minutiga. Kasutage andmeallikaid Excel, Access, SQL, veebiandmed \u2013 peaaegu iga andmeallikat saab Pythoniga kasutada. Ehita keerukas loogika [&hellip;]<\/p>","protected":false},"author":1,"featured_media":0,"parent":0,"menu_order":0,"comment_status":"closed","ping_status":"closed","template":"","meta":{"footnotes":""},"class_list":["post-720","page","type-page","status-publish","hentry"],"blocksy_meta":{"has_hero_section":"disabled","styles_descriptor":{"styles":{"desktop":"","tablet":"","mobile":""},"google_fonts":[],"version":6},"page_structure_type":"type-4"},"yoast_head":"<!-- This site is optimized with the Yoast SEO plugin v27.0 - https:\/\/yoast.com\/product\/yoast-seo-wordpress\/ -->\n<title>Alibre API skriptimine - alibre.ee<\/title>\n<meta name=\"robots\" content=\"index, follow, max-snippet:-1, max-image-preview:large, max-video-preview:-1\" \/>\n<link rel=\"canonical\" href=\"https:\/\/alibre.ee\/en\/alibre-api-skriptimine\/\" \/>\n<meta property=\"og:locale\" content=\"en_US\" \/>\n<meta property=\"og:type\" content=\"article\" \/>\n<meta property=\"og:title\" content=\"Alibre API skriptimine - alibre.ee\" \/>\n<meta property=\"og:description\" content=\"Automatiseerimise superv\u00f5ime Automatiseeri t\u00fc\u00fctuid v\u00f5i keerulisi t\u00f6\u00f6vooge vaid \u00fche nupuvajutusega Pythoni-p\u00f5hise skriptimise abil.\u00a0 Lihtne \u00f5ppida Python on oma kasutusmugavuse t\u00f5ttu laialdaselt kasutatav keel paljudes rakendustes. Loo\/muuda mudeleid Kasutage scripte mudelite loomiseks ja muutmiseks &#8211; looge 100 varianti m\u00f5ne minutiga. Kasutage andmeallikaid Excel, Access, SQL, veebiandmed \u2013 peaaegu iga andmeallikat saab Pythoniga kasutada. Ehita keerukas loogika [&hellip;]\" \/>\n<meta property=\"og:url\" content=\"https:\/\/alibre.ee\/en\/alibre-api-skriptimine\/\" \/>\n<meta property=\"og:site_name\" content=\"alibre.ee\" \/>\n<meta property=\"article:modified_time\" content=\"2025-09-23T15:20:19+00:00\" \/>\n<meta property=\"og:image\" content=\"https:\/\/alibre.ee\/wp-content\/uploads\/2025\/09\/scriptpdf.jpg\" \/>\n\t<meta property=\"og:image:width\" content=\"700\" \/>\n\t<meta property=\"og:image:height\" content=\"378\" \/>\n\t<meta property=\"og:image:type\" content=\"image\/jpeg\" \/>\n<meta name=\"twitter:card\" content=\"summary_large_image\" \/>\n<meta name=\"twitter:label1\" content=\"Est. reading time\" \/>\n\t<meta name=\"twitter:data1\" content=\"2 minutes\" \/>\n<script type=\"application\/ld+json\" class=\"yoast-schema-graph\">{\"@context\":\"https:\/\/schema.org\",\"@graph\":[{\"@type\":\"WebPage\",\"@id\":\"https:\/\/alibre.ee\/alibre-api-skriptimine\/\",\"url\":\"https:\/\/alibre.ee\/alibre-api-skriptimine\/\",\"name\":\"Alibre API skriptimine - alibre.ee\",\"isPartOf\":{\"@id\":\"https:\/\/alibre.ee\/#website\"},\"primaryImageOfPage\":{\"@id\":\"https:\/\/alibre.ee\/alibre-api-skriptimine\/#primaryimage\"},\"image\":{\"@id\":\"https:\/\/alibre.ee\/alibre-api-skriptimine\/#primaryimage\"},\"thumbnailUrl\":\"https:\/\/alibre.ee\/wp-content\/uploads\/2025\/09\/scriptpdf.jpg\",\"datePublished\":\"2025-09-17T09:39:58+00:00\",\"dateModified\":\"2025-09-23T15:20:19+00:00\",\"breadcrumb\":{\"@id\":\"https:\/\/alibre.ee\/alibre-api-skriptimine\/#breadcrumb\"},\"inLanguage\":\"en-US\",\"potentialAction\":[{\"@type\":\"ReadAction\",\"target\":[\"https:\/\/alibre.ee\/alibre-api-skriptimine\/\"]}]},{\"@type\":\"ImageObject\",\"inLanguage\":\"en-US\",\"@id\":\"https:\/\/alibre.ee\/alibre-api-skriptimine\/#primaryimage\",\"url\":\"https:\/\/alibre.ee\/wp-content\/uploads\/2025\/09\/scriptpdf.jpg\",\"contentUrl\":\"https:\/\/alibre.ee\/wp-content\/uploads\/2025\/09\/scriptpdf.jpg\"},{\"@type\":\"BreadcrumbList\",\"@id\":\"https:\/\/alibre.ee\/alibre-api-skriptimine\/#breadcrumb\",\"itemListElement\":[{\"@type\":\"ListItem\",\"position\":1,\"name\":\"Home\",\"item\":\"https:\/\/alibre.ee\/\"},{\"@type\":\"ListItem\",\"position\":2,\"name\":\"Alibre API skriptimine\"}]},{\"@type\":\"WebSite\",\"@id\":\"https:\/\/alibre.ee\/#website\",\"url\":\"https:\/\/alibre.ee\/\",\"name\":\"Alibre Eesti\",\"description\":\"Taskukohase hinnaga CAD\",\"publisher\":{\"@id\":\"https:\/\/alibre.ee\/#organization\"},\"alternateName\":\"alibre\",\"potentialAction\":[{\"@type\":\"SearchAction\",\"target\":{\"@type\":\"EntryPoint\",\"urlTemplate\":\"https:\/\/alibre.ee\/?s={search_term_string}\"},\"query-input\":{\"@type\":\"PropertyValueSpecification\",\"valueRequired\":true,\"valueName\":\"search_term_string\"}}],\"inLanguage\":\"en-US\"},{\"@type\":\"Organization\",\"@id\":\"https:\/\/alibre.ee\/#organization\",\"name\":\"Alibre CAD Eesti\",\"url\":\"https:\/\/alibre.ee\/\",\"logo\":{\"@type\":\"ImageObject\",\"inLanguage\":\"en-US\",\"@id\":\"https:\/\/alibre.ee\/#\/schema\/logo\/image\/\",\"url\":\"https:\/\/alibre.ee\/wp-content\/uploads\/2025\/08\/Alibre-Logo-forum.svg\",\"contentUrl\":\"https:\/\/alibre.ee\/wp-content\/uploads\/2025\/08\/Alibre-Logo-forum.svg\",\"width\":180,\"height\":64,\"caption\":\"Alibre CAD Eesti\"},\"image\":{\"@id\":\"https:\/\/alibre.ee\/#\/schema\/logo\/image\/\"}}]}<\/script>\n<!-- \/ Yoast SEO plugin. -->","yoast_head_json":{"title":"Alibre API skriptimine - alibre.ee","robots":{"index":"index","follow":"follow","max-snippet":"max-snippet:-1","max-image-preview":"max-image-preview:large","max-video-preview":"max-video-preview:-1"},"canonical":"https:\/\/alibre.ee\/en\/alibre-api-skriptimine\/","og_locale":"en_US","og_type":"article","og_title":"Alibre API skriptimine - alibre.ee","og_description":"Automatiseerimise superv\u00f5ime Automatiseeri t\u00fc\u00fctuid v\u00f5i keerulisi t\u00f6\u00f6vooge vaid \u00fche nupuvajutusega Pythoni-p\u00f5hise skriptimise abil.\u00a0 Lihtne \u00f5ppida Python on oma kasutusmugavuse t\u00f5ttu laialdaselt kasutatav keel paljudes rakendustes. Loo\/muuda mudeleid Kasutage scripte mudelite loomiseks ja muutmiseks &#8211; looge 100 varianti m\u00f5ne minutiga. Kasutage andmeallikaid Excel, Access, SQL, veebiandmed \u2013 peaaegu iga andmeallikat saab Pythoniga kasutada. Ehita keerukas loogika [&hellip;]","og_url":"https:\/\/alibre.ee\/en\/alibre-api-skriptimine\/","og_site_name":"alibre.ee","article_modified_time":"2025-09-23T15:20:19+00:00","og_image":[{"width":700,"height":378,"url":"https:\/\/alibre.ee\/wp-content\/uploads\/2025\/09\/scriptpdf.jpg","type":"image\/jpeg"}],"twitter_card":"summary_large_image","twitter_misc":{"Est. reading time":"2 minutes"},"schema":{"@context":"https:\/\/schema.org","@graph":[{"@type":"WebPage","@id":"https:\/\/alibre.ee\/alibre-api-skriptimine\/","url":"https:\/\/alibre.ee\/alibre-api-skriptimine\/","name":"Alibre API skriptimine - alibre.ee","isPartOf":{"@id":"https:\/\/alibre.ee\/#website"},"primaryImageOfPage":{"@id":"https:\/\/alibre.ee\/alibre-api-skriptimine\/#primaryimage"},"image":{"@id":"https:\/\/alibre.ee\/alibre-api-skriptimine\/#primaryimage"},"thumbnailUrl":"https:\/\/alibre.ee\/wp-content\/uploads\/2025\/09\/scriptpdf.jpg","datePublished":"2025-09-17T09:39:58+00:00","dateModified":"2025-09-23T15:20:19+00:00","breadcrumb":{"@id":"https:\/\/alibre.ee\/alibre-api-skriptimine\/#breadcrumb"},"inLanguage":"en-US","potentialAction":[{"@type":"ReadAction","target":["https:\/\/alibre.ee\/alibre-api-skriptimine\/"]}]},{"@type":"ImageObject","inLanguage":"en-US","@id":"https:\/\/alibre.ee\/alibre-api-skriptimine\/#primaryimage","url":"https:\/\/alibre.ee\/wp-content\/uploads\/2025\/09\/scriptpdf.jpg","contentUrl":"https:\/\/alibre.ee\/wp-content\/uploads\/2025\/09\/scriptpdf.jpg"},{"@type":"BreadcrumbList","@id":"https:\/\/alibre.ee\/alibre-api-skriptimine\/#breadcrumb","itemListElement":[{"@type":"ListItem","position":1,"name":"Home","item":"https:\/\/alibre.ee\/"},{"@type":"ListItem","position":2,"name":"Alibre API skriptimine"}]},{"@type":"WebSite","@id":"https:\/\/alibre.ee\/#website","url":"https:\/\/alibre.ee\/","name":"Alibre Eesti","description":"Taskukohase hinnaga CAD","publisher":{"@id":"https:\/\/alibre.ee\/#organization"},"alternateName":"alibre","potentialAction":[{"@type":"SearchAction","target":{"@type":"EntryPoint","urlTemplate":"https:\/\/alibre.ee\/?s={search_term_string}"},"query-input":{"@type":"PropertyValueSpecification","valueRequired":true,"valueName":"search_term_string"}}],"inLanguage":"en-US"},{"@type":"Organization","@id":"https:\/\/alibre.ee\/#organization","name":"Alibre CAD Eesti","url":"https:\/\/alibre.ee\/","logo":{"@type":"ImageObject","inLanguage":"en-US","@id":"https:\/\/alibre.ee\/#\/schema\/logo\/image\/","url":"https:\/\/alibre.ee\/wp-content\/uploads\/2025\/08\/Alibre-Logo-forum.svg","contentUrl":"https:\/\/alibre.ee\/wp-content\/uploads\/2025\/08\/Alibre-Logo-forum.svg","width":180,"height":64,"caption":"Alibre CAD Eesti"},"image":{"@id":"https:\/\/alibre.ee\/#\/schema\/logo\/image\/"}}]}},"_links":{"self":[{"href":"https:\/\/alibre.ee\/en\/wp-json\/wp\/v2\/pages\/720","targetHints":{"allow":["GET"]}}],"collection":[{"href":"https:\/\/alibre.ee\/en\/wp-json\/wp\/v2\/pages"}],"about":[{"href":"https:\/\/alibre.ee\/en\/wp-json\/wp\/v2\/types\/page"}],"author":[{"embeddable":true,"href":"https:\/\/alibre.ee\/en\/wp-json\/wp\/v2\/users\/1"}],"replies":[{"embeddable":true,"href":"https:\/\/alibre.ee\/en\/wp-json\/wp\/v2\/comments?post=720"}],"version-history":[{"count":12,"href":"https:\/\/alibre.ee\/en\/wp-json\/wp\/v2\/pages\/720\/revisions"}],"predecessor-version":[{"id":1036,"href":"https:\/\/alibre.ee\/en\/wp-json\/wp\/v2\/pages\/720\/revisions\/1036"}],"wp:attachment":[{"href":"https:\/\/alibre.ee\/en\/wp-json\/wp\/v2\/media?parent=720"}],"curies":[{"name":"wp","href":"https:\/\/api.w.org\/{rel}","templated":true}]}}