{"id":722,"date":"2025-09-17T09:41:04","date_gmt":"2025-09-17T09:41:04","guid":{"rendered":"https:\/\/alibre.ee\/?page_id=722"},"modified":"2025-09-23T15:02:55","modified_gmt":"2025-09-23T15:02:55","slug":"alibre-pdm-andmehaldus","status":"publish","type":"page","link":"https:\/\/alibre.ee\/en\/alibre-pdm-andmehaldus\/","title":{"rendered":"Alibre PDM Data Management"},"content":{"rendered":"<div class=\"wp-block-group alignfull has-background is-layout-constrained wp-block-group-is-layout-constrained\" style=\"background-color:#101010;padding-top:3rem;padding-bottom:3rem\">\n<div class=\"wp-block-columns are-vertically-aligned-center is-layout-flex wp-container-core-columns-is-layout-08ca5f82 wp-block-columns-is-layout-flex\" style=\"border-bottom-style:none;border-bottom-width:0px;margin-bottom:0rem;padding-bottom:4rem\">\n<div class=\"wp-block-column is-vertically-aligned-center is-layout-flow wp-block-column-is-layout-flow\" style=\"flex-basis:55%\">\n<p class=\"has-white-color has-text-color has-link-color wp-elements-cc0b9bddf89772eaf8ec95b25437570f\" style=\"margin-bottom:15px;font-style:normal;font-weight:500\"><\/p>\n\n\n\n<h2 class=\"wp-block-heading has-white-color has-text-color has-link-color has-x-large-font-size wp-elements-a1bc4f7295881287cb225ee38f61912a\" id=\"the-perfect-theme-for-stunning-websites\" style=\"margin-top:0;margin-bottom:20px;font-style:normal;font-weight:800;line-height:1.2\">Alibre PDM - Simplified, Integrated Data Management<\/h2>\n\n\n\n<p class=\"has-white-color has-text-color has-link-color has-medium-font-size wp-elements-ad3947997f1bd152e7cc2829d38ccf73\" style=\"margin-bottom:50px\">A robust data management solution under your total control. Manage versions, where-used, search, multi-user, and so much more.<\/p>\n<\/div>\n\n\n\n<div class=\"wp-block-column is-vertically-aligned-center is-layout-flow wp-block-column-is-layout-flow\">\n<figure class=\"wp-block-embed is-type-video is-provider-vimeo wp-block-embed-vimeo wp-embed-aspect-16-9 wp-has-aspect-ratio\"><div class=\"wp-block-embed__wrapper\">\n<iframe loading=\"lazy\" title=\"Introducing Alibre PDM\" src=\"https:\/\/player.vimeo.com\/video\/995963245?dnt=1&amp;app_id=122963\" width=\"1290\" height=\"726\" frameborder=\"0\" allow=\"autoplay; fullscreen; picture-in-picture; clipboard-write; encrypted-media; web-share\" referrerpolicy=\"strict-origin-when-cross-origin\"><\/iframe>\n<\/div><\/figure>\n<\/div>\n<\/div>\n<\/div>\n\n\n\n<div class=\"wp-block-columns is-layout-flex wp-container-core-columns-is-layout-3e1d588b wp-block-columns-is-layout-flex\" style=\"margin-top:var(--wp--preset--spacing--70)\">\n<div class=\"wp-block-column is-layout-flow wp-block-column-is-layout-flow\">\n<h3 class=\"wp-block-heading\" id=\"headline-31-12137\">Local Deployment<\/h3>\n\n\n\n<p>Put the server where you want - data never goes outside your walled garden.<\/p>\n<\/div>\n\n\n\n<div class=\"wp-block-column is-layout-flow wp-block-column-is-layout-flow\">\n<h3 class=\"wp-block-heading\" id=\"headline-31-12137\">Where-Used<\/h3>\n\n\n\n<p>Find everywhere a component is used to gain insight into the impact of changes.<\/p>\n<\/div>\n\n\n\n<div class=\"wp-block-column is-layout-flow wp-block-column-is-layout-flow\">\n<h3 class=\"wp-block-heading\" id=\"headline-31-12137\">Version &amp; Rollback<\/h3>\n\n\n\n<p>Create versions of files and roll back to previous ones to undo changes.<\/p>\n<\/div>\n<\/div>\n\n\n\n<div class=\"wp-block-columns is-layout-flex wp-container-core-columns-is-layout-28f84493 wp-block-columns-is-layout-flex\">\n<div class=\"wp-block-column is-layout-flow wp-block-column-is-layout-flow\">\n<h3 class=\"wp-block-heading\" id=\"headline-31-12137\">For All File Types<\/h3>\n\n\n\n<p>Put anything into Alibre PDM - from CAD data to PDFs to PowerPoint.<\/p>\n<\/div>\n\n\n\n<div class=\"wp-block-column is-layout-flow wp-block-column-is-layout-flow\">\n<h3 class=\"wp-block-heading\" id=\"headline-31-12137\">Search<\/h3>\n\n\n\n<p>Create complex filter queries to find files based on many criteria.<\/p>\n<\/div>\n\n\n\n<div class=\"wp-block-column is-layout-flow wp-block-column-is-layout-flow\">\n<h3 class=\"wp-block-heading\" id=\"headline-31-12137\">Check In &amp; Lock<\/h3>\n\n\n\n<p>Check in files to increment their version. Lock to prevent others from checking in.<\/p>\n<\/div>\n<\/div>\n\n\n\n<div class=\"wp-block-columns is-layout-flex wp-container-core-columns-is-layout-8dca0e93 wp-block-columns-is-layout-flex\" style=\"margin-bottom:var(--wp--preset--spacing--70)\">\n<div class=\"wp-block-column is-layout-flow wp-block-column-is-layout-flow\">\n<h3 class=\"wp-block-heading\" id=\"headline-31-12137\">Work Offline<\/h3>\n\n\n\n<p>Cache files from the PDM server to work locally, even if not connected to PDM.<\/p>\n<\/div>\n\n\n\n<div class=\"wp-block-column is-layout-flow wp-block-column-is-layout-flow\">\n<h3 class=\"wp-block-heading\" id=\"headline-31-12137\">Robust Metadata<\/h3>\n\n\n\n<p>Use Classes and Properties to build out robust, data-driven concepts.<\/p>\n<\/div>\n\n\n\n<div class=\"wp-block-column is-layout-flow wp-block-column-is-layout-flow\">\n<h3 class=\"wp-block-heading\" id=\"headline-31-12137\">Move \/ Duplicate \/ Rename<\/h3>\n\n\n\n<p>No more broken references due to Windows File System.<\/p>\n<\/div>\n<\/div>\n\n\n\n<div class=\"wp-block-group alignfull has-background is-layout-constrained wp-block-group-is-layout-constrained\" style=\"background:radial-gradient(rgb(255,255,255) 0%,rgb(209,209,209) 85%);padding-top:3rem;padding-bottom:3rem\">\n<div class=\"wp-block-columns are-vertically-aligned-center is-layout-flex wp-container-core-columns-is-layout-9c5bd65f wp-block-columns-is-layout-flex\" style=\"border-bottom-style:none;border-bottom-width:0px;margin-top:0;margin-bottom:0rem;padding-top:0;padding-bottom:0rem\">\n<div class=\"wp-block-column is-vertically-aligned-center is-layout-flow wp-block-column-is-layout-flow\" style=\"flex-basis:50%\">\n<figure class=\"wp-block-image aligncenter size-full is-resized\"><img loading=\"lazy\" decoding=\"async\" width=\"1000\" height=\"667\" src=\"https:\/\/alibre.ee\/wp-content\/uploads\/2025\/09\/Metadata.webp\" alt=\"\" class=\"wp-image-1029\" style=\"width:354px;height:auto\" srcset=\"https:\/\/alibre.ee\/wp-content\/uploads\/2025\/09\/Metadata.webp 1000w, https:\/\/alibre.ee\/wp-content\/uploads\/2025\/09\/Metadata-300x200.webp 300w, https:\/\/alibre.ee\/wp-content\/uploads\/2025\/09\/Metadata-768x512.webp 768w, https:\/\/alibre.ee\/wp-content\/uploads\/2025\/09\/Metadata-18x12.webp 18w, https:\/\/alibre.ee\/wp-content\/uploads\/2025\/09\/Metadata-600x400.webp 600w\" sizes=\"auto, (max-width: 1000px) 100vw, 1000px\" \/><\/figure>\n<\/div>\n\n\n\n<div class=\"wp-block-column is-vertically-aligned-center is-layout-flow wp-block-column-is-layout-flow\">\n<h3 class=\"wp-block-heading\" id=\"headline-686-2078\">Describe your files with rich, customizable metadata<\/h3>\n\n\n\n<p>Each business is unique, and the kinds of things you may want to keep track of might require customized metadata structures. With Alibre PDM you can build out these concepts to substantially enrich your data.<\/p>\n\n\n\n<p>A data-driven approach allows you to optionally choose values from a dropdown list, ensuring high levels of data integrity.<\/p>\n<\/div>\n<\/div>\n<\/div>\n\n\n\n<div class=\"wp-block-columns is-layout-flex wp-container-core-columns-is-layout-28f84493 wp-block-columns-is-layout-flex\">\n<div class=\"wp-block-column is-layout-flow wp-block-column-is-layout-flow\" style=\"padding-top:var(--wp--preset--spacing--80);padding-bottom:var(--wp--preset--spacing--80);flex-basis:60%\">\n<h3 class=\"wp-block-heading\" id=\"headline-531-12137\">Manage CAD data and any other file type<\/h3>\n\n\n\n<p>Alibre PDM makes managing CAD files a breeze, but its power extends metadata and versioning capabilities to any file type such as PowerPoint, PDF, Word, etc. This lets you manage all your supporting design documents, or even to go as far as to manage things like invoices.&nbsp;<\/p>\n<\/div>\n\n\n\n<div class=\"wp-block-column is-layout-flow wp-block-column-is-layout-flow\">\n<figure class=\"wp-block-image size-full is-resized\"><img loading=\"lazy\" decoding=\"async\" width=\"1000\" height=\"667\" src=\"https:\/\/alibre.ee\/wp-content\/uploads\/2025\/09\/pdm-file-types.webp\" alt=\"\" class=\"wp-image-738\" style=\"width:417px;height:auto\" srcset=\"https:\/\/alibre.ee\/wp-content\/uploads\/2025\/09\/pdm-file-types.webp 1000w, https:\/\/alibre.ee\/wp-content\/uploads\/2025\/09\/pdm-file-types-600x400.webp 600w, https:\/\/alibre.ee\/wp-content\/uploads\/2025\/09\/pdm-file-types-300x200.webp 300w, https:\/\/alibre.ee\/wp-content\/uploads\/2025\/09\/pdm-file-types-768x512.webp 768w, https:\/\/alibre.ee\/wp-content\/uploads\/2025\/09\/pdm-file-types-18x12.webp 18w\" sizes=\"auto, (max-width: 1000px) 100vw, 1000px\" \/><\/figure>\n<\/div>\n<\/div>\n\n\n\n<div class=\"wp-block-group alignfull has-background is-layout-constrained wp-block-group-is-layout-constrained\" style=\"background:radial-gradient(rgb(255,255,255) 0%,rgb(209,209,209) 85%);padding-top:3rem;padding-bottom:3rem\">\n<div class=\"wp-block-columns are-vertically-aligned-center is-layout-flex wp-container-core-columns-is-layout-9c5bd65f wp-block-columns-is-layout-flex\" style=\"border-bottom-style:none;border-bottom-width:0px;margin-top:0;margin-bottom:0rem;padding-top:0;padding-bottom:0rem\">\n<div class=\"wp-block-column is-vertically-aligned-center is-layout-flow wp-block-column-is-layout-flow\" style=\"flex-basis:50%\">\n<figure class=\"wp-block-image aligncenter size-full is-resized\"><img loading=\"lazy\" decoding=\"async\" width=\"1000\" height=\"667\" src=\"https:\/\/alibre.ee\/wp-content\/uploads\/2025\/09\/version.webp\" alt=\"\" class=\"wp-image-1030\" style=\"width:354px;height:auto\" srcset=\"https:\/\/alibre.ee\/wp-content\/uploads\/2025\/09\/version.webp 1000w, https:\/\/alibre.ee\/wp-content\/uploads\/2025\/09\/version-300x200.webp 300w, https:\/\/alibre.ee\/wp-content\/uploads\/2025\/09\/version-768x512.webp 768w, https:\/\/alibre.ee\/wp-content\/uploads\/2025\/09\/version-18x12.webp 18w, https:\/\/alibre.ee\/wp-content\/uploads\/2025\/09\/version-600x400.webp 600w\" sizes=\"auto, (max-width: 1000px) 100vw, 1000px\" \/><\/figure>\n<\/div>\n\n\n\n<div class=\"wp-block-column is-vertically-aligned-center is-layout-flow wp-block-column-is-layout-flow\">\n<h3 class=\"wp-block-heading\" id=\"headline-686-2078\">Version and Rollback<\/h3>\n\n\n\n<p>You might find that you want a previous version of a file or design. With Versioning and Rollback, you can easily view previous versions and rollback a design to a target version.<\/p>\n<\/div>\n<\/div>\n<\/div>\n\n\n\n<div class=\"wp-block-columns is-layout-flex wp-container-core-columns-is-layout-28f84493 wp-block-columns-is-layout-flex\">\n<div class=\"wp-block-column is-layout-flow wp-block-column-is-layout-flow\">\n<figure class=\"wp-block-image size-full is-resized\"><img loading=\"lazy\" decoding=\"async\" width=\"1000\" height=\"667\" src=\"https:\/\/alibre.ee\/wp-content\/uploads\/2025\/09\/filter-1.webp\" alt=\"\" class=\"wp-image-1031\" style=\"width:417px;height:auto\" srcset=\"https:\/\/alibre.ee\/wp-content\/uploads\/2025\/09\/filter-1.webp 1000w, https:\/\/alibre.ee\/wp-content\/uploads\/2025\/09\/filter-1-300x200.webp 300w, https:\/\/alibre.ee\/wp-content\/uploads\/2025\/09\/filter-1-768x512.webp 768w, https:\/\/alibre.ee\/wp-content\/uploads\/2025\/09\/filter-1-18x12.webp 18w, https:\/\/alibre.ee\/wp-content\/uploads\/2025\/09\/filter-1-600x400.webp 600w\" sizes=\"auto, (max-width: 1000px) 100vw, 1000px\" \/><\/figure>\n<\/div>\n\n\n\n<div class=\"wp-block-column is-layout-flow wp-block-column-is-layout-flow\" style=\"padding-top:var(--wp--preset--spacing--80);padding-bottom:var(--wp--preset--spacing--80);flex-basis:60%\">\n<h3 class=\"wp-block-heading\" id=\"headline-531-12137\">Find files fast<\/h3>\n\n\n\n<p>Robust filtering lets you find files based on their metadata, and you can build out compound filters to really drill down - for example perhaps your supplier's sandblasted finish quality has gone way down and you want to figure out all the affected parts so you can find a new supplier.<\/p>\n\n\n\n<figure class=\"wp-block-image\"><img decoding=\"async\" src=\"https:\/\/www.alibre.com\/wp-content\/uploads\/2023\/04\/1px.png\" alt=\"\"\/><\/figure>\n<\/div>\n<\/div>\n\n\n\n<div class=\"wp-block-columns is-layout-flex wp-container-core-columns-is-layout-28f84493 wp-block-columns-is-layout-flex\">\n<div class=\"wp-block-column is-layout-flow wp-block-column-is-layout-flow\">\n<h3 class=\"wp-block-heading\" id=\"headline-584-12137\">Move, Duplicate, and Rename Easily<\/h3>\n\n\n\n<p>When using CAD software on the Windows File System, data is particularly prone to messing up when files are moved or renamed from the file system because design references aren't updated. This is a thing of the past with Alibre PDM.<\/p>\n<\/div>\n\n\n\n<div class=\"wp-block-column is-layout-flow wp-block-column-is-layout-flow\">\n<h3 class=\"wp-block-heading\" id=\"headline-608-12137\">Local PC or LAN Deployment<\/h3>\n\n\n\n<p>Deploy the PDM Server software on your CAD PC for the easiest setup, or make PDM Server available to multiple users on a LAN or over the Internet via a secure VPN. Your data is always under your total control.<\/p>\n<\/div>\n<\/div>\n\n\n\n<div style=\"height:30px\" aria-hidden=\"true\" class=\"wp-block-spacer\"><\/div>\n\n\n\n<p><\/p>","protected":false},"excerpt":{"rendered":"<p>Alibre PDM \u2013 lihtsustatud ja integreeritud andmehaldus V\u00f5imas andmehalduse lahendus, mille \u00fcle teil on t\u00e4ielik kontroll. Haldage versioone, j\u00e4lgige, kus faile kasutatakse, otsige, kasutage mitme kasutajaga ja palju muud. Kohalik juurutamine Server on sinu kontrolli all &#8211; andmed ei l\u00e4he v\u00e4lja sinu v\u00f5rgust. Otsi koostudes Leidke k\u00f5ik koostud, kus komponenti kasutatakse, et saada \u00fclevaade muudatuste [&hellip;]<\/p>","protected":false},"author":1,"featured_media":0,"parent":0,"menu_order":0,"comment_status":"closed","ping_status":"closed","template":"","meta":{"footnotes":""},"class_list":["post-722","page","type-page","status-publish","hentry"],"blocksy_meta":{"has_hero_section":"disabled","styles_descriptor":{"styles":{"desktop":"","tablet":"","mobile":""},"google_fonts":[],"version":6}},"yoast_head":"<!-- This site is optimized with the Yoast SEO plugin v27.0 - https:\/\/yoast.com\/product\/yoast-seo-wordpress\/ -->\n<title>Alibre PDM andmehaldus - alibre.ee<\/title>\n<meta name=\"robots\" content=\"index, follow, max-snippet:-1, max-image-preview:large, max-video-preview:-1\" \/>\n<link rel=\"canonical\" href=\"https:\/\/alibre.ee\/en\/alibre-pdm-andmehaldus\/\" \/>\n<meta property=\"og:locale\" content=\"en_US\" \/>\n<meta property=\"og:type\" content=\"article\" \/>\n<meta property=\"og:title\" content=\"Alibre PDM andmehaldus - alibre.ee\" \/>\n<meta property=\"og:description\" content=\"Alibre PDM \u2013 lihtsustatud ja integreeritud andmehaldus V\u00f5imas andmehalduse lahendus, mille \u00fcle teil on t\u00e4ielik kontroll. Haldage versioone, j\u00e4lgige, kus faile kasutatakse, otsige, kasutage mitme kasutajaga ja palju muud. Kohalik juurutamine Server on sinu kontrolli all &#8211; andmed ei l\u00e4he v\u00e4lja sinu v\u00f5rgust. Otsi koostudes Leidke k\u00f5ik koostud, kus komponenti kasutatakse, et saada \u00fclevaade muudatuste [&hellip;]\" \/>\n<meta property=\"og:url\" content=\"https:\/\/alibre.ee\/en\/alibre-pdm-andmehaldus\/\" \/>\n<meta property=\"og:site_name\" content=\"alibre.ee\" \/>\n<meta property=\"article:modified_time\" content=\"2025-09-23T15:02:55+00:00\" \/>\n<meta property=\"og:image\" content=\"https:\/\/alibre.ee\/wp-content\/uploads\/2025\/09\/Metadata.webp\" \/>\n\t<meta property=\"og:image:width\" content=\"1000\" \/>\n\t<meta property=\"og:image:height\" content=\"667\" \/>\n\t<meta property=\"og:image:type\" content=\"image\/webp\" \/>\n<meta name=\"twitter:card\" content=\"summary_large_image\" \/>\n<meta name=\"twitter:label1\" content=\"Est. reading time\" \/>\n\t<meta name=\"twitter:data1\" content=\"2 minutes\" \/>\n<script type=\"application\/ld+json\" class=\"yoast-schema-graph\">{\"@context\":\"https:\/\/schema.org\",\"@graph\":[{\"@type\":\"WebPage\",\"@id\":\"https:\/\/alibre.ee\/alibre-pdm-andmehaldus\/\",\"url\":\"https:\/\/alibre.ee\/alibre-pdm-andmehaldus\/\",\"name\":\"Alibre PDM andmehaldus - alibre.ee\",\"isPartOf\":{\"@id\":\"https:\/\/alibre.ee\/#website\"},\"primaryImageOfPage\":{\"@id\":\"https:\/\/alibre.ee\/alibre-pdm-andmehaldus\/#primaryimage\"},\"image\":{\"@id\":\"https:\/\/alibre.ee\/alibre-pdm-andmehaldus\/#primaryimage\"},\"thumbnailUrl\":\"https:\/\/alibre.ee\/wp-content\/uploads\/2025\/09\/Metadata.webp\",\"datePublished\":\"2025-09-17T09:41:04+00:00\",\"dateModified\":\"2025-09-23T15:02:55+00:00\",\"breadcrumb\":{\"@id\":\"https:\/\/alibre.ee\/alibre-pdm-andmehaldus\/#breadcrumb\"},\"inLanguage\":\"en-US\",\"potentialAction\":[{\"@type\":\"ReadAction\",\"target\":[\"https:\/\/alibre.ee\/alibre-pdm-andmehaldus\/\"]}]},{\"@type\":\"ImageObject\",\"inLanguage\":\"en-US\",\"@id\":\"https:\/\/alibre.ee\/alibre-pdm-andmehaldus\/#primaryimage\",\"url\":\"https:\/\/alibre.ee\/wp-content\/uploads\/2025\/09\/Metadata.webp\",\"contentUrl\":\"https:\/\/alibre.ee\/wp-content\/uploads\/2025\/09\/Metadata.webp\"},{\"@type\":\"BreadcrumbList\",\"@id\":\"https:\/\/alibre.ee\/alibre-pdm-andmehaldus\/#breadcrumb\",\"itemListElement\":[{\"@type\":\"ListItem\",\"position\":1,\"name\":\"Home\",\"item\":\"https:\/\/alibre.ee\/\"},{\"@type\":\"ListItem\",\"position\":2,\"name\":\"Alibre PDM andmehaldus\"}]},{\"@type\":\"WebSite\",\"@id\":\"https:\/\/alibre.ee\/#website\",\"url\":\"https:\/\/alibre.ee\/\",\"name\":\"Alibre Eesti\",\"description\":\"Taskukohase hinnaga CAD\",\"publisher\":{\"@id\":\"https:\/\/alibre.ee\/#organization\"},\"alternateName\":\"alibre\",\"potentialAction\":[{\"@type\":\"SearchAction\",\"target\":{\"@type\":\"EntryPoint\",\"urlTemplate\":\"https:\/\/alibre.ee\/?s={search_term_string}\"},\"query-input\":{\"@type\":\"PropertyValueSpecification\",\"valueRequired\":true,\"valueName\":\"search_term_string\"}}],\"inLanguage\":\"en-US\"},{\"@type\":\"Organization\",\"@id\":\"https:\/\/alibre.ee\/#organization\",\"name\":\"Alibre CAD Eesti\",\"url\":\"https:\/\/alibre.ee\/\",\"logo\":{\"@type\":\"ImageObject\",\"inLanguage\":\"en-US\",\"@id\":\"https:\/\/alibre.ee\/#\/schema\/logo\/image\/\",\"url\":\"https:\/\/alibre.ee\/wp-content\/uploads\/2025\/08\/Alibre-Logo-forum.svg\",\"contentUrl\":\"https:\/\/alibre.ee\/wp-content\/uploads\/2025\/08\/Alibre-Logo-forum.svg\",\"width\":180,\"height\":64,\"caption\":\"Alibre CAD Eesti\"},\"image\":{\"@id\":\"https:\/\/alibre.ee\/#\/schema\/logo\/image\/\"}}]}<\/script>\n<!-- \/ Yoast SEO plugin. -->","yoast_head_json":{"title":"Alibre PDM andmehaldus - alibre.ee","robots":{"index":"index","follow":"follow","max-snippet":"max-snippet:-1","max-image-preview":"max-image-preview:large","max-video-preview":"max-video-preview:-1"},"canonical":"https:\/\/alibre.ee\/en\/alibre-pdm-andmehaldus\/","og_locale":"en_US","og_type":"article","og_title":"Alibre PDM andmehaldus - alibre.ee","og_description":"Alibre PDM \u2013 lihtsustatud ja integreeritud andmehaldus V\u00f5imas andmehalduse lahendus, mille \u00fcle teil on t\u00e4ielik kontroll. Haldage versioone, j\u00e4lgige, kus faile kasutatakse, otsige, kasutage mitme kasutajaga ja palju muud. Kohalik juurutamine Server on sinu kontrolli all &#8211; andmed ei l\u00e4he v\u00e4lja sinu v\u00f5rgust. Otsi koostudes Leidke k\u00f5ik koostud, kus komponenti kasutatakse, et saada \u00fclevaade muudatuste [&hellip;]","og_url":"https:\/\/alibre.ee\/en\/alibre-pdm-andmehaldus\/","og_site_name":"alibre.ee","article_modified_time":"2025-09-23T15:02:55+00:00","og_image":[{"width":1000,"height":667,"url":"https:\/\/alibre.ee\/wp-content\/uploads\/2025\/09\/Metadata.webp","type":"image\/webp"}],"twitter_card":"summary_large_image","twitter_misc":{"Est. reading time":"2 minutes"},"schema":{"@context":"https:\/\/schema.org","@graph":[{"@type":"WebPage","@id":"https:\/\/alibre.ee\/alibre-pdm-andmehaldus\/","url":"https:\/\/alibre.ee\/alibre-pdm-andmehaldus\/","name":"Alibre PDM andmehaldus - alibre.ee","isPartOf":{"@id":"https:\/\/alibre.ee\/#website"},"primaryImageOfPage":{"@id":"https:\/\/alibre.ee\/alibre-pdm-andmehaldus\/#primaryimage"},"image":{"@id":"https:\/\/alibre.ee\/alibre-pdm-andmehaldus\/#primaryimage"},"thumbnailUrl":"https:\/\/alibre.ee\/wp-content\/uploads\/2025\/09\/Metadata.webp","datePublished":"2025-09-17T09:41:04+00:00","dateModified":"2025-09-23T15:02:55+00:00","breadcrumb":{"@id":"https:\/\/alibre.ee\/alibre-pdm-andmehaldus\/#breadcrumb"},"inLanguage":"en-US","potentialAction":[{"@type":"ReadAction","target":["https:\/\/alibre.ee\/alibre-pdm-andmehaldus\/"]}]},{"@type":"ImageObject","inLanguage":"en-US","@id":"https:\/\/alibre.ee\/alibre-pdm-andmehaldus\/#primaryimage","url":"https:\/\/alibre.ee\/wp-content\/uploads\/2025\/09\/Metadata.webp","contentUrl":"https:\/\/alibre.ee\/wp-content\/uploads\/2025\/09\/Metadata.webp"},{"@type":"BreadcrumbList","@id":"https:\/\/alibre.ee\/alibre-pdm-andmehaldus\/#breadcrumb","itemListElement":[{"@type":"ListItem","position":1,"name":"Home","item":"https:\/\/alibre.ee\/"},{"@type":"ListItem","position":2,"name":"Alibre PDM andmehaldus"}]},{"@type":"WebSite","@id":"https:\/\/alibre.ee\/#website","url":"https:\/\/alibre.ee\/","name":"Alibre Eesti","description":"Taskukohase hinnaga CAD","publisher":{"@id":"https:\/\/alibre.ee\/#organization"},"alternateName":"alibre","potentialAction":[{"@type":"SearchAction","target":{"@type":"EntryPoint","urlTemplate":"https:\/\/alibre.ee\/?s={search_term_string}"},"query-input":{"@type":"PropertyValueSpecification","valueRequired":true,"valueName":"search_term_string"}}],"inLanguage":"en-US"},{"@type":"Organization","@id":"https:\/\/alibre.ee\/#organization","name":"Alibre CAD Eesti","url":"https:\/\/alibre.ee\/","logo":{"@type":"ImageObject","inLanguage":"en-US","@id":"https:\/\/alibre.ee\/#\/schema\/logo\/image\/","url":"https:\/\/alibre.ee\/wp-content\/uploads\/2025\/08\/Alibre-Logo-forum.svg","contentUrl":"https:\/\/alibre.ee\/wp-content\/uploads\/2025\/08\/Alibre-Logo-forum.svg","width":180,"height":64,"caption":"Alibre CAD Eesti"},"image":{"@id":"https:\/\/alibre.ee\/#\/schema\/logo\/image\/"}}]}},"_links":{"self":[{"href":"https:\/\/alibre.ee\/en\/wp-json\/wp\/v2\/pages\/722","targetHints":{"allow":["GET"]}}],"collection":[{"href":"https:\/\/alibre.ee\/en\/wp-json\/wp\/v2\/pages"}],"about":[{"href":"https:\/\/alibre.ee\/en\/wp-json\/wp\/v2\/types\/page"}],"author":[{"embeddable":true,"href":"https:\/\/alibre.ee\/en\/wp-json\/wp\/v2\/users\/1"}],"replies":[{"embeddable":true,"href":"https:\/\/alibre.ee\/en\/wp-json\/wp\/v2\/comments?post=722"}],"version-history":[{"count":13,"href":"https:\/\/alibre.ee\/en\/wp-json\/wp\/v2\/pages\/722\/revisions"}],"predecessor-version":[{"id":1034,"href":"https:\/\/alibre.ee\/en\/wp-json\/wp\/v2\/pages\/722\/revisions\/1034"}],"wp:attachment":[{"href":"https:\/\/alibre.ee\/en\/wp-json\/wp\/v2\/media?parent=722"}],"curies":[{"name":"wp","href":"https:\/\/api.w.org\/{rel}","templated":true}]}}