{"id":74,"date":"2025-08-27T19:17:55","date_gmt":"2025-08-27T19:17:55","guid":{"rendered":"https:\/\/alibre.ee\/?page_id=74"},"modified":"2025-09-03T15:14:41","modified_gmt":"2025-09-03T15:14:41","slug":"tagastuspoliitika","status":"publish","type":"page","link":"https:\/\/alibre.ee\/en\/tagastuspoliitika\/","title":{"rendered":"Return Policy"},"content":{"rendered":"<div style=\"height:30px\" aria-hidden=\"true\" class=\"wp-block-spacer\"><\/div>\n\n\n\n<h3 class=\"wp-block-heading\">Alibre Return Policy<\/h3>\n\n\n\n<p>We want you to love your software. That's why we have a 30-day unconditional money-back guarantee on new purchases purchased from us.<\/p>\n\n\n\n<h3 class=\"wp-block-heading\">How to get a refund?<\/h3>\n\n\n\n<p>Send a email to <strong>info@alibre.ee<\/strong> within 30 days of your purchase.<\/p>\n\n\n\n<p>We will process your refund within 7 business days.<\/p>\n\n\n\n<h3 class=\"wp-block-heading\">Exception: maintenance renewal<\/h3>\n\n\n\n<p>Refunds are not available for standalone maintenance renewals.<br>A standalone maintenance renewal is defined as a purchase of a year of Alibre maintenance for your product when it is not purchased as part of a new license.<\/p>\n\n\n\n<h3 class=\"wp-block-heading\">Our promise<\/h3>\n\n\n\n<p>We want you to feel comfortable and secure with your purchase. If you have any questions or need assistance, our team is always ready to help you.<\/p>\n\n\n\n<div style=\"height:100px\" aria-hidden=\"true\" class=\"wp-block-spacer\"><\/div>","protected":false},"excerpt":{"rendered":"<p>Alibre tagastuspoliitika Soovime, et tunneksid oma tarkvarast r\u00f5\u00f5mu ja kindlust. Seet\u00f5ttu pakume k\u00f5igile otse meie kaudu tehtud ostudele 30-p\u00e4evast raha tagasi garantiid \u2013 ilma k\u00fcsimusteta. Kuidas tagasimakse toimib? Kirjuta meile aadressil info@alibre.ee 30 p\u00e4eva jooksul ostu tegemisest. T\u00f6\u00f6tleme tagasimakse hiljemalt 7 t\u00f6\u00f6p\u00e4eva jooksul. Erand: hoolduslepingu pikendused Raha tagasi garantii ei kehti eraldiseisvatele hoolduslepingu pikendustele.See t\u00e4hendab, [&hellip;]<\/p>","protected":false},"author":1,"featured_media":0,"parent":0,"menu_order":0,"comment_status":"closed","ping_status":"closed","template":"","meta":{"footnotes":""},"class_list":["post-74","page","type-page","status-publish","hentry"],"blocksy_meta":{"has_hero_section":"disabled","styles_descriptor":{"styles":{"desktop":"","tablet":"","mobile":""},"google_fonts":[],"version":6}},"yoast_head":"<!-- This site is optimized with the Yoast SEO plugin v27.0 - https:\/\/yoast.com\/product\/yoast-seo-wordpress\/ -->\n<title>Tagastuspoliitika - alibre.ee<\/title>\n<meta name=\"robots\" content=\"index, follow, max-snippet:-1, max-image-preview:large, max-video-preview:-1\" \/>\n<link rel=\"canonical\" href=\"https:\/\/alibre.ee\/en\/tagastuspoliitika\/\" \/>\n<meta property=\"og:locale\" content=\"en_US\" \/>\n<meta property=\"og:type\" content=\"article\" \/>\n<meta property=\"og:title\" content=\"Tagastuspoliitika - alibre.ee\" \/>\n<meta property=\"og:description\" content=\"Alibre tagastuspoliitika Soovime, et tunneksid oma tarkvarast r\u00f5\u00f5mu ja kindlust. Seet\u00f5ttu pakume k\u00f5igile otse meie kaudu tehtud ostudele 30-p\u00e4evast raha tagasi garantiid \u2013 ilma k\u00fcsimusteta. Kuidas tagasimakse toimib? Kirjuta meile aadressil info@alibre.ee 30 p\u00e4eva jooksul ostu tegemisest. T\u00f6\u00f6tleme tagasimakse hiljemalt 7 t\u00f6\u00f6p\u00e4eva jooksul. Erand: hoolduslepingu pikendused Raha tagasi garantii ei kehti eraldiseisvatele hoolduslepingu pikendustele.See t\u00e4hendab, [&hellip;]\" \/>\n<meta property=\"og:url\" content=\"https:\/\/alibre.ee\/en\/tagastuspoliitika\/\" \/>\n<meta property=\"og:site_name\" content=\"alibre.ee\" \/>\n<meta property=\"article:modified_time\" content=\"2025-09-03T15:14:41+00:00\" \/>\n<meta property=\"og:image\" content=\"https:\/\/alibre.ee\/wp-content\/uploads\/2025\/09\/assembly.webp\" \/>\n\t<meta property=\"og:image:width\" content=\"800\" \/>\n\t<meta property=\"og:image:height\" content=\"533\" \/>\n\t<meta property=\"og:image:type\" content=\"image\/webp\" \/>\n<meta name=\"twitter:card\" content=\"summary_large_image\" \/>\n<meta name=\"twitter:label1\" content=\"Est. reading time\" \/>\n\t<meta name=\"twitter:data1\" content=\"1 minute\" \/>\n<script type=\"application\/ld+json\" class=\"yoast-schema-graph\">{\"@context\":\"https:\/\/schema.org\",\"@graph\":[{\"@type\":\"WebPage\",\"@id\":\"https:\/\/alibre.ee\/tagastuspoliitika\/\",\"url\":\"https:\/\/alibre.ee\/tagastuspoliitika\/\",\"name\":\"Tagastuspoliitika - alibre.ee\",\"isPartOf\":{\"@id\":\"https:\/\/alibre.ee\/#website\"},\"datePublished\":\"2025-08-27T19:17:55+00:00\",\"dateModified\":\"2025-09-03T15:14:41+00:00\",\"breadcrumb\":{\"@id\":\"https:\/\/alibre.ee\/tagastuspoliitika\/#breadcrumb\"},\"inLanguage\":\"en-US\",\"potentialAction\":[{\"@type\":\"ReadAction\",\"target\":[\"https:\/\/alibre.ee\/tagastuspoliitika\/\"]}]},{\"@type\":\"BreadcrumbList\",\"@id\":\"https:\/\/alibre.ee\/tagastuspoliitika\/#breadcrumb\",\"itemListElement\":[{\"@type\":\"ListItem\",\"position\":1,\"name\":\"Home\",\"item\":\"https:\/\/alibre.ee\/\"},{\"@type\":\"ListItem\",\"position\":2,\"name\":\"Tagastuspoliitika\"}]},{\"@type\":\"WebSite\",\"@id\":\"https:\/\/alibre.ee\/#website\",\"url\":\"https:\/\/alibre.ee\/\",\"name\":\"Alibre Eesti\",\"description\":\"Taskukohase hinnaga CAD\",\"publisher\":{\"@id\":\"https:\/\/alibre.ee\/#organization\"},\"alternateName\":\"alibre\",\"potentialAction\":[{\"@type\":\"SearchAction\",\"target\":{\"@type\":\"EntryPoint\",\"urlTemplate\":\"https:\/\/alibre.ee\/?s={search_term_string}\"},\"query-input\":{\"@type\":\"PropertyValueSpecification\",\"valueRequired\":true,\"valueName\":\"search_term_string\"}}],\"inLanguage\":\"en-US\"},{\"@type\":\"Organization\",\"@id\":\"https:\/\/alibre.ee\/#organization\",\"name\":\"Alibre CAD Eesti\",\"url\":\"https:\/\/alibre.ee\/\",\"logo\":{\"@type\":\"ImageObject\",\"inLanguage\":\"en-US\",\"@id\":\"https:\/\/alibre.ee\/#\/schema\/logo\/image\/\",\"url\":\"https:\/\/alibre.ee\/wp-content\/uploads\/2025\/08\/Alibre-Logo-forum.svg\",\"contentUrl\":\"https:\/\/alibre.ee\/wp-content\/uploads\/2025\/08\/Alibre-Logo-forum.svg\",\"width\":180,\"height\":64,\"caption\":\"Alibre CAD Eesti\"},\"image\":{\"@id\":\"https:\/\/alibre.ee\/#\/schema\/logo\/image\/\"}}]}<\/script>\n<!-- \/ Yoast SEO plugin. -->","yoast_head_json":{"title":"Tagastuspoliitika - alibre.ee","robots":{"index":"index","follow":"follow","max-snippet":"max-snippet:-1","max-image-preview":"max-image-preview:large","max-video-preview":"max-video-preview:-1"},"canonical":"https:\/\/alibre.ee\/en\/tagastuspoliitika\/","og_locale":"en_US","og_type":"article","og_title":"Tagastuspoliitika - alibre.ee","og_description":"Alibre tagastuspoliitika Soovime, et tunneksid oma tarkvarast r\u00f5\u00f5mu ja kindlust. Seet\u00f5ttu pakume k\u00f5igile otse meie kaudu tehtud ostudele 30-p\u00e4evast raha tagasi garantiid \u2013 ilma k\u00fcsimusteta. Kuidas tagasimakse toimib? Kirjuta meile aadressil info@alibre.ee 30 p\u00e4eva jooksul ostu tegemisest. T\u00f6\u00f6tleme tagasimakse hiljemalt 7 t\u00f6\u00f6p\u00e4eva jooksul. Erand: hoolduslepingu pikendused Raha tagasi garantii ei kehti eraldiseisvatele hoolduslepingu pikendustele.See t\u00e4hendab, [&hellip;]","og_url":"https:\/\/alibre.ee\/en\/tagastuspoliitika\/","og_site_name":"alibre.ee","article_modified_time":"2025-09-03T15:14:41+00:00","og_image":[{"width":800,"height":533,"url":"https:\/\/alibre.ee\/wp-content\/uploads\/2025\/09\/assembly.webp","type":"image\/webp"}],"twitter_card":"summary_large_image","twitter_misc":{"Est. reading time":"1 minute"},"schema":{"@context":"https:\/\/schema.org","@graph":[{"@type":"WebPage","@id":"https:\/\/alibre.ee\/tagastuspoliitika\/","url":"https:\/\/alibre.ee\/tagastuspoliitika\/","name":"Tagastuspoliitika - alibre.ee","isPartOf":{"@id":"https:\/\/alibre.ee\/#website"},"datePublished":"2025-08-27T19:17:55+00:00","dateModified":"2025-09-03T15:14:41+00:00","breadcrumb":{"@id":"https:\/\/alibre.ee\/tagastuspoliitika\/#breadcrumb"},"inLanguage":"en-US","potentialAction":[{"@type":"ReadAction","target":["https:\/\/alibre.ee\/tagastuspoliitika\/"]}]},{"@type":"BreadcrumbList","@id":"https:\/\/alibre.ee\/tagastuspoliitika\/#breadcrumb","itemListElement":[{"@type":"ListItem","position":1,"name":"Home","item":"https:\/\/alibre.ee\/"},{"@type":"ListItem","position":2,"name":"Tagastuspoliitika"}]},{"@type":"WebSite","@id":"https:\/\/alibre.ee\/#website","url":"https:\/\/alibre.ee\/","name":"Alibre Eesti","description":"Taskukohase hinnaga CAD","publisher":{"@id":"https:\/\/alibre.ee\/#organization"},"alternateName":"alibre","potentialAction":[{"@type":"SearchAction","target":{"@type":"EntryPoint","urlTemplate":"https:\/\/alibre.ee\/?s={search_term_string}"},"query-input":{"@type":"PropertyValueSpecification","valueRequired":true,"valueName":"search_term_string"}}],"inLanguage":"en-US"},{"@type":"Organization","@id":"https:\/\/alibre.ee\/#organization","name":"Alibre CAD Eesti","url":"https:\/\/alibre.ee\/","logo":{"@type":"ImageObject","inLanguage":"en-US","@id":"https:\/\/alibre.ee\/#\/schema\/logo\/image\/","url":"https:\/\/alibre.ee\/wp-content\/uploads\/2025\/08\/Alibre-Logo-forum.svg","contentUrl":"https:\/\/alibre.ee\/wp-content\/uploads\/2025\/08\/Alibre-Logo-forum.svg","width":180,"height":64,"caption":"Alibre CAD Eesti"},"image":{"@id":"https:\/\/alibre.ee\/#\/schema\/logo\/image\/"}}]}},"_links":{"self":[{"href":"https:\/\/alibre.ee\/en\/wp-json\/wp\/v2\/pages\/74","targetHints":{"allow":["GET"]}}],"collection":[{"href":"https:\/\/alibre.ee\/en\/wp-json\/wp\/v2\/pages"}],"about":[{"href":"https:\/\/alibre.ee\/en\/wp-json\/wp\/v2\/types\/page"}],"author":[{"embeddable":true,"href":"https:\/\/alibre.ee\/en\/wp-json\/wp\/v2\/users\/1"}],"replies":[{"embeddable":true,"href":"https:\/\/alibre.ee\/en\/wp-json\/wp\/v2\/comments?post=74"}],"version-history":[{"count":9,"href":"https:\/\/alibre.ee\/en\/wp-json\/wp\/v2\/pages\/74\/revisions"}],"predecessor-version":[{"id":486,"href":"https:\/\/alibre.ee\/en\/wp-json\/wp\/v2\/pages\/74\/revisions\/486"}],"wp:attachment":[{"href":"https:\/\/alibre.ee\/en\/wp-json\/wp\/v2\/media?parent=74"}],"curies":[{"name":"wp","href":"https:\/\/api.w.org\/{rel}","templated":true}]}}