{"id":1086,"date":"2025-09-28T19:07:01","date_gmt":"2025-09-28T19:07:01","guid":{"rendered":"https:\/\/alibre.ee\/?post_type=product&#038;p=1086"},"modified":"2026-04-01T11:30:52","modified_gmt":"2026-04-01T11:30:52","slug":"alibre-pdm-kasutajakoht","status":"publish","type":"product","link":"https:\/\/alibre.ee\/en\/product\/alibre-pdm-kasutajakoht\/","title":{"rendered":"Alibre PDM additional user"},"content":{"rendered":"<p>Alibre PDM (tooteandmete haldus) on ideaalne lahendus meeskondadele, kes vajavad struktureeritud kontrolli oma CAD-andmete \u00fcle ilma ettev\u00f5tte PDM-s\u00fcsteemide keerukuse ja kuludeta. See on loodud spetsiaalselt Alibre Designi jaoks ja skaleerub sujuvalt \u00fche inseneri keskkonnast mitme kasutaja keskkonnani.<\/p>\n<p>Alibre PDM-iga salvestatakse k\u00f5ik teie disainifailid, muudatused ja metaandmed turvalisse keskhoidlasse. See j\u00e4lgib automaatselt muudatusi, haldab failiversioone ja takistab juhuslikku \u00fclekirjutamist, tagades disaini terviklikkuse ja koost\u00f6\u00f6 efektiivsuse.<\/p>\n<p>Insenerid ja disainerid saavad faile sisse ja v\u00e4lja logida otse Alibre Designist, muutes versioonide haldamise lihtsaks. Administraatorid saavad m\u00e4\u00e4ratleda kasutajate \u00f5igused, t\u00f6\u00f6vood ja heakskiitmisprotsessid, et tagada projekti t\u00e4ielik j\u00e4relevalve.<\/p>\n<p>Peamised omadused:<\/p>\n<ul>\n<li>Keskne salvestuskoht k\u00f5ikidele CAD- ja seotud projektifailidele.<\/li>\n<li>T\u00e4ielik versioonide ja muudatuste kontroll.<\/li>\n<li>Integreeritud otse Alibre Designi.<\/li>\n<li>Kohandatavad t\u00f6\u00f6vood ja kasutaja\u00f5igused.<\/li>\n<li>Lihtne kasutuselev\u00f5tt minimaalsete IT-n\u00f5uetega.<\/li>\n<li>Skaalautuv \u00fcksikkasutajatest mitme disaineri meeskondadeni.<\/li>\n<li>Tagab, et k\u00f5ik t\u00f6\u00f6tavad \u00f5ige failiversiooniga.<\/li>\n<li>Taskukohane, p\u00fcsiv litsents.<\/li>\n<\/ul>\n<p>Alibre PDM annab teile kindlustunde ja kontrolli \u2013 hoiab teie meeskonna organiseeritud, t\u00f5husa ja alati s\u00fcnkroonis.<\/p>\n<p>Litsentsid saadetakse 24 tunni jooksul peale arve tasumist.<\/p>","protected":false},"excerpt":{"rendered":"<p>PDM on v\u00f5imas, lihtsalt kasutusele v\u00f5etav tooteandmete haldamise s\u00fcsteem, mis on m\u00f5eldud v\u00e4ikestele ja keskmise suurusega meeskondadele. See hoiab teie CAD-failid korras, j\u00e4lgib muudatusi ja tagab, et k\u00f5ik t\u00f6\u00f6tavad viimase versiooni j\u00e4rgi \u2013 t\u00e4ielikult integreeritud Alibre Designiga.<\/p>","protected":false},"featured_media":1089,"template":"","meta":[],"product_brand":[],"product_cat":[43],"product_tag":[44,46,45],"class_list":{"0":"post-1086","1":"product","2":"type-product","3":"status-publish","4":"has-post-thumbnail","6":"product_cat-alibre","7":"product_tag-alibre","8":"product_tag-atom3d","9":"product_tag-cad","11":"first","12":"instock","13":"virtual","14":"purchasable","15":"product-type-simple"},"yoast_head":"<!-- This site is optimized with the Yoast SEO plugin v27.0 - https:\/\/yoast.com\/product\/yoast-seo-wordpress\/ -->\n<title>Alibre PDM kasutajakoht - alibre.ee<\/title>\n<meta name=\"robots\" content=\"index, follow, max-snippet:-1, max-image-preview:large, max-video-preview:-1\" \/>\n<link rel=\"canonical\" href=\"https:\/\/alibre.ee\/en\/product\/alibre-pdm-kasutajakoht\/\" \/>\n<meta property=\"og:locale\" content=\"en_US\" \/>\n<meta property=\"og:type\" content=\"article\" \/>\n<meta property=\"og:title\" content=\"Alibre PDM kasutajakoht - alibre.ee\" \/>\n<meta property=\"og:description\" content=\"PDM on v\u00f5imas, lihtsalt kasutusele v\u00f5etav tooteandmete haldamise s\u00fcsteem, mis on m\u00f5eldud v\u00e4ikestele ja keskmise suurusega meeskondadele. See hoiab teie CAD-failid korras, j\u00e4lgib muudatusi ja tagab, et k\u00f5ik t\u00f6\u00f6tavad viimase versiooni j\u00e4rgi \u2013 t\u00e4ielikult integreeritud Alibre Designiga.\" \/>\n<meta property=\"og:url\" content=\"https:\/\/alibre.ee\/en\/product\/alibre-pdm-kasutajakoht\/\" \/>\n<meta property=\"og:site_name\" content=\"alibre.ee\" \/>\n<meta property=\"article:modified_time\" content=\"2026-04-01T11:30:52+00:00\" \/>\n<meta property=\"og:image\" content=\"https:\/\/alibre.ee\/wp-content\/uploads\/2025\/09\/PDM-server-1.png\" \/>\n\t<meta property=\"og:image:width\" content=\"1000\" \/>\n\t<meta property=\"og:image:height\" content=\"1000\" \/>\n\t<meta property=\"og:image:type\" content=\"image\/png\" \/>\n<meta name=\"twitter:card\" content=\"summary_large_image\" \/>\n<meta name=\"twitter:label1\" content=\"Est. reading time\" \/>\n\t<meta name=\"twitter:data1\" content=\"1 minute\" \/>\n<script type=\"application\/ld+json\" class=\"yoast-schema-graph\">{\"@context\":\"https:\/\/schema.org\",\"@graph\":[{\"@type\":\"WebPage\",\"@id\":\"https:\/\/alibre.ee\/product\/alibre-pdm-kasutajakoht\/\",\"url\":\"https:\/\/alibre.ee\/product\/alibre-pdm-kasutajakoht\/\",\"name\":\"Alibre PDM kasutajakoht - alibre.ee\",\"isPartOf\":{\"@id\":\"https:\/\/alibre.ee\/#website\"},\"primaryImageOfPage\":{\"@id\":\"https:\/\/alibre.ee\/product\/alibre-pdm-kasutajakoht\/#primaryimage\"},\"image\":{\"@id\":\"https:\/\/alibre.ee\/product\/alibre-pdm-kasutajakoht\/#primaryimage\"},\"thumbnailUrl\":\"https:\/\/alibre.ee\/wp-content\/uploads\/2025\/09\/PDM-server-1.png\",\"datePublished\":\"2025-09-28T19:07:01+00:00\",\"dateModified\":\"2026-04-01T11:30:52+00:00\",\"breadcrumb\":{\"@id\":\"https:\/\/alibre.ee\/product\/alibre-pdm-kasutajakoht\/#breadcrumb\"},\"inLanguage\":\"en-US\",\"potentialAction\":[{\"@type\":\"ReadAction\",\"target\":[\"https:\/\/alibre.ee\/product\/alibre-pdm-kasutajakoht\/\"]}]},{\"@type\":\"ImageObject\",\"inLanguage\":\"en-US\",\"@id\":\"https:\/\/alibre.ee\/product\/alibre-pdm-kasutajakoht\/#primaryimage\",\"url\":\"https:\/\/alibre.ee\/wp-content\/uploads\/2025\/09\/PDM-server-1.png\",\"contentUrl\":\"https:\/\/alibre.ee\/wp-content\/uploads\/2025\/09\/PDM-server-1.png\",\"width\":1000,\"height\":1000},{\"@type\":\"BreadcrumbList\",\"@id\":\"https:\/\/alibre.ee\/product\/alibre-pdm-kasutajakoht\/#breadcrumb\",\"itemListElement\":[{\"@type\":\"ListItem\",\"position\":1,\"name\":\"Home\",\"item\":\"https:\/\/alibre.ee\/\"},{\"@type\":\"ListItem\",\"position\":2,\"name\":\"Hinnad ja litsentsid\",\"item\":\"https:\/\/alibre.ee\/hinnad-ja-litsentsid\/\"},{\"@type\":\"ListItem\",\"position\":3,\"name\":\"Alibre PDM kasutajakoht\"}]},{\"@type\":\"WebSite\",\"@id\":\"https:\/\/alibre.ee\/#website\",\"url\":\"https:\/\/alibre.ee\/\",\"name\":\"Alibre Eesti\",\"description\":\"Taskukohase hinnaga CAD\",\"publisher\":{\"@id\":\"https:\/\/alibre.ee\/#organization\"},\"alternateName\":\"alibre\",\"potentialAction\":[{\"@type\":\"SearchAction\",\"target\":{\"@type\":\"EntryPoint\",\"urlTemplate\":\"https:\/\/alibre.ee\/?s={search_term_string}\"},\"query-input\":{\"@type\":\"PropertyValueSpecification\",\"valueRequired\":true,\"valueName\":\"search_term_string\"}}],\"inLanguage\":\"en-US\"},{\"@type\":\"Organization\",\"@id\":\"https:\/\/alibre.ee\/#organization\",\"name\":\"Alibre CAD Eesti\",\"url\":\"https:\/\/alibre.ee\/\",\"logo\":{\"@type\":\"ImageObject\",\"inLanguage\":\"en-US\",\"@id\":\"https:\/\/alibre.ee\/#\/schema\/logo\/image\/\",\"url\":\"https:\/\/alibre.ee\/wp-content\/uploads\/2025\/08\/Alibre-Logo-forum.svg\",\"contentUrl\":\"https:\/\/alibre.ee\/wp-content\/uploads\/2025\/08\/Alibre-Logo-forum.svg\",\"width\":180,\"height\":64,\"caption\":\"Alibre CAD Eesti\"},\"image\":{\"@id\":\"https:\/\/alibre.ee\/#\/schema\/logo\/image\/\"}}]}<\/script>\n<!-- \/ Yoast SEO plugin. -->","yoast_head_json":{"title":"Alibre PDM kasutajakoht - alibre.ee","robots":{"index":"index","follow":"follow","max-snippet":"max-snippet:-1","max-image-preview":"max-image-preview:large","max-video-preview":"max-video-preview:-1"},"canonical":"https:\/\/alibre.ee\/en\/product\/alibre-pdm-kasutajakoht\/","og_locale":"en_US","og_type":"article","og_title":"Alibre PDM kasutajakoht - alibre.ee","og_description":"PDM on v\u00f5imas, lihtsalt kasutusele v\u00f5etav tooteandmete haldamise s\u00fcsteem, mis on m\u00f5eldud v\u00e4ikestele ja keskmise suurusega meeskondadele. See hoiab teie CAD-failid korras, j\u00e4lgib muudatusi ja tagab, et k\u00f5ik t\u00f6\u00f6tavad viimase versiooni j\u00e4rgi \u2013 t\u00e4ielikult integreeritud Alibre Designiga.","og_url":"https:\/\/alibre.ee\/en\/product\/alibre-pdm-kasutajakoht\/","og_site_name":"alibre.ee","article_modified_time":"2026-04-01T11:30:52+00:00","og_image":[{"width":1000,"height":1000,"url":"https:\/\/alibre.ee\/wp-content\/uploads\/2025\/09\/PDM-server-1.png","type":"image\/png"}],"twitter_card":"summary_large_image","twitter_misc":{"Est. reading time":"1 minute"},"schema":{"@context":"https:\/\/schema.org","@graph":[{"@type":"WebPage","@id":"https:\/\/alibre.ee\/product\/alibre-pdm-kasutajakoht\/","url":"https:\/\/alibre.ee\/product\/alibre-pdm-kasutajakoht\/","name":"Alibre PDM kasutajakoht - alibre.ee","isPartOf":{"@id":"https:\/\/alibre.ee\/#website"},"primaryImageOfPage":{"@id":"https:\/\/alibre.ee\/product\/alibre-pdm-kasutajakoht\/#primaryimage"},"image":{"@id":"https:\/\/alibre.ee\/product\/alibre-pdm-kasutajakoht\/#primaryimage"},"thumbnailUrl":"https:\/\/alibre.ee\/wp-content\/uploads\/2025\/09\/PDM-server-1.png","datePublished":"2025-09-28T19:07:01+00:00","dateModified":"2026-04-01T11:30:52+00:00","breadcrumb":{"@id":"https:\/\/alibre.ee\/product\/alibre-pdm-kasutajakoht\/#breadcrumb"},"inLanguage":"en-US","potentialAction":[{"@type":"ReadAction","target":["https:\/\/alibre.ee\/product\/alibre-pdm-kasutajakoht\/"]}]},{"@type":"ImageObject","inLanguage":"en-US","@id":"https:\/\/alibre.ee\/product\/alibre-pdm-kasutajakoht\/#primaryimage","url":"https:\/\/alibre.ee\/wp-content\/uploads\/2025\/09\/PDM-server-1.png","contentUrl":"https:\/\/alibre.ee\/wp-content\/uploads\/2025\/09\/PDM-server-1.png","width":1000,"height":1000},{"@type":"BreadcrumbList","@id":"https:\/\/alibre.ee\/product\/alibre-pdm-kasutajakoht\/#breadcrumb","itemListElement":[{"@type":"ListItem","position":1,"name":"Home","item":"https:\/\/alibre.ee\/"},{"@type":"ListItem","position":2,"name":"Hinnad ja litsentsid","item":"https:\/\/alibre.ee\/hinnad-ja-litsentsid\/"},{"@type":"ListItem","position":3,"name":"Alibre PDM kasutajakoht"}]},{"@type":"WebSite","@id":"https:\/\/alibre.ee\/#website","url":"https:\/\/alibre.ee\/","name":"Alibre Eesti","description":"Taskukohase hinnaga CAD","publisher":{"@id":"https:\/\/alibre.ee\/#organization"},"alternateName":"alibre","potentialAction":[{"@type":"SearchAction","target":{"@type":"EntryPoint","urlTemplate":"https:\/\/alibre.ee\/?s={search_term_string}"},"query-input":{"@type":"PropertyValueSpecification","valueRequired":true,"valueName":"search_term_string"}}],"inLanguage":"en-US"},{"@type":"Organization","@id":"https:\/\/alibre.ee\/#organization","name":"Alibre CAD Eesti","url":"https:\/\/alibre.ee\/","logo":{"@type":"ImageObject","inLanguage":"en-US","@id":"https:\/\/alibre.ee\/#\/schema\/logo\/image\/","url":"https:\/\/alibre.ee\/wp-content\/uploads\/2025\/08\/Alibre-Logo-forum.svg","contentUrl":"https:\/\/alibre.ee\/wp-content\/uploads\/2025\/08\/Alibre-Logo-forum.svg","width":180,"height":64,"caption":"Alibre CAD Eesti"},"image":{"@id":"https:\/\/alibre.ee\/#\/schema\/logo\/image\/"}}]}},"_links":{"self":[{"href":"https:\/\/alibre.ee\/en\/wp-json\/wp\/v2\/product\/1086","targetHints":{"allow":["GET"]}}],"collection":[{"href":"https:\/\/alibre.ee\/en\/wp-json\/wp\/v2\/product"}],"about":[{"href":"https:\/\/alibre.ee\/en\/wp-json\/wp\/v2\/types\/product"}],"wp:featuredmedia":[{"embeddable":true,"href":"https:\/\/alibre.ee\/en\/wp-json\/wp\/v2\/media\/1089"}],"wp:attachment":[{"href":"https:\/\/alibre.ee\/en\/wp-json\/wp\/v2\/media?parent=1086"}],"wp:term":[{"taxonomy":"product_brand","embeddable":true,"href":"https:\/\/alibre.ee\/en\/wp-json\/wp\/v2\/product_brand?post=1086"},{"taxonomy":"product_cat","embeddable":true,"href":"https:\/\/alibre.ee\/en\/wp-json\/wp\/v2\/product_cat?post=1086"},{"taxonomy":"product_tag","embeddable":true,"href":"https:\/\/alibre.ee\/en\/wp-json\/wp\/v2\/product_tag?post=1086"}],"curies":[{"name":"wp","href":"https:\/\/api.w.org\/{rel}","templated":true}]}}