{"id":1234,"date":"2025-12-01T18:17:06","date_gmt":"2025-12-01T18:17:06","guid":{"rendered":"https:\/\/alibre.ee\/?post_type=product&#038;p=1234"},"modified":"2026-04-01T11:30:59","modified_gmt":"2026-04-01T11:30:59","slug":"tarkvara-uuendus","status":"publish","type":"product","link":"https:\/\/alibre.ee\/en\/product\/tarkvara-uuendus\/","title":{"rendered":"Alibre updates"},"content":{"rendered":"<p>The upgrade is suitable if:<\/p>\n<ul>\n<li>You have a valid or expired Alibre Design license<\/li>\n<li>You want to get access to the latest versions<\/li>\n<li>You need better performance or newer functionality<\/li>\n<li>You want to always be one step ahead technologically<\/li>\n<\/ul>\n<p>How does the upgrade process work?<\/p>\n<ul>\n<li>After purchase, the upgrade will be registered to your existing Alibre account.<\/li>\n<li>You will have access to the latest versions and can download them directly from the Alibre portal.<\/li>\n<\/ul>\n<h4>If more than a year has passed since your last maintenance contract<\/h4>\n<p>If your Alibre maintenance contract has expired, you will need to pay a reinstatement fee before activating the upgrade. This fee restores the continuity of maintenance and gives you immediate access to all the latest Alibre versions.<\/p>\n<p>Maintenance reinstatement includes:<\/p>\n<ul>\n<li>All updates and version upgrades to date<\/li>\n<li>12 months of new maintenance and technical support<\/li>\n<li>Access to software downloads and license management<\/li>\n<li>Reinstatement of expired maintenance period<\/li>\n<\/ul>\n<p>When is a reinstatement fee required?<\/p>\n<ul>\n<li>If more than 12 months have passed since your last maintenance package.<\/li>\n<li>If you want to start using the latest versions of Alibre again<\/li>\n<\/ul>","protected":false},"excerpt":{"rendered":"<p>Take your product development to the next level with an Alibre CAD software upgrade!<br \/>\nThe upgrade is designed for existing Alibre users who want access to the latest features, enhanced tools, and improved performance.<\/p>\n<p>Why should you update?<\/p>\n<ul>\n<li>New features several times a year \u2013 access to the latest tools that make design faster and more intuitive.<\/li>\n<li>Improved stability and reliability - updates fix previous bugs and make your work smoother.<\/li>\n<li>Enhanced performance - complex models open and process faster than ever before.<\/li>\n<li>Better compatibility - the software keeps pace with Windows and hardware updates.<\/li>\n<li>Customer support and updates throughout the entire period - ensuring that your tools are always up to date.<\/li>\n<\/ul>","protected":false},"featured_media":1235,"template":"","meta":[],"product_brand":[],"product_cat":[43],"product_tag":[],"class_list":{"0":"post-1234","1":"product","2":"type-product","3":"status-publish","4":"has-post-thumbnail","6":"product_cat-alibre","8":"first","9":"instock","10":"shipping-taxable","11":"purchasable","12":"product-type-variable"},"yoast_head":"<!-- This site is optimized with the Yoast SEO plugin v27.0 - https:\/\/yoast.com\/product\/yoast-seo-wordpress\/ -->\n<title>Tarkvarauuendus - alibre.ee<\/title>\n<meta name=\"robots\" content=\"index, follow, max-snippet:-1, max-image-preview:large, max-video-preview:-1\" \/>\n<link rel=\"canonical\" href=\"https:\/\/alibre.ee\/en\/product\/tarkvara-uuendus\/\" \/>\n<meta property=\"og:locale\" content=\"en_US\" \/>\n<meta property=\"og:type\" content=\"article\" \/>\n<meta property=\"og:title\" content=\"Tarkvarauuendus - alibre.ee\" \/>\n<meta property=\"og:description\" content=\"T\u00f5sta oma tootearenduse kvaliteet j\u00e4rgmisele tasemele Alibre CAD tarkvarauuendusega! Uuendus on m\u00f5eldud olemasolevatele Alibre kasutajatele, kes soovivad saada ligip\u00e4\u00e4su uusimatele funktsioonidele, t\u00e4iustatud t\u00f6\u00f6riistadele ja parendatud j\u00f5udlusele.  Miks teha uuendusi?   Uued funktsioonid mitu korda aastas - ligip\u00e4\u00e4s v\u00e4rsketele t\u00f6\u00f6riistadele, mis muudavad projekteerimise kiiremaks ja intuitiivsemaks.  Parandatud stabiilsus ja t\u00f6\u00f6kindlus \u2013 uuendused lahendavad varasemad vead ja muudavad t\u00f6\u00f6 sujuvamaks.  T\u00e4iustatud j\u00f5udlus - keerukad mudelid avanevad ja t\u00f6\u00f6tlevad kiiremini kui kunagi varem.  Parem \u00fchilduvus - tarkvara k\u00e4ib kaasas Windowsi ja riistvara uuendustega  Klienditugi ja uuendused kogu perioodi v\u00e4ltel - tagad, et sinu t\u00f6\u00f6riistad on alati ajakohased.\" \/>\n<meta property=\"og:url\" content=\"https:\/\/alibre.ee\/en\/product\/tarkvara-uuendus\/\" \/>\n<meta property=\"og:site_name\" content=\"alibre.ee\" \/>\n<meta property=\"article:modified_time\" content=\"2026-04-01T11:30:59+00:00\" \/>\n<meta property=\"og:image\" content=\"https:\/\/alibre.ee\/wp-content\/uploads\/2025\/12\/update_small.png\" \/>\n\t<meta property=\"og:image:width\" content=\"1536\" \/>\n\t<meta property=\"og:image:height\" content=\"1536\" \/>\n\t<meta property=\"og:image:type\" content=\"image\/png\" \/>\n<meta name=\"twitter:card\" content=\"summary_large_image\" \/>\n<meta name=\"twitter:label1\" content=\"Est. reading time\" \/>\n\t<meta name=\"twitter:data1\" content=\"1 minute\" \/>\n<script type=\"application\/ld+json\" class=\"yoast-schema-graph\">{\"@context\":\"https:\/\/schema.org\",\"@graph\":[{\"@type\":\"WebPage\",\"@id\":\"https:\/\/alibre.ee\/product\/tarkvara-uuendus\/\",\"url\":\"https:\/\/alibre.ee\/product\/tarkvara-uuendus\/\",\"name\":\"Tarkvarauuendus - alibre.ee\",\"isPartOf\":{\"@id\":\"https:\/\/alibre.ee\/#website\"},\"primaryImageOfPage\":{\"@id\":\"https:\/\/alibre.ee\/product\/tarkvara-uuendus\/#primaryimage\"},\"image\":{\"@id\":\"https:\/\/alibre.ee\/product\/tarkvara-uuendus\/#primaryimage\"},\"thumbnailUrl\":\"https:\/\/alibre.ee\/wp-content\/uploads\/2025\/12\/update_small.png\",\"datePublished\":\"2025-12-01T18:17:06+00:00\",\"dateModified\":\"2026-04-01T11:30:59+00:00\",\"breadcrumb\":{\"@id\":\"https:\/\/alibre.ee\/product\/tarkvara-uuendus\/#breadcrumb\"},\"inLanguage\":\"en-US\",\"potentialAction\":[{\"@type\":\"ReadAction\",\"target\":[\"https:\/\/alibre.ee\/product\/tarkvara-uuendus\/\"]}]},{\"@type\":\"ImageObject\",\"inLanguage\":\"en-US\",\"@id\":\"https:\/\/alibre.ee\/product\/tarkvara-uuendus\/#primaryimage\",\"url\":\"https:\/\/alibre.ee\/wp-content\/uploads\/2025\/12\/update_small.png\",\"contentUrl\":\"https:\/\/alibre.ee\/wp-content\/uploads\/2025\/12\/update_small.png\",\"width\":1536,\"height\":1536},{\"@type\":\"BreadcrumbList\",\"@id\":\"https:\/\/alibre.ee\/product\/tarkvara-uuendus\/#breadcrumb\",\"itemListElement\":[{\"@type\":\"ListItem\",\"position\":1,\"name\":\"Home\",\"item\":\"https:\/\/alibre.ee\/\"},{\"@type\":\"ListItem\",\"position\":2,\"name\":\"Hinnad ja litsentsid\",\"item\":\"https:\/\/alibre.ee\/hinnad-ja-litsentsid\/\"},{\"@type\":\"ListItem\",\"position\":3,\"name\":\"Tarkvarauuendus\"}]},{\"@type\":\"WebSite\",\"@id\":\"https:\/\/alibre.ee\/#website\",\"url\":\"https:\/\/alibre.ee\/\",\"name\":\"Alibre Eesti\",\"description\":\"Taskukohase hinnaga CAD\",\"publisher\":{\"@id\":\"https:\/\/alibre.ee\/#organization\"},\"alternateName\":\"alibre\",\"potentialAction\":[{\"@type\":\"SearchAction\",\"target\":{\"@type\":\"EntryPoint\",\"urlTemplate\":\"https:\/\/alibre.ee\/?s={search_term_string}\"},\"query-input\":{\"@type\":\"PropertyValueSpecification\",\"valueRequired\":true,\"valueName\":\"search_term_string\"}}],\"inLanguage\":\"en-US\"},{\"@type\":\"Organization\",\"@id\":\"https:\/\/alibre.ee\/#organization\",\"name\":\"Alibre CAD Eesti\",\"url\":\"https:\/\/alibre.ee\/\",\"logo\":{\"@type\":\"ImageObject\",\"inLanguage\":\"en-US\",\"@id\":\"https:\/\/alibre.ee\/#\/schema\/logo\/image\/\",\"url\":\"https:\/\/alibre.ee\/wp-content\/uploads\/2025\/08\/Alibre-Logo-forum.svg\",\"contentUrl\":\"https:\/\/alibre.ee\/wp-content\/uploads\/2025\/08\/Alibre-Logo-forum.svg\",\"width\":180,\"height\":64,\"caption\":\"Alibre CAD Eesti\"},\"image\":{\"@id\":\"https:\/\/alibre.ee\/#\/schema\/logo\/image\/\"}}]}<\/script>\n<!-- \/ Yoast SEO plugin. -->","yoast_head_json":{"title":"Tarkvarauuendus - alibre.ee","robots":{"index":"index","follow":"follow","max-snippet":"max-snippet:-1","max-image-preview":"max-image-preview:large","max-video-preview":"max-video-preview:-1"},"canonical":"https:\/\/alibre.ee\/en\/product\/tarkvara-uuendus\/","og_locale":"en_US","og_type":"article","og_title":"Tarkvarauuendus - alibre.ee","og_description":"T\u00f5sta oma tootearenduse kvaliteet j\u00e4rgmisele tasemele Alibre CAD tarkvarauuendusega! Uuendus on m\u00f5eldud olemasolevatele Alibre kasutajatele, kes soovivad saada ligip\u00e4\u00e4su uusimatele funktsioonidele, t\u00e4iustatud t\u00f6\u00f6riistadele ja parendatud j\u00f5udlusele.  Miks teha uuendusi?   Uued funktsioonid mitu korda aastas - ligip\u00e4\u00e4s v\u00e4rsketele t\u00f6\u00f6riistadele, mis muudavad projekteerimise kiiremaks ja intuitiivsemaks.  Parandatud stabiilsus ja t\u00f6\u00f6kindlus \u2013 uuendused lahendavad varasemad vead ja muudavad t\u00f6\u00f6 sujuvamaks.  T\u00e4iustatud j\u00f5udlus - keerukad mudelid avanevad ja t\u00f6\u00f6tlevad kiiremini kui kunagi varem.  Parem \u00fchilduvus - tarkvara k\u00e4ib kaasas Windowsi ja riistvara uuendustega  Klienditugi ja uuendused kogu perioodi v\u00e4ltel - tagad, et sinu t\u00f6\u00f6riistad on alati ajakohased.","og_url":"https:\/\/alibre.ee\/en\/product\/tarkvara-uuendus\/","og_site_name":"alibre.ee","article_modified_time":"2026-04-01T11:30:59+00:00","og_image":[{"width":1536,"height":1536,"url":"https:\/\/alibre.ee\/wp-content\/uploads\/2025\/12\/update_small.png","type":"image\/png"}],"twitter_card":"summary_large_image","twitter_misc":{"Est. reading time":"1 minute"},"schema":{"@context":"https:\/\/schema.org","@graph":[{"@type":"WebPage","@id":"https:\/\/alibre.ee\/product\/tarkvara-uuendus\/","url":"https:\/\/alibre.ee\/product\/tarkvara-uuendus\/","name":"Tarkvarauuendus - alibre.ee","isPartOf":{"@id":"https:\/\/alibre.ee\/#website"},"primaryImageOfPage":{"@id":"https:\/\/alibre.ee\/product\/tarkvara-uuendus\/#primaryimage"},"image":{"@id":"https:\/\/alibre.ee\/product\/tarkvara-uuendus\/#primaryimage"},"thumbnailUrl":"https:\/\/alibre.ee\/wp-content\/uploads\/2025\/12\/update_small.png","datePublished":"2025-12-01T18:17:06+00:00","dateModified":"2026-04-01T11:30:59+00:00","breadcrumb":{"@id":"https:\/\/alibre.ee\/product\/tarkvara-uuendus\/#breadcrumb"},"inLanguage":"en-US","potentialAction":[{"@type":"ReadAction","target":["https:\/\/alibre.ee\/product\/tarkvara-uuendus\/"]}]},{"@type":"ImageObject","inLanguage":"en-US","@id":"https:\/\/alibre.ee\/product\/tarkvara-uuendus\/#primaryimage","url":"https:\/\/alibre.ee\/wp-content\/uploads\/2025\/12\/update_small.png","contentUrl":"https:\/\/alibre.ee\/wp-content\/uploads\/2025\/12\/update_small.png","width":1536,"height":1536},{"@type":"BreadcrumbList","@id":"https:\/\/alibre.ee\/product\/tarkvara-uuendus\/#breadcrumb","itemListElement":[{"@type":"ListItem","position":1,"name":"Home","item":"https:\/\/alibre.ee\/"},{"@type":"ListItem","position":2,"name":"Hinnad ja litsentsid","item":"https:\/\/alibre.ee\/hinnad-ja-litsentsid\/"},{"@type":"ListItem","position":3,"name":"Tarkvarauuendus"}]},{"@type":"WebSite","@id":"https:\/\/alibre.ee\/#website","url":"https:\/\/alibre.ee\/","name":"Alibre Eesti","description":"Taskukohase hinnaga CAD","publisher":{"@id":"https:\/\/alibre.ee\/#organization"},"alternateName":"alibre","potentialAction":[{"@type":"SearchAction","target":{"@type":"EntryPoint","urlTemplate":"https:\/\/alibre.ee\/?s={search_term_string}"},"query-input":{"@type":"PropertyValueSpecification","valueRequired":true,"valueName":"search_term_string"}}],"inLanguage":"en-US"},{"@type":"Organization","@id":"https:\/\/alibre.ee\/#organization","name":"Alibre CAD Eesti","url":"https:\/\/alibre.ee\/","logo":{"@type":"ImageObject","inLanguage":"en-US","@id":"https:\/\/alibre.ee\/#\/schema\/logo\/image\/","url":"https:\/\/alibre.ee\/wp-content\/uploads\/2025\/08\/Alibre-Logo-forum.svg","contentUrl":"https:\/\/alibre.ee\/wp-content\/uploads\/2025\/08\/Alibre-Logo-forum.svg","width":180,"height":64,"caption":"Alibre CAD Eesti"},"image":{"@id":"https:\/\/alibre.ee\/#\/schema\/logo\/image\/"}}]}},"_links":{"self":[{"href":"https:\/\/alibre.ee\/en\/wp-json\/wp\/v2\/product\/1234","targetHints":{"allow":["GET"]}}],"collection":[{"href":"https:\/\/alibre.ee\/en\/wp-json\/wp\/v2\/product"}],"about":[{"href":"https:\/\/alibre.ee\/en\/wp-json\/wp\/v2\/types\/product"}],"wp:featuredmedia":[{"embeddable":true,"href":"https:\/\/alibre.ee\/en\/wp-json\/wp\/v2\/media\/1235"}],"wp:attachment":[{"href":"https:\/\/alibre.ee\/en\/wp-json\/wp\/v2\/media?parent=1234"}],"wp:term":[{"taxonomy":"product_brand","embeddable":true,"href":"https:\/\/alibre.ee\/en\/wp-json\/wp\/v2\/product_brand?post=1234"},{"taxonomy":"product_cat","embeddable":true,"href":"https:\/\/alibre.ee\/en\/wp-json\/wp\/v2\/product_cat?post=1234"},{"taxonomy":"product_tag","embeddable":true,"href":"https:\/\/alibre.ee\/en\/wp-json\/wp\/v2\/product_tag?post=1234"}],"curies":[{"name":"wp","href":"https:\/\/api.w.org\/{rel}","templated":true}]}}