{"id":952,"date":"2025-09-21T14:35:35","date_gmt":"2025-09-21T14:35:35","guid":{"rendered":"https:\/\/alibre.ee\/?post_type=product&#038;p=952"},"modified":"2026-04-01T11:30:51","modified_gmt":"2026-04-01T11:30:51","slug":"alibre-atom3d","status":"publish","type":"product","link":"https:\/\/alibre.ee\/en\/product\/alibre-atom3d\/","title":{"rendered":"Alibre Atom3D"},"content":{"rendered":"<p>Alibre Atom3D pakub professionaalset 3D-disaini v\u00f5imsust harrastajatele, leiutajatele ja v\u00e4ikestele tootjatele \u2013 ilma traditsioonilise CAD-tarkvara keerukuse ja k\u00f5rge hinnata.<\/p>\n<p>Atom3D p\u00f5hineb samal t\u00f6\u00f6kindlal tehnoloogial kui Alibre Design ja pakub parameetrilist tahkete mudelite loomist, koostude loomist ja \u00fcksikasjalikke 2D-jooniseid intuitiivses kasutajaliideses, mida on lihtne \u00f5ppida ja kiiresti omandada. Kas loote mudeleid 3D-printimiseks, t\u00f6\u00f6tlemiseks v\u00f5i laserl\u00f5ikamiseks, Atom3D annab teile t\u00e4pse kontrolli iga detaili \u00fcle.<\/p>\n<p>See on ideaalne alguspunkt k\u00f5igile, kes soovivad t\u00f5elist CAD-v\u00f5imekust ilma korduvate p\u00fcsimaksete ja j\u00e4rskude \u00f5ppek\u00f5verateta.<\/p>\n<p>Peamised omadused:<\/p>\n<ul>\n<li>T\u00e4ielik 3D-osade modelleerimine ja koostude loomine<\/li>\n<li>Parameetriline disain kiireks redigeerimiseks ja uuendamiseks<\/li>\n<li>2D-jooniste loomine tootmiseks ja dokumenteerimiseks<\/li>\n<li>Ideaalne 3D-printimiseks, puidut\u00f6\u00f6tluseks ja CNC-disainiks<\/li>\n<li>\u00dchilduv populaarsete failivormingutega (STEP, STL, IGES jm)<\/li>\n<li>\u00dchekordne ost \u2013 omandage litsents igaveseks<\/li>\n<li>Valikuline hooldus- ja tugiteenuste pakett<\/li>\n<li>30-p\u00e4evane raha tagasi garantii<\/li>\n<\/ul>\n<p>Alibre Atom3D pakub professionaalseid t\u00f6\u00f6riistu k\u00f5ige disainimiseks \u2013 protot\u00fc\u00fcpidest isiklikeni \u2013 taskukohaselt ja p\u00e4riselt sinule kuuluva tarkvaraga.<\/p>\n<p>Litsentsid saadetakse 24 tunni jooksul peale arve tasumist.<\/p>","protected":false},"excerpt":{"rendered":"<p>Alibre Atom3D on lihtne 3D CAD-tarkvara hobiharrastajatele, loojatele ja v\u00e4ikestele t\u00f6\u00f6kodadele. See pakub professionaalset modelleerimist\u00e4psust kerges ja taskukohases paketis \u2013 ideaalne 3D-printimise, CNC- v\u00f5i puidut\u00f6\u00f6tlemisprojektide osade disainimiseks.<\/p>","protected":false},"featured_media":1083,"template":"","meta":[],"product_brand":[],"product_cat":[43],"product_tag":[44,46,45],"class_list":{"0":"post-952","1":"product","2":"type-product","3":"status-publish","4":"has-post-thumbnail","6":"product_cat-alibre","7":"product_tag-alibre","8":"product_tag-atom3d","9":"product_tag-cad","11":"first","12":"instock","13":"virtual","14":"purchasable","15":"product-type-simple"},"yoast_head":"<!-- This site is optimized with the Yoast SEO plugin v27.0 - https:\/\/yoast.com\/product\/yoast-seo-wordpress\/ -->\n<title>Alibre Atom3D - alibre.ee<\/title>\n<meta name=\"description\" content=\"Alibre Atom3D pakub professionaalset 3D-disaini v\u00f5imsust harrastajatele ja v\u00e4ikestele tootjatele - ilma traditsioonilise CAD-tarkvara keerukuse ja hinnata.\" \/>\n<meta name=\"robots\" content=\"index, follow, max-snippet:-1, max-image-preview:large, max-video-preview:-1\" \/>\n<link rel=\"canonical\" href=\"https:\/\/alibre.ee\/en\/product\/alibre-atom3d\/\" \/>\n<meta property=\"og:locale\" content=\"en_US\" \/>\n<meta property=\"og:type\" content=\"article\" \/>\n<meta property=\"og:title\" content=\"Alibre Atom3D - alibre.ee\" \/>\n<meta property=\"og:description\" content=\"Alibre Atom3D pakub professionaalset 3D-disaini v\u00f5imsust harrastajatele ja v\u00e4ikestele tootjatele - ilma traditsioonilise CAD-tarkvara keerukuse ja hinnata.\" \/>\n<meta property=\"og:url\" content=\"https:\/\/alibre.ee\/en\/product\/alibre-atom3d\/\" \/>\n<meta property=\"og:site_name\" content=\"alibre.ee\" \/>\n<meta property=\"article:modified_time\" content=\"2026-04-01T11:30:51+00:00\" \/>\n<meta property=\"og:image\" content=\"https:\/\/alibre.ee\/wp-content\/uploads\/2025\/09\/2019-Atom-1000x1000-1.png\" \/>\n\t<meta property=\"og:image:width\" content=\"1000\" \/>\n\t<meta property=\"og:image:height\" content=\"1000\" \/>\n\t<meta property=\"og:image:type\" content=\"image\/png\" \/>\n<meta name=\"twitter:card\" content=\"summary_large_image\" \/>\n<meta name=\"twitter:label1\" content=\"Est. reading time\" \/>\n\t<meta name=\"twitter:data1\" content=\"1 minute\" \/>\n<script type=\"application\/ld+json\" class=\"yoast-schema-graph\">{\"@context\":\"https:\/\/schema.org\",\"@graph\":[{\"@type\":\"WebPage\",\"@id\":\"https:\/\/alibre.ee\/product\/alibre-atom3d\/\",\"url\":\"https:\/\/alibre.ee\/product\/alibre-atom3d\/\",\"name\":\"Alibre Atom3D - alibre.ee\",\"isPartOf\":{\"@id\":\"https:\/\/alibre.ee\/#website\"},\"primaryImageOfPage\":{\"@id\":\"https:\/\/alibre.ee\/product\/alibre-atom3d\/#primaryimage\"},\"image\":{\"@id\":\"https:\/\/alibre.ee\/product\/alibre-atom3d\/#primaryimage\"},\"thumbnailUrl\":\"https:\/\/alibre.ee\/wp-content\/uploads\/2025\/09\/2019-Atom-1000x1000-1.png\",\"datePublished\":\"2025-09-21T14:35:35+00:00\",\"dateModified\":\"2026-04-01T11:30:51+00:00\",\"description\":\"Alibre Atom3D pakub professionaalset 3D-disaini v\u00f5imsust harrastajatele ja v\u00e4ikestele tootjatele - ilma traditsioonilise CAD-tarkvara keerukuse ja hinnata.\",\"breadcrumb\":{\"@id\":\"https:\/\/alibre.ee\/product\/alibre-atom3d\/#breadcrumb\"},\"inLanguage\":\"en-US\",\"potentialAction\":[{\"@type\":\"ReadAction\",\"target\":[\"https:\/\/alibre.ee\/product\/alibre-atom3d\/\"]}]},{\"@type\":\"ImageObject\",\"inLanguage\":\"en-US\",\"@id\":\"https:\/\/alibre.ee\/product\/alibre-atom3d\/#primaryimage\",\"url\":\"https:\/\/alibre.ee\/wp-content\/uploads\/2025\/09\/2019-Atom-1000x1000-1.png\",\"contentUrl\":\"https:\/\/alibre.ee\/wp-content\/uploads\/2025\/09\/2019-Atom-1000x1000-1.png\",\"width\":1000,\"height\":1000},{\"@type\":\"BreadcrumbList\",\"@id\":\"https:\/\/alibre.ee\/product\/alibre-atom3d\/#breadcrumb\",\"itemListElement\":[{\"@type\":\"ListItem\",\"position\":1,\"name\":\"Home\",\"item\":\"https:\/\/alibre.ee\/\"},{\"@type\":\"ListItem\",\"position\":2,\"name\":\"Hinnad ja litsentsid\",\"item\":\"https:\/\/alibre.ee\/hinnad-ja-litsentsid\/\"},{\"@type\":\"ListItem\",\"position\":3,\"name\":\"Alibre Atom3D\"}]},{\"@type\":\"WebSite\",\"@id\":\"https:\/\/alibre.ee\/#website\",\"url\":\"https:\/\/alibre.ee\/\",\"name\":\"Alibre Eesti\",\"description\":\"Taskukohase hinnaga CAD\",\"publisher\":{\"@id\":\"https:\/\/alibre.ee\/#organization\"},\"alternateName\":\"alibre\",\"potentialAction\":[{\"@type\":\"SearchAction\",\"target\":{\"@type\":\"EntryPoint\",\"urlTemplate\":\"https:\/\/alibre.ee\/?s={search_term_string}\"},\"query-input\":{\"@type\":\"PropertyValueSpecification\",\"valueRequired\":true,\"valueName\":\"search_term_string\"}}],\"inLanguage\":\"en-US\"},{\"@type\":\"Organization\",\"@id\":\"https:\/\/alibre.ee\/#organization\",\"name\":\"Alibre CAD Eesti\",\"url\":\"https:\/\/alibre.ee\/\",\"logo\":{\"@type\":\"ImageObject\",\"inLanguage\":\"en-US\",\"@id\":\"https:\/\/alibre.ee\/#\/schema\/logo\/image\/\",\"url\":\"https:\/\/alibre.ee\/wp-content\/uploads\/2025\/08\/Alibre-Logo-forum.svg\",\"contentUrl\":\"https:\/\/alibre.ee\/wp-content\/uploads\/2025\/08\/Alibre-Logo-forum.svg\",\"width\":180,\"height\":64,\"caption\":\"Alibre CAD Eesti\"},\"image\":{\"@id\":\"https:\/\/alibre.ee\/#\/schema\/logo\/image\/\"}}]}<\/script>\n<!-- \/ Yoast SEO plugin. -->","yoast_head_json":{"title":"Alibre Atom3D - alibre.ee","description":"Alibre Atom3D pakub professionaalset 3D-disaini v\u00f5imsust harrastajatele ja v\u00e4ikestele tootjatele - ilma traditsioonilise CAD-tarkvara keerukuse ja hinnata.","robots":{"index":"index","follow":"follow","max-snippet":"max-snippet:-1","max-image-preview":"max-image-preview:large","max-video-preview":"max-video-preview:-1"},"canonical":"https:\/\/alibre.ee\/en\/product\/alibre-atom3d\/","og_locale":"en_US","og_type":"article","og_title":"Alibre Atom3D - alibre.ee","og_description":"Alibre Atom3D pakub professionaalset 3D-disaini v\u00f5imsust harrastajatele ja v\u00e4ikestele tootjatele - ilma traditsioonilise CAD-tarkvara keerukuse ja hinnata.","og_url":"https:\/\/alibre.ee\/en\/product\/alibre-atom3d\/","og_site_name":"alibre.ee","article_modified_time":"2026-04-01T11:30:51+00:00","og_image":[{"width":1000,"height":1000,"url":"https:\/\/alibre.ee\/wp-content\/uploads\/2025\/09\/2019-Atom-1000x1000-1.png","type":"image\/png"}],"twitter_card":"summary_large_image","twitter_misc":{"Est. reading time":"1 minute"},"schema":{"@context":"https:\/\/schema.org","@graph":[{"@type":"WebPage","@id":"https:\/\/alibre.ee\/product\/alibre-atom3d\/","url":"https:\/\/alibre.ee\/product\/alibre-atom3d\/","name":"Alibre Atom3D - alibre.ee","isPartOf":{"@id":"https:\/\/alibre.ee\/#website"},"primaryImageOfPage":{"@id":"https:\/\/alibre.ee\/product\/alibre-atom3d\/#primaryimage"},"image":{"@id":"https:\/\/alibre.ee\/product\/alibre-atom3d\/#primaryimage"},"thumbnailUrl":"https:\/\/alibre.ee\/wp-content\/uploads\/2025\/09\/2019-Atom-1000x1000-1.png","datePublished":"2025-09-21T14:35:35+00:00","dateModified":"2026-04-01T11:30:51+00:00","description":"Alibre Atom3D pakub professionaalset 3D-disaini v\u00f5imsust harrastajatele ja v\u00e4ikestele tootjatele - ilma traditsioonilise CAD-tarkvara keerukuse ja hinnata.","breadcrumb":{"@id":"https:\/\/alibre.ee\/product\/alibre-atom3d\/#breadcrumb"},"inLanguage":"en-US","potentialAction":[{"@type":"ReadAction","target":["https:\/\/alibre.ee\/product\/alibre-atom3d\/"]}]},{"@type":"ImageObject","inLanguage":"en-US","@id":"https:\/\/alibre.ee\/product\/alibre-atom3d\/#primaryimage","url":"https:\/\/alibre.ee\/wp-content\/uploads\/2025\/09\/2019-Atom-1000x1000-1.png","contentUrl":"https:\/\/alibre.ee\/wp-content\/uploads\/2025\/09\/2019-Atom-1000x1000-1.png","width":1000,"height":1000},{"@type":"BreadcrumbList","@id":"https:\/\/alibre.ee\/product\/alibre-atom3d\/#breadcrumb","itemListElement":[{"@type":"ListItem","position":1,"name":"Home","item":"https:\/\/alibre.ee\/"},{"@type":"ListItem","position":2,"name":"Hinnad ja litsentsid","item":"https:\/\/alibre.ee\/hinnad-ja-litsentsid\/"},{"@type":"ListItem","position":3,"name":"Alibre Atom3D"}]},{"@type":"WebSite","@id":"https:\/\/alibre.ee\/#website","url":"https:\/\/alibre.ee\/","name":"Alibre Eesti","description":"Taskukohase hinnaga CAD","publisher":{"@id":"https:\/\/alibre.ee\/#organization"},"alternateName":"alibre","potentialAction":[{"@type":"SearchAction","target":{"@type":"EntryPoint","urlTemplate":"https:\/\/alibre.ee\/?s={search_term_string}"},"query-input":{"@type":"PropertyValueSpecification","valueRequired":true,"valueName":"search_term_string"}}],"inLanguage":"en-US"},{"@type":"Organization","@id":"https:\/\/alibre.ee\/#organization","name":"Alibre CAD Eesti","url":"https:\/\/alibre.ee\/","logo":{"@type":"ImageObject","inLanguage":"en-US","@id":"https:\/\/alibre.ee\/#\/schema\/logo\/image\/","url":"https:\/\/alibre.ee\/wp-content\/uploads\/2025\/08\/Alibre-Logo-forum.svg","contentUrl":"https:\/\/alibre.ee\/wp-content\/uploads\/2025\/08\/Alibre-Logo-forum.svg","width":180,"height":64,"caption":"Alibre CAD Eesti"},"image":{"@id":"https:\/\/alibre.ee\/#\/schema\/logo\/image\/"}}]}},"_links":{"self":[{"href":"https:\/\/alibre.ee\/en\/wp-json\/wp\/v2\/product\/952","targetHints":{"allow":["GET"]}}],"collection":[{"href":"https:\/\/alibre.ee\/en\/wp-json\/wp\/v2\/product"}],"about":[{"href":"https:\/\/alibre.ee\/en\/wp-json\/wp\/v2\/types\/product"}],"wp:featuredmedia":[{"embeddable":true,"href":"https:\/\/alibre.ee\/en\/wp-json\/wp\/v2\/media\/1083"}],"wp:attachment":[{"href":"https:\/\/alibre.ee\/en\/wp-json\/wp\/v2\/media?parent=952"}],"wp:term":[{"taxonomy":"product_brand","embeddable":true,"href":"https:\/\/alibre.ee\/en\/wp-json\/wp\/v2\/product_brand?post=952"},{"taxonomy":"product_cat","embeddable":true,"href":"https:\/\/alibre.ee\/en\/wp-json\/wp\/v2\/product_cat?post=952"},{"taxonomy":"product_tag","embeddable":true,"href":"https:\/\/alibre.ee\/en\/wp-json\/wp\/v2\/product_tag?post=952"}],"curies":[{"name":"wp","href":"https:\/\/api.w.org\/{rel}","templated":true}]}}