{"id":965,"date":"2025-09-21T14:59:20","date_gmt":"2025-09-21T14:59:20","guid":{"rendered":"https:\/\/alibre.ee\/?post_type=product&#038;p=965"},"modified":"2026-04-01T11:30:58","modified_gmt":"2026-04-01T11:30:58","slug":"alibre-design-professional","status":"publish","type":"product","link":"https:\/\/alibre.ee\/en\/product\/alibre-design-professional\/","title":{"rendered":"Alibre Design Professional"},"content":{"rendered":"<p>Alibre Design Professional on terviklik 3D-mehaanilise projekteerimise lahendus, mis on loodud professionaalidele ja t\u00f5sistele harrastajatele, kes soovivad v\u00f5imsaid modelleerimist\u00f6\u00f6riistu ilma p\u00fcsimakseteta.<\/p>\n<p>Looge t\u00e4psed mudelid, koostud ja 2D-tootmisjoonised intuitiivse liidese abil, mis on tuttav k\u00f5igile, kes on kasutanud SolidWorksi v\u00f5i muid suuremaid CAD-s\u00fcsteeme. Alibre Design Professional pakub t\u00f6\u00f6kindlat parameetrilist modelleerimist, koostusid, lehtmetalli t\u00f6\u00f6riistu ja ekspordiv\u00f5imalusi tootmiseks v\u00f5i 3D-printimiseks.<\/p>\n<p>Kas te projekteerite mehaanilisi komponente, tarbekaupu v\u00f5i keerukaid masinaid, Alibre pakub professionaalsete t\u00f6\u00f6voogude jaoks vajalikku t\u00e4psust, usaldusv\u00e4\u00e4rsust ja j\u00f5udlust \u2013 vaid murdosa traditsiooniliste CAD-paketite hinnast.<\/p>\n<p>Sisaldab:<\/p>\n<ul>\n<li>P\u00fcsilitsents (ilma aegumiskuup\u00e4eva v\u00f5i sunduuendusteta)<\/li>\n<li>Valikuline aastane hooldus ja tugi<\/li>\n<li>Populaarsete 3D-vormingute natiivne import\/eksport<\/li>\n<li>Suurep\u00e4rane j\u00f5udlus standardse riistvaraga<\/li>\n<li>30-p\u00e4evane raha tagasi garantii<\/li>\n<\/ul>\n<p>Teostage oma ideed Alibre Design Professionaliga \u2013 professionaalse taseme CAD-programmiga, mis on k\u00e4ttesaadav, taskukohane ja j\u00e4\u00e4b teile igaveseks.<\/p>\n<h4><strong>Erinevad paketid:<\/strong><\/h4>\n<ul>\n<li>Alibre Design Professional \u2013 <del>1220\u20ac<\/del> &#8211; 980\u20ac<\/li>\n<li>Alibre Design Professional + CAM \u2013 1560\u20ac<\/li>\n<li>Alibre Design Professional + 1 aastane hoolduspakett \u2013 <del>1640\u20ac<\/del> &#8211; 1230\u20ac<\/li>\n<li>Alibre Design Professional + CAM + 1 aastane hoolduspakett \u2013 1980\u20ac<\/li>\n<\/ul>\n<p>Litsentsid saadetakse 24 tunni jooksul peale arve tasumist.<\/p>","protected":false},"excerpt":{"rendered":"<p>Alibre Design Professional on v\u00f5imas, kuid taskukohane 3D CAD-tarkvara inseneridele, disaineritele ja tootjatele. See pakub professionaalset tasemel mudelite, koostude ja 2D-jooniste loomist intuitiivse t\u00f6\u00f6vooga, mis sarnaneb SolidWorksiga \u2013 k\u00f5ik \u00fchekordse litsentsi alusel, ilma et oleks vaja tellimust.<\/p>","protected":false},"featured_media":1081,"template":"","meta":[],"product_brand":[],"product_cat":[43],"product_tag":[44,46,45],"class_list":{"0":"post-965","1":"product","2":"type-product","3":"status-publish","4":"has-post-thumbnail","6":"product_cat-alibre","7":"product_tag-alibre","8":"product_tag-atom3d","9":"product_tag-cad","11":"first","12":"instock","13":"shipping-taxable","14":"purchasable","15":"product-type-variable"},"yoast_head":"<!-- This site is optimized with the Yoast SEO plugin v27.0 - https:\/\/yoast.com\/product\/yoast-seo-wordpress\/ -->\n<title>Alibre Design Professional - alibre.ee<\/title>\n<meta name=\"description\" content=\"Alibre Design Professional on professionaalne 3D CAD-tarkvara inseneridele ja disaineritele. Loo t\u00e4pseid mehhaanilisi detaile, koostusi ja jooniseid.\" \/>\n<meta name=\"robots\" content=\"index, follow, max-snippet:-1, max-image-preview:large, max-video-preview:-1\" \/>\n<link rel=\"canonical\" href=\"https:\/\/alibre.ee\/en\/product\/alibre-design-professional\/\" \/>\n<meta property=\"og:locale\" content=\"en_US\" \/>\n<meta property=\"og:type\" content=\"article\" \/>\n<meta property=\"og:title\" content=\"Alibre Design Professional - alibre.ee\" \/>\n<meta property=\"og:description\" content=\"Alibre Design Professional on professionaalne 3D CAD-tarkvara inseneridele ja disaineritele. Loo t\u00e4pseid mehhaanilisi detaile, koostusi ja jooniseid.\" \/>\n<meta property=\"og:url\" content=\"https:\/\/alibre.ee\/en\/product\/alibre-design-professional\/\" \/>\n<meta property=\"og:site_name\" content=\"alibre.ee\" \/>\n<meta property=\"article:modified_time\" content=\"2026-04-01T11:30:58+00:00\" \/>\n<meta property=\"og:image\" content=\"https:\/\/alibre.ee\/wp-content\/uploads\/2025\/09\/2019-Professional-1000x1000-1.png\" \/>\n\t<meta property=\"og:image:width\" content=\"1000\" \/>\n\t<meta property=\"og:image:height\" content=\"1000\" \/>\n\t<meta property=\"og:image:type\" content=\"image\/png\" \/>\n<meta name=\"twitter:card\" content=\"summary_large_image\" \/>\n<meta name=\"twitter:label1\" content=\"Est. reading time\" \/>\n\t<meta name=\"twitter:data1\" content=\"1 minute\" \/>\n<script type=\"application\/ld+json\" class=\"yoast-schema-graph\">{\"@context\":\"https:\/\/schema.org\",\"@graph\":[{\"@type\":\"WebPage\",\"@id\":\"https:\/\/alibre.ee\/product\/alibre-design-professional\/\",\"url\":\"https:\/\/alibre.ee\/product\/alibre-design-professional\/\",\"name\":\"Alibre Design Professional - alibre.ee\",\"isPartOf\":{\"@id\":\"https:\/\/alibre.ee\/#website\"},\"primaryImageOfPage\":{\"@id\":\"https:\/\/alibre.ee\/product\/alibre-design-professional\/#primaryimage\"},\"image\":{\"@id\":\"https:\/\/alibre.ee\/product\/alibre-design-professional\/#primaryimage\"},\"thumbnailUrl\":\"https:\/\/alibre.ee\/wp-content\/uploads\/2025\/09\/2019-Professional-1000x1000-1.png\",\"datePublished\":\"2025-09-21T14:59:20+00:00\",\"dateModified\":\"2026-04-01T11:30:58+00:00\",\"description\":\"Alibre Design Professional on professionaalne 3D CAD-tarkvara inseneridele ja disaineritele. Loo t\u00e4pseid mehhaanilisi detaile, koostusi ja jooniseid.\",\"breadcrumb\":{\"@id\":\"https:\/\/alibre.ee\/product\/alibre-design-professional\/#breadcrumb\"},\"inLanguage\":\"en-US\",\"potentialAction\":[{\"@type\":\"ReadAction\",\"target\":[\"https:\/\/alibre.ee\/product\/alibre-design-professional\/\"]}]},{\"@type\":\"ImageObject\",\"inLanguage\":\"en-US\",\"@id\":\"https:\/\/alibre.ee\/product\/alibre-design-professional\/#primaryimage\",\"url\":\"https:\/\/alibre.ee\/wp-content\/uploads\/2025\/09\/2019-Professional-1000x1000-1.png\",\"contentUrl\":\"https:\/\/alibre.ee\/wp-content\/uploads\/2025\/09\/2019-Professional-1000x1000-1.png\",\"width\":1000,\"height\":1000},{\"@type\":\"BreadcrumbList\",\"@id\":\"https:\/\/alibre.ee\/product\/alibre-design-professional\/#breadcrumb\",\"itemListElement\":[{\"@type\":\"ListItem\",\"position\":1,\"name\":\"Home\",\"item\":\"https:\/\/alibre.ee\/\"},{\"@type\":\"ListItem\",\"position\":2,\"name\":\"Hinnad ja litsentsid\",\"item\":\"https:\/\/alibre.ee\/hinnad-ja-litsentsid\/\"},{\"@type\":\"ListItem\",\"position\":3,\"name\":\"Alibre Design Professional\"}]},{\"@type\":\"WebSite\",\"@id\":\"https:\/\/alibre.ee\/#website\",\"url\":\"https:\/\/alibre.ee\/\",\"name\":\"Alibre Eesti\",\"description\":\"Taskukohase hinnaga CAD\",\"publisher\":{\"@id\":\"https:\/\/alibre.ee\/#organization\"},\"alternateName\":\"alibre\",\"potentialAction\":[{\"@type\":\"SearchAction\",\"target\":{\"@type\":\"EntryPoint\",\"urlTemplate\":\"https:\/\/alibre.ee\/?s={search_term_string}\"},\"query-input\":{\"@type\":\"PropertyValueSpecification\",\"valueRequired\":true,\"valueName\":\"search_term_string\"}}],\"inLanguage\":\"en-US\"},{\"@type\":\"Organization\",\"@id\":\"https:\/\/alibre.ee\/#organization\",\"name\":\"Alibre CAD Eesti\",\"url\":\"https:\/\/alibre.ee\/\",\"logo\":{\"@type\":\"ImageObject\",\"inLanguage\":\"en-US\",\"@id\":\"https:\/\/alibre.ee\/#\/schema\/logo\/image\/\",\"url\":\"https:\/\/alibre.ee\/wp-content\/uploads\/2025\/08\/Alibre-Logo-forum.svg\",\"contentUrl\":\"https:\/\/alibre.ee\/wp-content\/uploads\/2025\/08\/Alibre-Logo-forum.svg\",\"width\":180,\"height\":64,\"caption\":\"Alibre CAD Eesti\"},\"image\":{\"@id\":\"https:\/\/alibre.ee\/#\/schema\/logo\/image\/\"}}]}<\/script>\n<!-- \/ Yoast SEO plugin. -->","yoast_head_json":{"title":"Alibre Design Professional - alibre.ee","description":"Alibre Design Professional on professionaalne 3D CAD-tarkvara inseneridele ja disaineritele. Loo t\u00e4pseid mehhaanilisi detaile, koostusi ja jooniseid.","robots":{"index":"index","follow":"follow","max-snippet":"max-snippet:-1","max-image-preview":"max-image-preview:large","max-video-preview":"max-video-preview:-1"},"canonical":"https:\/\/alibre.ee\/en\/product\/alibre-design-professional\/","og_locale":"en_US","og_type":"article","og_title":"Alibre Design Professional - alibre.ee","og_description":"Alibre Design Professional on professionaalne 3D CAD-tarkvara inseneridele ja disaineritele. Loo t\u00e4pseid mehhaanilisi detaile, koostusi ja jooniseid.","og_url":"https:\/\/alibre.ee\/en\/product\/alibre-design-professional\/","og_site_name":"alibre.ee","article_modified_time":"2026-04-01T11:30:58+00:00","og_image":[{"width":1000,"height":1000,"url":"https:\/\/alibre.ee\/wp-content\/uploads\/2025\/09\/2019-Professional-1000x1000-1.png","type":"image\/png"}],"twitter_card":"summary_large_image","twitter_misc":{"Est. reading time":"1 minute"},"schema":{"@context":"https:\/\/schema.org","@graph":[{"@type":"WebPage","@id":"https:\/\/alibre.ee\/product\/alibre-design-professional\/","url":"https:\/\/alibre.ee\/product\/alibre-design-professional\/","name":"Alibre Design Professional - alibre.ee","isPartOf":{"@id":"https:\/\/alibre.ee\/#website"},"primaryImageOfPage":{"@id":"https:\/\/alibre.ee\/product\/alibre-design-professional\/#primaryimage"},"image":{"@id":"https:\/\/alibre.ee\/product\/alibre-design-professional\/#primaryimage"},"thumbnailUrl":"https:\/\/alibre.ee\/wp-content\/uploads\/2025\/09\/2019-Professional-1000x1000-1.png","datePublished":"2025-09-21T14:59:20+00:00","dateModified":"2026-04-01T11:30:58+00:00","description":"Alibre Design Professional on professionaalne 3D CAD-tarkvara inseneridele ja disaineritele. Loo t\u00e4pseid mehhaanilisi detaile, koostusi ja jooniseid.","breadcrumb":{"@id":"https:\/\/alibre.ee\/product\/alibre-design-professional\/#breadcrumb"},"inLanguage":"en-US","potentialAction":[{"@type":"ReadAction","target":["https:\/\/alibre.ee\/product\/alibre-design-professional\/"]}]},{"@type":"ImageObject","inLanguage":"en-US","@id":"https:\/\/alibre.ee\/product\/alibre-design-professional\/#primaryimage","url":"https:\/\/alibre.ee\/wp-content\/uploads\/2025\/09\/2019-Professional-1000x1000-1.png","contentUrl":"https:\/\/alibre.ee\/wp-content\/uploads\/2025\/09\/2019-Professional-1000x1000-1.png","width":1000,"height":1000},{"@type":"BreadcrumbList","@id":"https:\/\/alibre.ee\/product\/alibre-design-professional\/#breadcrumb","itemListElement":[{"@type":"ListItem","position":1,"name":"Home","item":"https:\/\/alibre.ee\/"},{"@type":"ListItem","position":2,"name":"Hinnad ja litsentsid","item":"https:\/\/alibre.ee\/hinnad-ja-litsentsid\/"},{"@type":"ListItem","position":3,"name":"Alibre Design Professional"}]},{"@type":"WebSite","@id":"https:\/\/alibre.ee\/#website","url":"https:\/\/alibre.ee\/","name":"Alibre Eesti","description":"Taskukohase hinnaga CAD","publisher":{"@id":"https:\/\/alibre.ee\/#organization"},"alternateName":"alibre","potentialAction":[{"@type":"SearchAction","target":{"@type":"EntryPoint","urlTemplate":"https:\/\/alibre.ee\/?s={search_term_string}"},"query-input":{"@type":"PropertyValueSpecification","valueRequired":true,"valueName":"search_term_string"}}],"inLanguage":"en-US"},{"@type":"Organization","@id":"https:\/\/alibre.ee\/#organization","name":"Alibre CAD Eesti","url":"https:\/\/alibre.ee\/","logo":{"@type":"ImageObject","inLanguage":"en-US","@id":"https:\/\/alibre.ee\/#\/schema\/logo\/image\/","url":"https:\/\/alibre.ee\/wp-content\/uploads\/2025\/08\/Alibre-Logo-forum.svg","contentUrl":"https:\/\/alibre.ee\/wp-content\/uploads\/2025\/08\/Alibre-Logo-forum.svg","width":180,"height":64,"caption":"Alibre CAD Eesti"},"image":{"@id":"https:\/\/alibre.ee\/#\/schema\/logo\/image\/"}}]}},"_links":{"self":[{"href":"https:\/\/alibre.ee\/en\/wp-json\/wp\/v2\/product\/965","targetHints":{"allow":["GET"]}}],"collection":[{"href":"https:\/\/alibre.ee\/en\/wp-json\/wp\/v2\/product"}],"about":[{"href":"https:\/\/alibre.ee\/en\/wp-json\/wp\/v2\/types\/product"}],"wp:featuredmedia":[{"embeddable":true,"href":"https:\/\/alibre.ee\/en\/wp-json\/wp\/v2\/media\/1081"}],"wp:attachment":[{"href":"https:\/\/alibre.ee\/en\/wp-json\/wp\/v2\/media?parent=965"}],"wp:term":[{"taxonomy":"product_brand","embeddable":true,"href":"https:\/\/alibre.ee\/en\/wp-json\/wp\/v2\/product_brand?post=965"},{"taxonomy":"product_cat","embeddable":true,"href":"https:\/\/alibre.ee\/en\/wp-json\/wp\/v2\/product_cat?post=965"},{"taxonomy":"product_tag","embeddable":true,"href":"https:\/\/alibre.ee\/en\/wp-json\/wp\/v2\/product_tag?post=965"}],"curies":[{"name":"wp","href":"https:\/\/api.w.org\/{rel}","templated":true}]}}